{"id":201003,"date":"2025-03-20T16:15:57","date_gmt":"2025-03-20T16:15:57","guid":{"rendered":"https:\/\/aromasentia.com\/product\/ac-fairy-dust-500g-rhubarb\/"},"modified":"2025-06-22T03:33:32","modified_gmt":"2025-06-22T03:33:32","slug":"ac-fairy-dust-500g-rabarber","status":"publish","type":"product","link":"https:\/\/aromasentia.com\/da\/ac-fairy-dust-500g-rabarber\/","title":{"rendered":"A&#038;C Fairy Dust 500g &#8211; Rabarber"},"content":{"rendered":"<p>Tilf\u00f8j et strejf af magi til badetiden med A&#038;C Fairy Dust i rabarberduft. Dette fortryllende badest\u00f8v p\u00e5 500 g forvandler et almindeligt bad til en funklende, velduftende oplevelse. Drys det blot i varmt vand, og se, hvordan det sprudler og frigiver den dejligt syrlige og s\u00f8de duft af friske rabarber, m\u00e5ske med et strejf af glimmer. Det bl\u00f8dg\u00f8r vandet og efterlader huden silkebl\u00f8d, hvilket g\u00f8r hvert bad til en finurlig flugt fuld af levende farver og f\u00e6ngslende dufte.<\/p>\n","protected":false},"excerpt":{"rendered":"<p>Tilf\u00f8j et strejf af magi til badetiden med A&#038;C Fairy Dust i rabarberduft. Dette fortryllende badest\u00f8v p\u00e5 500 g forvandler et almindeligt bad til en funklende, velduftende oplevelse. Drys det blot i varmt vand, og se, hvordan det sprudler og frigiver den dejligt syrlige og s\u00f8de duft af friske rabarber, m\u00e5ske med et strejf af [&hellip;]<\/p>\n","protected":false},"featured_media":271860,"comment_status":"closed","ping_status":"open","template":"","meta":{"_angie_page":false},"product_brand":[27084],"product_cat":[6994,7131],"product_tag":[],"class_list":{"0":"post-201003","1":"product","2":"type-product","3":"status-publish","4":"has-post-thumbnail","6":"product_brand-agnes-and-cat","7":"product_cat-bad-og-bruser","8":"product_cat-badesalt","9":"pa_collection-ac-fairy-dust-500g-da","10":"pa_made-in-storbritannien","11":"pa_size-500g","13":"first","14":"instock","15":"purchasable","16":"product-type-simple"},"supplier_id":null,"supplier_sku":"ACFD-01DS","barcode":null,"atum_controlled":true,"out_stock_date":null,"out_stock_threshold":null,"inheritable":false,"inbound_stock":null,"stock_on_hold":0,"sold_today":0,"sales_last_days":0,"reserved_stock":null,"customer_returns":null,"warehouse_damage":null,"lost_in_post":null,"other_logs":null,"out_stock_days":0,"lost_sales":0,"has_location":null,"update_date":"2026-04-27T06:49:08","atum_locations":[],"atum_stock_status":"instock","restock_status":false,"low_stock_amount":"","sales_update_date":"2026-01-30T01:25:58","calc_backorders":null,"_links":{"self":[{"href":"https:\/\/aromasentia.com\/da\/wp-json\/wp\/v2\/product\/201003","targetHints":{"allow":["GET"]}}],"collection":[{"href":"https:\/\/aromasentia.com\/da\/wp-json\/wp\/v2\/product"}],"about":[{"href":"https:\/\/aromasentia.com\/da\/wp-json\/wp\/v2\/types\/product"}],"replies":[{"embeddable":true,"href":"https:\/\/aromasentia.com\/da\/wp-json\/wp\/v2\/comments?post=201003"}],"version-history":[{"count":0,"href":"https:\/\/aromasentia.com\/da\/wp-json\/wp\/v2\/product\/201003\/revisions"}],"wp:featuredmedia":[{"embeddable":true,"href":"https:\/\/aromasentia.com\/da\/wp-json\/wp\/v2\/media\/271860"}],"wp:attachment":[{"href":"https:\/\/aromasentia.com\/da\/wp-json\/wp\/v2\/media?parent=201003"}],"wp:term":[{"taxonomy":"product_brand","embeddable":true,"href":"https:\/\/aromasentia.com\/da\/wp-json\/wp\/v2\/product_brand?post=201003"},{"taxonomy":"product_cat","embeddable":true,"href":"https:\/\/aromasentia.com\/da\/wp-json\/wp\/v2\/product_cat?post=201003"},{"taxonomy":"product_tag","embeddable":true,"href":"https:\/\/aromasentia.com\/da\/wp-json\/wp\/v2\/product_tag?post=201003"}],"curies":[{"name":"wp","href":"https:\/\/api.w.org\/{rel}","templated":true}]}}