{"id":200979,"date":"2025-03-20T16:17:57","date_gmt":"2025-03-20T16:17:57","guid":{"rendered":"https:\/\/aromasentia.com\/product\/pack-of-500g-bath-salt-tea-tree-lime\/"},"modified":"2025-06-22T03:33:19","modified_gmt":"2025-06-22T03:33:19","slug":"500g-badesalt-tea-tree-lime","status":"publish","type":"product","link":"https:\/\/aromasentia.com\/da\/500g-badesalt-tea-tree-lime\/","title":{"rendered":"500g Badesalt -Tea Tree &#038; Lime"},"content":{"rendered":"<p><span style=\"color: rgb(75, 80, 88);\">Pr\u00e6senterer uparfumeret <strong>Himalayan tea tree &#038; Lime Badesalt!<\/strong><\/span><\/p>\n<p><span style=\"color: rgb(75, 80, 88);\"><strong>Giv din badeoplevelse et nyt look:<\/strong><\/span><\/p>\n<p><span style=\"color: rgb(75, 80, 88);\">Fordyb dig i den rene essens af Himalayasalt, beriget med 100% rene \u00e6teriske olier fra tea tree og lime, suppleret med k\u00e6mpenatlysolie.<\/span><\/p>\n<p><span style=\"color: rgb(75, 80, 88);\"><strong>Forfrisk og genoplad:<\/strong><\/span><\/p>\n<p><span style=\"color: rgb(75, 80, 88);\">Lad den forfriskende duft af \u00e6teriske olier fra tea tree og lime rense dit sind og genoplade din energi, mens du slapper af i badekarret. Tea tree-oliens antibakterielle og antiinflammatoriske egenskaber kan bidrage til at opretholde en klar og sund hud.<\/span><\/p>\n<p><span style=\"color: rgb(75, 80, 88);\"><strong>Omfavn den opl\u00f8ftende aromaterapi:<\/strong><\/span><\/p>\n<p><span style=\"color: rgb(75, 80, 88);\">Lad den hum\u00f8rl\u00f8ftende aroma l\u00f8fte dit hum\u00f8r og forynge dine sanser, hvilket skaber en revitaliserende badeoplevelse.<\/span><\/p>\n<p><span style=\"color: rgb(75, 80, 88);\"><strong>En tidl\u00f8s tradition:<\/strong><\/span><\/p>\n<p><span style=\"color: rgb(75, 80, 88);\">Omfavn den gamle visdom om saltbade, der har v\u00e6ret v\u00e6rdsat for deres bem\u00e6rkelsesv\u00e6rdige sundhedsm\u00e6ssige fordele siden det antikke Gr\u00e6kenlands dage. <strong>500g poserne<\/strong> med badesalte leveres elegant pakket i en \u00e6ske, komplet med en praktisk tr\u00e6ske til pr\u00e6cise m\u00e5linger, hvilket g\u00f8r dem til en bet\u00e6nksom gave til enhver lejlighed.<\/span><\/p>\n<p><span style=\"color: rgb(75, 80, 88);\"><strong>Enkel fork\u00e6lelse:<\/strong><\/span><\/p>\n<p><span style=\"color: rgb(75, 80, 88);\">Opn\u00e5 en spa-lignende oplevelse i dit eget hjem. <strong>Tils\u00e6t blot to skefulde af vores badesalte til dit bad, lad dem opl\u00f8ses, og lad afslapningen begynde.<\/strong><\/span><\/p>\n<p><span style=\"color: rgb(75, 80, 88);\"><strong>Milj\u00f8bevidst bem\u00e6rkning:<\/strong><\/span><\/p>\n<p><span style=\"color: rgb(75, 80, 88);\">V\u00e6r opm\u00e6rksom p\u00e5, at selvom vi str\u00e6ber efter at levere kvalitetsprodukter, er posen i \u00e6sken, der indeholder saltene, lavet af plastik, hvilket g\u00f8r dette produkt <strong>ikke helt plastikfrit.<\/strong><\/span><\/p>\n<p><span style=\"color: rgb(75, 80, 88);\">Forbedr din selvplejerutine med vores <strong>Energizing Tea Tree &amp; Lime Badesaltblanding.<\/strong><\/span> <\/p>\n<p><span style=\"color: rgb(75, 80, 88);\"><strong>Begiv dig ud p\u00e5 en rejse mod sundere og mere str\u00e5lende hud.<\/strong><\/span><\/p>\n","protected":false},"excerpt":{"rendered":"<p>Pr\u00e6senterer uparfumeret Himalayan tea tree &#038; Lime Badesalt! Giv din badeoplevelse et nyt look: Fordyb dig i den rene essens af Himalayasalt, beriget med 100% rene \u00e6teriske olier fra tea tree og lime, suppleret med k\u00e6mpenatlysolie. Forfrisk og genoplad: Lad den forfriskende duft af \u00e6teriske olier fra tea tree og lime rense dit sind og [&hellip;]<\/p>\n","protected":false},"featured_media":272860,"comment_status":"closed","ping_status":"open","template":"","meta":{"_angie_page":false},"product_brand":[27084],"product_cat":[6994,7131,26816,25839,25962,26865,25994],"product_tag":[],"class_list":{"0":"post-200979","1":"product","2":"type-product","3":"status-publish","4":"has-post-thumbnail","6":"product_brand-agnes-and-cat","7":"product_cat-bad-og-bruser","8":"product_cat-badesalt","9":"product_cat-citrus","10":"product_cat-dufte-aromaer","11":"product_cat-lime","12":"product_cat-medicinsk-kamferagtig","13":"product_cat-tea-tree-tetrae","14":"pa_collection-ac-bath-salts-500g-da","15":"pa_made-in-storbritannien","16":"pa_size-500g","18":"first","19":"instock","20":"purchasable","21":"product-type-simple"},"supplier_id":null,"supplier_sku":"ACSalt-08DS","barcode":null,"atum_controlled":true,"out_stock_date":null,"out_stock_threshold":null,"inheritable":false,"inbound_stock":null,"stock_on_hold":0,"sold_today":0,"sales_last_days":0,"reserved_stock":null,"customer_returns":null,"warehouse_damage":null,"lost_in_post":null,"other_logs":null,"out_stock_days":0,"lost_sales":0,"has_location":null,"update_date":"2026-04-29T05:08:47","atum_locations":[],"atum_stock_status":"instock","restock_status":false,"low_stock_amount":"","sales_update_date":"2025-10-09T03:23:09","calc_backorders":null,"_links":{"self":[{"href":"https:\/\/aromasentia.com\/da\/wp-json\/wp\/v2\/product\/200979","targetHints":{"allow":["GET"]}}],"collection":[{"href":"https:\/\/aromasentia.com\/da\/wp-json\/wp\/v2\/product"}],"about":[{"href":"https:\/\/aromasentia.com\/da\/wp-json\/wp\/v2\/types\/product"}],"replies":[{"embeddable":true,"href":"https:\/\/aromasentia.com\/da\/wp-json\/wp\/v2\/comments?post=200979"}],"version-history":[{"count":0,"href":"https:\/\/aromasentia.com\/da\/wp-json\/wp\/v2\/product\/200979\/revisions"}],"wp:featuredmedia":[{"embeddable":true,"href":"https:\/\/aromasentia.com\/da\/wp-json\/wp\/v2\/media\/272860"}],"wp:attachment":[{"href":"https:\/\/aromasentia.com\/da\/wp-json\/wp\/v2\/media?parent=200979"}],"wp:term":[{"taxonomy":"product_brand","embeddable":true,"href":"https:\/\/aromasentia.com\/da\/wp-json\/wp\/v2\/product_brand?post=200979"},{"taxonomy":"product_cat","embeddable":true,"href":"https:\/\/aromasentia.com\/da\/wp-json\/wp\/v2\/product_cat?post=200979"},{"taxonomy":"product_tag","embeddable":true,"href":"https:\/\/aromasentia.com\/da\/wp-json\/wp\/v2\/product_tag?post=200979"}],"curies":[{"name":"wp","href":"https:\/\/api.w.org\/{rel}","templated":true}]}}