{"id":200978,"date":"2025-03-20T16:17:57","date_gmt":"2025-03-20T16:17:57","guid":{"rendered":"https:\/\/aromasentia.com\/product\/pack-of-500g-bath-salt-grapefruit-geranium\/"},"modified":"2025-06-22T03:33:18","modified_gmt":"2025-06-22T03:33:18","slug":"500g-badesalt-grapefrugt-geranium","status":"publish","type":"product","link":"https:\/\/aromasentia.com\/da\/500g-badesalt-grapefrugt-geranium\/","title":{"rendered":"500g Badesalt &#8211; Grapefrugt &#038; Geranium"},"content":{"rendered":"<p><span style=\"color: rgb(75, 80, 88);\">Pr\u00e6senterer uparfumeret Himalaya <strong>grapefrugt &#038; Geranium badesalt!<\/strong><\/span><\/p>\n<p><span style=\"color: rgb(75, 80, 88);\"><strong>Giv din badeoplevelse et nyt look:<\/strong><\/span><\/p>\n<p><span style=\"color: rgb(75, 80, 88);\">Fordyb dig i den mineralrige omfavnelse af Himalayasalt, blandet med 100% ren grapefrugt- og geraniumolier, forst\u00e6rket med n\u00e6rende E-vitaminolie og beroligende kamilleblomster.<\/span><\/p>\n<p><span style=\"color: rgb(75, 80, 88);\"><strong>Forny og genskab balancen:<\/strong><\/span><\/p>\n<p><span style=\"color: rgb(75, 80, 88);\">V\u00e6k dine sanser med den forfriskende duft af grapefrugt- og geraniumolier, der er kendt for deres antibakterielle og antioxidante egenskaber. Denne saltblanding kan blive det perfekte supplement til dit daglige baderitual, da den fornyer din hud og giver en f\u00f8lelse af balance og ro til din krop og sind.<\/span><\/p>\n<p><span style=\"color: rgb(75, 80, 88);\"><strong>Omfavn den forfriskende aromaterapi:<\/strong><\/span><\/p>\n<p><span style=\"color: rgb(75, 80, 88);\">Lad den revitaliserende aroma f\u00f8re dig til en tilstand af foryngelse og velv\u00e6re, mens du fordyber dig i dagens bekymringer.<\/span><\/p>\n<p><span style=\"color: rgb(75, 80, 88);\"><strong>En tidl\u00f8s tradition:<\/strong><\/span><\/p>\n<p><span style=\"color: rgb(75, 80, 88);\">Omfavn den gamle visdom om saltbade, der har v\u00e6ret v\u00e6rdsat for deres bem\u00e6rkelsesv\u00e6rdige sundhedsm\u00e6ssige fordele siden det antikke Gr\u00e6kenlands dage. <strong>500g poserne<\/strong> med badesalte leveres elegant pakket i en \u00e6ske, komplet med en praktisk tr\u00e6ske til pr\u00e6cise m\u00e5linger, hvilket g\u00f8r dem til en bet\u00e6nksom gave til enhver lejlighed.<\/span><\/p>\n<p><span style=\"color: rgb(75, 80, 88);\"><strong>Enkel fork\u00e6lelse:<\/strong><\/span><\/p>\n<p><span style=\"color: rgb(75, 80, 88);\">Opn\u00e5 en spa-lignende oplevelse i dit eget hjem. <strong>Tils\u00e6t blot to skefulde af vores badesalte til dit bad, lad dem opl\u00f8ses, og lad afslapningen begynde.<\/strong><\/span><\/p>\n<p><span style=\"color: rgb(75, 80, 88);\"><strong>Milj\u00f8bevidst bem\u00e6rkning:<\/strong><\/span><\/p>\n<p><span style=\"color: rgb(75, 80, 88);\">V\u00e6r opm\u00e6rksom p\u00e5, at selvom vi str\u00e6ber efter at levere kvalitetsprodukter, er posen i \u00e6sken, der indeholder saltene, lavet af plastik, hvilket g\u00f8r dette produkt <strong>ikke helt plastikfrit.<\/strong><\/span><\/p>\n<p><span style=\"color: rgb(75, 80, 88);\">L\u00f8ft din selvplejerutine med vores Revitaliserende<\/span><strong><span style=\"color: rgb(75, 80, 88);\">Grapefrugt &#038; Blanding af geraniumbadesalt.<\/span><\/strong><\/p>\n<p><span style=\"color: rgb(75, 80, 88);\"><strong>Begiv dig ud p\u00e5 en rejse mod sundere og mere str\u00e5lende hud.<\/strong><\/span><\/p>\n","protected":false},"excerpt":{"rendered":"<p>Pr\u00e6senterer uparfumeret Himalaya grapefrugt &#038; Geranium badesalt! Giv din badeoplevelse et nyt look: Fordyb dig i den mineralrige omfavnelse af Himalayasalt, blandet med 100% ren grapefrugt- og geraniumolier, forst\u00e6rket med n\u00e6rende E-vitaminolie og beroligende kamilleblomster. Forny og genskab balancen: V\u00e6k dine sanser med den forfriskende duft af grapefrugt- og geraniumolier, der er kendt for deres [&hellip;]<\/p>\n","protected":false},"featured_media":272851,"comment_status":"closed","ping_status":"open","template":"","meta":{"_angie_page":false},"product_brand":[27084],"product_cat":[6994,7131,26830,26816,25839,25948,25950],"product_tag":[],"class_list":{"0":"post-200978","1":"product","2":"type-product","3":"status-publish","4":"has-post-thumbnail","6":"product_brand-agnes-and-cat","7":"product_cat-bad-og-bruser","8":"product_cat-badesalt","9":"product_cat-blomster","10":"product_cat-citrus","11":"product_cat-dufte-aromaer","12":"product_cat-geranium","13":"product_cat-grapefrugt","14":"pa_collection-ac-bath-salts-500g-da","15":"pa_made-in-storbritannien","16":"pa_size-500g","18":"first","19":"instock","20":"purchasable","21":"product-type-simple"},"supplier_id":null,"supplier_sku":"ACSalt-07DS","barcode":null,"atum_controlled":true,"out_stock_date":null,"out_stock_threshold":null,"inheritable":false,"inbound_stock":null,"stock_on_hold":0,"sold_today":0,"sales_last_days":0,"reserved_stock":null,"customer_returns":null,"warehouse_damage":null,"lost_in_post":null,"other_logs":null,"out_stock_days":0,"lost_sales":0,"has_location":null,"update_date":"2026-04-27T06:50:12","atum_locations":[],"atum_stock_status":"instock","restock_status":false,"low_stock_amount":"","sales_update_date":"2025-10-09T03:23:09","calc_backorders":null,"_links":{"self":[{"href":"https:\/\/aromasentia.com\/da\/wp-json\/wp\/v2\/product\/200978","targetHints":{"allow":["GET"]}}],"collection":[{"href":"https:\/\/aromasentia.com\/da\/wp-json\/wp\/v2\/product"}],"about":[{"href":"https:\/\/aromasentia.com\/da\/wp-json\/wp\/v2\/types\/product"}],"replies":[{"embeddable":true,"href":"https:\/\/aromasentia.com\/da\/wp-json\/wp\/v2\/comments?post=200978"}],"version-history":[{"count":0,"href":"https:\/\/aromasentia.com\/da\/wp-json\/wp\/v2\/product\/200978\/revisions"}],"wp:featuredmedia":[{"embeddable":true,"href":"https:\/\/aromasentia.com\/da\/wp-json\/wp\/v2\/media\/272851"}],"wp:attachment":[{"href":"https:\/\/aromasentia.com\/da\/wp-json\/wp\/v2\/media?parent=200978"}],"wp:term":[{"taxonomy":"product_brand","embeddable":true,"href":"https:\/\/aromasentia.com\/da\/wp-json\/wp\/v2\/product_brand?post=200978"},{"taxonomy":"product_cat","embeddable":true,"href":"https:\/\/aromasentia.com\/da\/wp-json\/wp\/v2\/product_cat?post=200978"},{"taxonomy":"product_tag","embeddable":true,"href":"https:\/\/aromasentia.com\/da\/wp-json\/wp\/v2\/product_tag?post=200978"}],"curies":[{"name":"wp","href":"https:\/\/api.w.org\/{rel}","templated":true}]}}