{"id":200977,"date":"2025-03-20T16:17:57","date_gmt":"2025-03-20T16:17:57","guid":{"rendered":"https:\/\/aromasentia.com\/product\/pack-of-500g-bath-salt-lemon-ginger-orange\/"},"modified":"2025-06-22T03:33:18","modified_gmt":"2025-06-22T03:33:18","slug":"500g-badesalt-citron-ingefaer-og-appelsin","status":"publish","type":"product","link":"https:\/\/aromasentia.com\/da\/500g-badesalt-citron-ingefaer-og-appelsin\/","title":{"rendered":"500g Badesalt &#8211; Citron, Ingef\u00e6r Og Appelsin"},"content":{"rendered":"<p><span style=\"color: rgb(75, 80, 88);\">Vi pr\u00e6senterer uparfumeret Himalayasalt tilsat <strong>100% rene \u00e6teriske olier af citron, ingef\u00e6r og appelsin med avocadoolie og morgenfrueblomster. !&nbsp;<\/strong><\/span><\/p>\n<p><span style=\"color: rgb(75, 80, 88);\"><strong>Giv din badeoplevelse et nyt look:<\/strong><\/span><\/p>\n<p><span style=\"color: rgb(75, 80, 88);\">Fordyb dig i den revitaliserende blanding af Himalayasalt, tilsat 100% ren citron-, ingef\u00e6r- og appelsin\u00e6terisk olie, beriget med n\u00e6rende avocadoolie og duftende morgenfrueblomster.<\/span><\/p>\n<p><span style=\"color: rgb(75, 80, 88);\"><strong>Genopliv og foryng:<\/strong><\/span><\/p>\n<p><span style=\"color: rgb(75, 80, 88);\">Oplev de opl\u00f8ftende fordele ved denne aromatiske saltblanding. Den kan hj\u00e6lpe med at lindre angst, forbedre dit hum\u00f8r og fremme sund, gl\u00f8dende hud. En aftensbadning i denne forfriskende blanding vil efterlade dig med en f\u00f8lelse af fuldt genopladet og styrke om morgenen.<\/span><\/p>\n<p><span style=\"color: rgb(75, 80, 88);\"><strong>Omfavn den friske aromaterapi:<\/strong><\/span><\/p>\n<p><span style=\"color: rgb(75, 80, 88);\">Lad den friske aroma transportere dig til en tilstand af revitalisering og velv\u00e6re, mens du suger dagens stress v\u00e6k.<\/span><\/p>\n<p><span style=\"color: rgb(75, 80, 88);\"><strong>En tidl\u00f8s tradition:<\/strong><\/span><\/p>\n<p><span style=\"color: rgb(75, 80, 88);\">Omfavn den gamle visdom om saltbade, der har v\u00e6ret v\u00e6rdsat for deres bem\u00e6rkelsesv\u00e6rdige sundhedsm\u00e6ssige fordele siden det antikke Gr\u00e6kenlands dage. <strong>500g poserne<\/strong> med badesalte leveres elegant pakket i en \u00e6ske, komplet med en praktisk tr\u00e6ske til pr\u00e6cise m\u00e5linger, hvilket g\u00f8r dem til en bet\u00e6nksom gave til enhver lejlighed.<\/span><\/p>\n<p><span style=\"color: rgb(75, 80, 88);\"><strong>Enkel fork\u00e6lelse:<\/strong><\/span><\/p>\n<p><span style=\"color: rgb(75, 80, 88);\">Opn\u00e5 en spa-lignende oplevelse i dit eget hjem. <strong>Tils\u00e6t blot to skefulde af vores badesalte til dit bad, lad dem opl\u00f8ses, og lad afslapningen begynde.<\/strong><\/span><\/p>\n<p><span style=\"color: rgb(75, 80, 88);\"><strong>Milj\u00f8bevidst bem\u00e6rkning:<\/strong><\/span><\/p>\n<p><span style=\"color: rgb(75, 80, 88);\">V\u00e6r opm\u00e6rksom p\u00e5, at selvom vi str\u00e6ber efter at levere kvalitetsprodukter, er posen i \u00e6sken, der indeholder saltene, lavet af plastik, hvilket g\u00f8r dette produkt <strong>ikke helt plastikfrit.<\/strong><\/span><\/p>\n<p>Forbedr din selvplejerutine med vores forfriskende<strong>&nbsp;<\/strong><strong>Citron, Ingef\u00e6r &#038; Orange <\/strong><strong><strong>Badesaltblanding.<\/strong><\/strong><\/p>\n<p><span style=\"color: rgb(75, 80, 88);\"><strong>Begiv dig ud p\u00e5 en rejse mod sundere og mere str\u00e5lende hud.<\/strong><\/span><\/p>\n","protected":false},"excerpt":{"rendered":"<p>Vi pr\u00e6senterer uparfumeret Himalayasalt tilsat 100% rene \u00e6teriske olier af citron, ingef\u00e6r og appelsin med avocadoolie og morgenfrueblomster. !&nbsp; Giv din badeoplevelse et nyt look: Fordyb dig i den revitaliserende blanding af Himalayasalt, tilsat 100% ren citron-, ingef\u00e6r- og appelsin\u00e6terisk olie, beriget med n\u00e6rende avocadoolie og duftende morgenfrueblomster. Genopliv og foryng: Oplev de opl\u00f8ftende fordele [&hellip;]<\/p>\n","protected":false},"featured_media":272842,"comment_status":"closed","ping_status":"open","template":"","meta":{"_angie_page":false},"product_brand":[27084],"product_cat":[25972,6994,7131,25958,26816,25839,25949,26886],"product_tag":[],"class_list":{"0":"post-200977","1":"product","2":"type-product","3":"status-publish","4":"has-post-thumbnail","6":"product_brand-agnes-and-cat","7":"product_cat-appelsin","8":"product_cat-bad-og-bruser","9":"product_cat-badesalt","10":"product_cat-citron","11":"product_cat-citrus","12":"product_cat-dufte-aromaer","13":"product_cat-ingefaer-dufte-aromaer","14":"product_cat-krydret","15":"pa_collection-ac-bath-salts-500g-da","16":"pa_made-in-storbritannien","17":"pa_size-500g","19":"first","20":"instock","21":"purchasable","22":"product-type-simple"},"supplier_id":null,"supplier_sku":"ACSalt-06DS","barcode":null,"atum_controlled":true,"out_stock_date":null,"out_stock_threshold":null,"inheritable":false,"inbound_stock":null,"stock_on_hold":0,"sold_today":0,"sales_last_days":0,"reserved_stock":null,"customer_returns":null,"warehouse_damage":null,"lost_in_post":null,"other_logs":null,"out_stock_days":0,"lost_sales":0,"has_location":null,"update_date":"2026-04-27T06:50:12","atum_locations":[],"atum_stock_status":"instock","restock_status":false,"low_stock_amount":"","sales_update_date":"2025-10-09T03:23:09","calc_backorders":null,"_links":{"self":[{"href":"https:\/\/aromasentia.com\/da\/wp-json\/wp\/v2\/product\/200977","targetHints":{"allow":["GET"]}}],"collection":[{"href":"https:\/\/aromasentia.com\/da\/wp-json\/wp\/v2\/product"}],"about":[{"href":"https:\/\/aromasentia.com\/da\/wp-json\/wp\/v2\/types\/product"}],"replies":[{"embeddable":true,"href":"https:\/\/aromasentia.com\/da\/wp-json\/wp\/v2\/comments?post=200977"}],"version-history":[{"count":0,"href":"https:\/\/aromasentia.com\/da\/wp-json\/wp\/v2\/product\/200977\/revisions"}],"wp:featuredmedia":[{"embeddable":true,"href":"https:\/\/aromasentia.com\/da\/wp-json\/wp\/v2\/media\/272842"}],"wp:attachment":[{"href":"https:\/\/aromasentia.com\/da\/wp-json\/wp\/v2\/media?parent=200977"}],"wp:term":[{"taxonomy":"product_brand","embeddable":true,"href":"https:\/\/aromasentia.com\/da\/wp-json\/wp\/v2\/product_brand?post=200977"},{"taxonomy":"product_cat","embeddable":true,"href":"https:\/\/aromasentia.com\/da\/wp-json\/wp\/v2\/product_cat?post=200977"},{"taxonomy":"product_tag","embeddable":true,"href":"https:\/\/aromasentia.com\/da\/wp-json\/wp\/v2\/product_tag?post=200977"}],"curies":[{"name":"wp","href":"https:\/\/api.w.org\/{rel}","templated":true}]}}