{"id":200975,"date":"2025-03-20T16:17:57","date_gmt":"2025-03-20T16:17:57","guid":{"rendered":"https:\/\/aromasentia.com\/product\/pack-of-500g-bath-salt-lavender-himalayan\/"},"modified":"2025-06-22T03:33:17","modified_gmt":"2025-06-22T03:33:17","slug":"500g-badesalt-lavendel-himalaya","status":"publish","type":"product","link":"https:\/\/aromasentia.com\/da\/500g-badesalt-lavendel-himalaya\/","title":{"rendered":"500g Badesalt &#8211; Lavendel Himalaya"},"content":{"rendered":"<p><span style=\"color: rgb(75, 80, 88);\"><strong>Pr\u00e6senterer uparfumeret lavendelbadesalt!<\/strong><\/span><\/p>\n<p><span style=\"color: rgb(75, 80, 88);\"><strong>Fordyb dig i ro:<\/strong><\/span><\/p>\n<p><span style=\"color: rgb(75, 80, 88);\">Oplev den beroligende omfavnelse af vores Himalayasalt tilsat 100% ren \u00e6terisk lavendelolie, n\u00e6rende jojobaolie og delikate lavendelfr\u00f8.<\/span><\/p>\n<p><span style=\"color: rgb(75, 80, 88);\"><strong>Forbedr dit velv\u00e6re:<\/strong><\/span><\/p>\n<p><span style=\"color: rgb(75, 80, 88);\">Fork\u00e6l dig selv med et luksuri\u00f8st bad fyldt med den aromatiske blanding, designet til at hj\u00e6lpe dig med at slappe af og forbedre dig dit hum\u00f8r efter en kr\u00e6vende dag. \u00c6terisk lavendelolie, der er kendt for sine beroligende egenskaber, kan ogs\u00e5 lindre angst og forbedre kvaliteten af din s\u00f8vn.<\/span><\/p>\n<p><span style=\"color: rgb(75, 80, 88);\"><strong>En tidl\u00f8s tradition:<\/strong><\/span><\/p>\n<p><span style=\"color: rgb(75, 80, 88);\">Omfavn den gamle visdom om saltbade, der har v\u00e6ret v\u00e6rdsat for deres bem\u00e6rkelsesv\u00e6rdige sundhedsm\u00e6ssige fordele siden det antikke Gr\u00e6kenlands dage. <strong>500g poserne<\/strong> med badesalte leveres elegant pakket i en \u00e6ske, komplet med en praktisk tr\u00e6ske til pr\u00e6cise m\u00e5linger, hvilket g\u00f8r dem til en bet\u00e6nksom gave til enhver lejlighed.<\/span><\/p>\n<p><span style=\"color: rgb(75, 80, 88);\"><strong>Enkel fork\u00e6lelse:<\/strong><\/span><\/p>\n<p><span style=\"color: rgb(75, 80, 88);\">Opn\u00e5 en spa-lignende oplevelse i dit eget hjem. <strong>Tils\u00e6t blot to skefulde af vores badesalte til dit bad, lad dem opl\u00f8ses, og lad afslapningen begynde.<\/strong><\/span><\/p>\n<p><span style=\"color: rgb(75, 80, 88);\"><strong>Milj\u00f8bevidst bem\u00e6rkning:<\/strong><\/span><\/p>\n<p><span style=\"color: rgb(75, 80, 88);\">V\u00e6r opm\u00e6rksom p\u00e5, at selvom vi str\u00e6ber efter at levere kvalitetsprodukter, er posen i \u00e6sken, der indeholder saltene, lavet af plastik, hvilket g\u00f8r dette produkt <strong>ikke helt plastikfrit.<\/strong><\/span><\/p>\n<p><span style=\"color: rgb(75, 80, 88);\">Giv dit baderitual et l\u00f8ft med vores <strong>Lavendelbadesalt<\/strong>. <strong>Opdag den foryngende kraft i naturens overflod.<\/strong><\/span><\/p>\n<p><span style=\"color: rgb(75, 80, 88);\"><strong>Begiv dig ud p\u00e5 en rejse mod sundere og mere str\u00e5lende hud.<\/strong><\/span><\/p>\n","protected":false},"excerpt":{"rendered":"<p>Pr\u00e6senterer uparfumeret lavendelbadesalt! Fordyb dig i ro: Oplev den beroligende omfavnelse af vores Himalayasalt tilsat 100% ren \u00e6terisk lavendelolie, n\u00e6rende jojobaolie og delikate lavendelfr\u00f8. Forbedr dit velv\u00e6re: Fork\u00e6l dig selv med et luksuri\u00f8st bad fyldt med den aromatiske blanding, designet til at hj\u00e6lpe dig med at slappe af og forbedre dig dit hum\u00f8r efter en [&hellip;]<\/p>\n","protected":false},"featured_media":272824,"comment_status":"closed","ping_status":"open","template":"","meta":{"_angie_page":false},"product_brand":[27084],"product_cat":[6994,7131,26830,25839,25957],"product_tag":[],"class_list":{"0":"post-200975","1":"product","2":"type-product","3":"status-publish","4":"has-post-thumbnail","6":"product_brand-agnes-and-cat","7":"product_cat-bad-og-bruser","8":"product_cat-badesalt","9":"product_cat-blomster","10":"product_cat-dufte-aromaer","11":"product_cat-lavendel","12":"pa_collection-ac-bath-salts-500g-da","13":"pa_made-in-storbritannien","14":"pa_size-500g","16":"first","17":"instock","18":"purchasable","19":"product-type-simple"},"supplier_id":null,"supplier_sku":"ACSalt-04DS","barcode":null,"atum_controlled":true,"out_stock_date":null,"out_stock_threshold":null,"inheritable":false,"inbound_stock":0,"stock_on_hold":0,"sold_today":0,"sales_last_days":0,"reserved_stock":0,"customer_returns":0,"warehouse_damage":0,"lost_in_post":0,"other_logs":0,"out_stock_days":0,"lost_sales":0,"has_location":false,"update_date":"2026-05-08T05:02:36","atum_locations":[],"atum_stock_status":"instock","restock_status":false,"low_stock_amount":"","sales_update_date":"2025-10-09T03:23:09","calc_backorders":null,"_links":{"self":[{"href":"https:\/\/aromasentia.com\/da\/wp-json\/wp\/v2\/product\/200975","targetHints":{"allow":["GET"]}}],"collection":[{"href":"https:\/\/aromasentia.com\/da\/wp-json\/wp\/v2\/product"}],"about":[{"href":"https:\/\/aromasentia.com\/da\/wp-json\/wp\/v2\/types\/product"}],"replies":[{"embeddable":true,"href":"https:\/\/aromasentia.com\/da\/wp-json\/wp\/v2\/comments?post=200975"}],"version-history":[{"count":0,"href":"https:\/\/aromasentia.com\/da\/wp-json\/wp\/v2\/product\/200975\/revisions"}],"wp:featuredmedia":[{"embeddable":true,"href":"https:\/\/aromasentia.com\/da\/wp-json\/wp\/v2\/media\/272824"}],"wp:attachment":[{"href":"https:\/\/aromasentia.com\/da\/wp-json\/wp\/v2\/media?parent=200975"}],"wp:term":[{"taxonomy":"product_brand","embeddable":true,"href":"https:\/\/aromasentia.com\/da\/wp-json\/wp\/v2\/product_brand?post=200975"},{"taxonomy":"product_cat","embeddable":true,"href":"https:\/\/aromasentia.com\/da\/wp-json\/wp\/v2\/product_cat?post=200975"},{"taxonomy":"product_tag","embeddable":true,"href":"https:\/\/aromasentia.com\/da\/wp-json\/wp\/v2\/product_tag?post=200975"}],"curies":[{"name":"wp","href":"https:\/\/api.w.org\/{rel}","templated":true}]}}