{"id":200973,"date":"2025-03-20T16:17:57","date_gmt":"2025-03-20T16:17:57","guid":{"rendered":"https:\/\/aromasentia.com\/product\/pack-of-500g-bath-salt-epsom\/"},"modified":"2025-06-22T03:33:16","modified_gmt":"2025-06-22T03:33:16","slug":"500g-badesalt-epsom","status":"publish","type":"product","link":"https:\/\/aromasentia.com\/da\/500g-badesalt-epsom\/","title":{"rendered":"500g Badesalt &#8211; Epsom"},"content":{"rendered":"<p><span style=\"color: rgb(75, 80, 88);\">Vi pr\u00e6senterer uparfumeret Epsom-salt!<\/span><\/p>\n<p><span style=\"color: rgb(75, 80, 88);\"><strong>Genopliv din hud:<\/strong><\/span><\/p>\n<p><span style=\"color: rgb(75, 80, 88);\">Siden Epsom-salt blev opdaget i Surrey, England, har det v\u00e6ret v\u00e6rdsat som et alsidigt sundheds- og sk\u00f8nhedsmiddel. Dets rige arv og tidstestede fordele g\u00f8r det til et fast indslag i selvplejerutiner verden over.<\/span><\/p>\n<p><span style=\"color: rgb(75, 80, 88);\"><strong>Plej dit velv\u00e6re:<\/strong><\/span><\/p>\n<p><span style=\"color: rgb(75, 80, 88);\">Udnyt potentialet for forbedret afslapning, stressreduktion og forbedret s\u00f8vn. Derudover kan Epsom-salt hj\u00e6lpe med muskelafslapning og afgiftningsprocessen, hvilket tilbyder en holistisk tilgang til dit helbred og velv\u00e6re.<\/span><\/p>\n<p><span style=\"color: rgb(75, 80, 88);\"><strong>En tidl\u00f8s tradition:<\/strong><\/span><\/p>\n<p><span style=\"color: rgb(75, 80, 88);\">Omfavn den gamle visdom om saltbade, der har v\u00e6ret v\u00e6rdsat for deres bem\u00e6rkelsesv\u00e6rdige sundhedsm\u00e6ssige fordele siden det antikke Gr\u00e6kenlands dage. <strong>500g poserne<\/strong> med badesalte leveres elegant pakket i en \u00e6ske, komplet med en praktisk tr\u00e6ske til pr\u00e6cise m\u00e5linger, hvilket g\u00f8r dem til en bet\u00e6nksom gave til enhver lejlighed.<\/span><\/p>\n<p><span style=\"color: rgb(75, 80, 88);\"><strong>Enkel fork\u00e6lelse:<\/strong><\/span><\/p>\n<p><span style=\"color: rgb(75, 80, 88);\">Opn\u00e5 en spa-lignende oplevelse i dit eget hjem. <strong>Tils\u00e6t blot to skefulde af vores badesalte til dit bad, lad dem opl\u00f8ses, og lad afslapningen begynde.<\/strong><\/span><\/p>\n<p><span style=\"color: rgb(75, 80, 88);\"><strong>Milj\u00f8bevidst bem\u00e6rkning:<\/strong><\/span><\/p>\n<p><span style=\"color: rgb(75, 80, 88);\">V\u00e6r opm\u00e6rksom p\u00e5, at selvom vi str\u00e6ber efter at levere kvalitetsprodukter, er posen i \u00e6sken, der indeholder saltene, lavet af plastik, hvilket g\u00f8r dette produkt <strong>ikke helt plastikfrit.<\/strong><\/span><\/p>\n<p><span style=\"color: rgb(75, 80, 88);\">Forbedr din selvplejerutine med vores uparfumerede<strong>&nbsp;Epsom-badesalt, og oplev de ekstraordin\u00e6re fordele for dig selv. <\/strong><\/span><\/p>\n<p><span style=\"color: rgb(75, 80, 88);\"><strong>Begiv dig ud p\u00e5 en rejse mod sundere og mere str\u00e5lende hud.<\/strong><\/span><\/p>\n","protected":false},"excerpt":{"rendered":"<p>Vi pr\u00e6senterer uparfumeret Epsom-salt! Genopliv din hud: Siden Epsom-salt blev opdaget i Surrey, England, har det v\u00e6ret v\u00e6rdsat som et alsidigt sundheds- og sk\u00f8nhedsmiddel. Dets rige arv og tidstestede fordele g\u00f8r det til et fast indslag i selvplejerutiner verden over. Plej dit velv\u00e6re: Udnyt potentialet for forbedret afslapning, stressreduktion og forbedret s\u00f8vn. Derudover kan Epsom-salt [&hellip;]<\/p>\n","protected":false},"featured_media":272806,"comment_status":"closed","ping_status":"open","template":"","meta":{"_angie_page":false},"product_brand":[27084],"product_cat":[6994,7131],"product_tag":[],"class_list":{"0":"post-200973","1":"product","2":"type-product","3":"status-publish","4":"has-post-thumbnail","6":"product_brand-agnes-and-cat","7":"product_cat-bad-og-bruser","8":"product_cat-badesalt","9":"pa_collection-ac-bath-salts-500g-da","10":"pa_made-in-storbritannien","11":"pa_size-500g","13":"first","14":"instock","15":"purchasable","16":"product-type-simple"},"supplier_id":null,"supplier_sku":"ACSalt-02DS","barcode":null,"atum_controlled":true,"out_stock_date":null,"out_stock_threshold":null,"inheritable":false,"inbound_stock":null,"stock_on_hold":0,"sold_today":0,"sales_last_days":0,"reserved_stock":null,"customer_returns":null,"warehouse_damage":null,"lost_in_post":null,"other_logs":null,"out_stock_days":0,"lost_sales":0,"has_location":null,"update_date":"2026-04-27T06:50:12","atum_locations":[],"atum_stock_status":"instock","restock_status":false,"low_stock_amount":"","sales_update_date":"2025-10-09T03:23:05","calc_backorders":null,"_links":{"self":[{"href":"https:\/\/aromasentia.com\/da\/wp-json\/wp\/v2\/product\/200973","targetHints":{"allow":["GET"]}}],"collection":[{"href":"https:\/\/aromasentia.com\/da\/wp-json\/wp\/v2\/product"}],"about":[{"href":"https:\/\/aromasentia.com\/da\/wp-json\/wp\/v2\/types\/product"}],"replies":[{"embeddable":true,"href":"https:\/\/aromasentia.com\/da\/wp-json\/wp\/v2\/comments?post=200973"}],"version-history":[{"count":0,"href":"https:\/\/aromasentia.com\/da\/wp-json\/wp\/v2\/product\/200973\/revisions"}],"wp:featuredmedia":[{"embeddable":true,"href":"https:\/\/aromasentia.com\/da\/wp-json\/wp\/v2\/media\/272806"}],"wp:attachment":[{"href":"https:\/\/aromasentia.com\/da\/wp-json\/wp\/v2\/media?parent=200973"}],"wp:term":[{"taxonomy":"product_brand","embeddable":true,"href":"https:\/\/aromasentia.com\/da\/wp-json\/wp\/v2\/product_brand?post=200973"},{"taxonomy":"product_cat","embeddable":true,"href":"https:\/\/aromasentia.com\/da\/wp-json\/wp\/v2\/product_cat?post=200973"},{"taxonomy":"product_tag","embeddable":true,"href":"https:\/\/aromasentia.com\/da\/wp-json\/wp\/v2\/product_tag?post=200973"}],"curies":[{"name":"wp","href":"https:\/\/api.w.org\/{rel}","templated":true}]}}