{"id":200963,"date":"2025-03-20T16:17:57","date_gmt":"2025-03-20T16:17:57","guid":{"rendered":"https:\/\/aromasentia.com\/product\/lip-balm-watermelon\/"},"modified":"2025-06-22T03:33:12","modified_gmt":"2025-06-22T03:33:12","slug":"laebepomade-vandmelon","status":"publish","type":"product","link":"https:\/\/aromasentia.com\/da\/laebepomade-vandmelon\/","title":{"rendered":"L\u00e6bepomade &#8211; Vandmelon"},"content":{"rendered":"<p><span style=\"color: rgb(75, 80, 88);\">Disse l\u00e6bepomader er perfekte til alle, der leder efter en smuk vegansk, fugtgivende l\u00e6bepomade.<\/span><\/p>\n<p><span style=\"color: rgb(75, 80, 88);\">Duftolierne af h\u00f8j kvalitet er blandet med n\u00e6rende sheasm\u00f8r, fugtgivende kakaosm\u00f8r, bl\u00f8dg\u00f8rende jojobaolie, avocadosm\u00f8r og mangosm\u00f8r for at holde dine l\u00e6ber bl\u00f8de og forhindre sprukne l\u00e6ber. Alle l\u00e6bepomader er fri for parabener, vaseline, plastik, phthalater og kunstige farvestoffer.<\/span><\/p>\n<p><span style=\"color: rgb(75, 80, 88);\">Vores l\u00e6bepomader kommer i en smuk, unik folieindpakning, der g\u00f8r dem perfekte som en lille fork\u00e6lelse til dig selv eller som gave. De h\u00e6ldes i h\u00e5nden i sm\u00e5 portioner i vores produktionslokale i Sheffield.<\/span><\/p>\n<p><span style=\"color: rgb(75, 80, 88);\">BRUGSANVISNING: Gnid forsigtigt denne balsam p\u00e5 l\u00e6berne for at fugte dem. Vi anbefaler at bruge en scrub, f\u00f8r du p\u00e5f\u00f8rer vores l\u00e6bepomade, for smukt fyldige l\u00e6ber!<\/span><\/p>\n<p><span style=\"color: rgb(75, 80, 88);\"><strong>Bestil i dag og giv dine kunder denne essentielle vare.<\/strong><\/span><\/p>\n","protected":false},"excerpt":{"rendered":"<p>Disse l\u00e6bepomader er perfekte til alle, der leder efter en smuk vegansk, fugtgivende l\u00e6bepomade. Duftolierne af h\u00f8j kvalitet er blandet med n\u00e6rende sheasm\u00f8r, fugtgivende kakaosm\u00f8r, bl\u00f8dg\u00f8rende jojobaolie, avocadosm\u00f8r og mangosm\u00f8r for at holde dine l\u00e6ber bl\u00f8de og forhindre sprukne l\u00e6ber. Alle l\u00e6bepomader er fri for parabener, vaseline, plastik, phthalater og kunstige farvestoffer. Vores l\u00e6bepomader kommer [&hellip;]<\/p>\n","protected":false},"featured_media":272572,"comment_status":"closed","ping_status":"open","template":"","meta":{"_angie_page":false},"product_brand":[27084],"product_cat":[6994,25839,26844,26460],"product_tag":[],"class_list":{"0":"post-200963","1":"product","2":"type-product","3":"status-publish","4":"has-post-thumbnail","6":"product_brand-agnes-and-cat","7":"product_cat-bad-og-bruser","8":"product_cat-dufte-aromaer","9":"product_cat-frugtagtig","10":"product_cat-vandmelon","11":"pa_collection-lip-balm-da","12":"pa_made-in-storbritannien","14":"first","15":"instock","16":"purchasable","17":"product-type-simple"},"supplier_id":null,"supplier_sku":"ACLB-13DS","barcode":null,"atum_controlled":true,"out_stock_date":null,"out_stock_threshold":null,"inheritable":false,"inbound_stock":null,"stock_on_hold":0,"sold_today":0,"sales_last_days":0,"reserved_stock":null,"customer_returns":null,"warehouse_damage":null,"lost_in_post":null,"other_logs":null,"out_stock_days":0,"lost_sales":0,"has_location":null,"update_date":"2026-04-27T06:50:06","atum_locations":[],"atum_stock_status":"instock","restock_status":false,"low_stock_amount":"","sales_update_date":"2025-10-09T03:23:03","calc_backorders":null,"_links":{"self":[{"href":"https:\/\/aromasentia.com\/da\/wp-json\/wp\/v2\/product\/200963","targetHints":{"allow":["GET"]}}],"collection":[{"href":"https:\/\/aromasentia.com\/da\/wp-json\/wp\/v2\/product"}],"about":[{"href":"https:\/\/aromasentia.com\/da\/wp-json\/wp\/v2\/types\/product"}],"replies":[{"embeddable":true,"href":"https:\/\/aromasentia.com\/da\/wp-json\/wp\/v2\/comments?post=200963"}],"version-history":[{"count":0,"href":"https:\/\/aromasentia.com\/da\/wp-json\/wp\/v2\/product\/200963\/revisions"}],"wp:featuredmedia":[{"embeddable":true,"href":"https:\/\/aromasentia.com\/da\/wp-json\/wp\/v2\/media\/272572"}],"wp:attachment":[{"href":"https:\/\/aromasentia.com\/da\/wp-json\/wp\/v2\/media?parent=200963"}],"wp:term":[{"taxonomy":"product_brand","embeddable":true,"href":"https:\/\/aromasentia.com\/da\/wp-json\/wp\/v2\/product_brand?post=200963"},{"taxonomy":"product_cat","embeddable":true,"href":"https:\/\/aromasentia.com\/da\/wp-json\/wp\/v2\/product_cat?post=200963"},{"taxonomy":"product_tag","embeddable":true,"href":"https:\/\/aromasentia.com\/da\/wp-json\/wp\/v2\/product_tag?post=200963"}],"curies":[{"name":"wp","href":"https:\/\/api.w.org\/{rel}","templated":true}]}}