{"id":200959,"date":"2025-03-20T16:18:52","date_gmt":"2025-03-20T16:18:52","guid":{"rendered":"https:\/\/aromasentia.com\/product\/soap-on-a-rope-provence\/"},"modified":"2025-06-22T03:33:08","modified_gmt":"2025-06-22T03:33:08","slug":"saebe-paa-snor-provence","status":"publish","type":"product","link":"https:\/\/aromasentia.com\/da\/saebe-paa-snor-provence\/","title":{"rendered":"S\u00e6be P\u00e5 Snor &#8211; Provence"},"content":{"rendered":"<p>Rejs til Sydfrankrig med vores Provence Soap On A Rope. Denne aromatiske s\u00e6be indfanger essensen af regionen og blander sandsynligvis beroligende lavendel og vilde urter. Det praktiske reb sikrer, at din s\u00e6be forbliver t\u00f8r og holder l\u00e6nge. Det blide skum renser og beroliger sanserne og minder om en fredelig spadseretur gennem duftende landskaber og efterlader huden bl\u00f8d, forfrisket og gennemsyret af tidl\u00f8s, naturlig elegance.<\/p>\n","protected":false},"excerpt":{"rendered":"<p>Rejs til Sydfrankrig med vores Provence Soap On A Rope. Denne aromatiske s\u00e6be indfanger essensen af regionen og blander sandsynligvis beroligende lavendel og vilde urter. Det praktiske reb sikrer, at din s\u00e6be forbliver t\u00f8r og holder l\u00e6nge. Det blide skum renser og beroliger sanserne og minder om en fredelig spadseretur gennem duftende landskaber og efterlader [&hellip;]<\/p>\n","protected":false},"featured_media":273120,"comment_status":"closed","ping_status":"open","template":"","meta":[],"product_brand":[27084],"product_cat":[6994,7012],"product_tag":[],"class_list":{"0":"post-200959","1":"product","2":"type-product","3":"status-publish","4":"has-post-thumbnail","6":"product_brand-agnes-and-cat","7":"product_cat-bad-og-bruser","8":"product_cat-okologiske-saeber-saebebar","9":"pa_collection-soap-on-rope-da","10":"pa_made-in-storbritannien","12":"first","13":"outofstock","14":"purchasable","15":"product-type-simple"},"supplier_id":null,"supplier_sku":"ACSR-12DS","barcode":null,"atum_controlled":true,"out_stock_date":"2026-01-20 03:33:18","out_stock_threshold":null,"inheritable":false,"inbound_stock":null,"stock_on_hold":0,"sold_today":0,"sales_last_days":0,"reserved_stock":null,"customer_returns":null,"warehouse_damage":null,"lost_in_post":null,"other_logs":null,"out_stock_days":9,"lost_sales":0,"has_location":null,"update_date":"2026-01-30T01:24:58","atum_locations":[],"atum_stock_status":"outofstock","restock_status":false,"low_stock_amount":"","sales_update_date":"2026-01-30T01:24:58","calc_backorders":null,"_links":{"self":[{"href":"https:\/\/aromasentia.com\/da\/wp-json\/wp\/v2\/product\/200959","targetHints":{"allow":["GET"]}}],"collection":[{"href":"https:\/\/aromasentia.com\/da\/wp-json\/wp\/v2\/product"}],"about":[{"href":"https:\/\/aromasentia.com\/da\/wp-json\/wp\/v2\/types\/product"}],"replies":[{"embeddable":true,"href":"https:\/\/aromasentia.com\/da\/wp-json\/wp\/v2\/comments?post=200959"}],"version-history":[{"count":0,"href":"https:\/\/aromasentia.com\/da\/wp-json\/wp\/v2\/product\/200959\/revisions"}],"wp:featuredmedia":[{"embeddable":true,"href":"https:\/\/aromasentia.com\/da\/wp-json\/wp\/v2\/media\/273120"}],"wp:attachment":[{"href":"https:\/\/aromasentia.com\/da\/wp-json\/wp\/v2\/media?parent=200959"}],"wp:term":[{"taxonomy":"product_brand","embeddable":true,"href":"https:\/\/aromasentia.com\/da\/wp-json\/wp\/v2\/product_brand?post=200959"},{"taxonomy":"product_cat","embeddable":true,"href":"https:\/\/aromasentia.com\/da\/wp-json\/wp\/v2\/product_cat?post=200959"},{"taxonomy":"product_tag","embeddable":true,"href":"https:\/\/aromasentia.com\/da\/wp-json\/wp\/v2\/product_tag?post=200959"}],"curies":[{"name":"wp","href":"https:\/\/api.w.org\/{rel}","templated":true}]}}