{"id":200945,"date":"2025-03-20T16:18:52","date_gmt":"2025-03-20T16:18:52","guid":{"rendered":"https:\/\/aromasentia.com\/product\/sea-salt-moss-solid-shampoo\/"},"modified":"2025-06-22T03:33:02","modified_gmt":"2025-06-22T03:33:02","slug":"havsalt-mos-shampoo-bar","status":"publish","type":"product","link":"https:\/\/aromasentia.com\/da\/havsalt-mos-shampoo-bar\/","title":{"rendered":"Havsalt &#038; Mos Shampoo Bar"},"content":{"rendered":"<p>Giv dit h\u00e5r og dine sanser nyt liv med vores Sea Salt &#038; Moss Solid Shampoo. Denne forfriskende, milj\u00f8bevidste shampoobar renser i dybden, mens den fremkalder den spr\u00f8de, rene essens af en kystbrise og blander havsaltnoter med jordagtig mos. Den hj\u00e6lper med at rense hovedbunden og efterlader h\u00e5ret revitaliseret, struktureret og fuld af liv. Et perfekt plastikfrit alternativ til dem, der elsker en frisk, naturlig og opkvikkende start p\u00e5 dagen, og som bringer havets \u00e5nd ind i deres h\u00e5rpleje.<\/p>\n","protected":false},"excerpt":{"rendered":"<p>Giv dit h\u00e5r og dine sanser nyt liv med vores Sea Salt &#038; Moss Solid Shampoo. Denne forfriskende, milj\u00f8bevidste shampoobar renser i dybden, mens den fremkalder den spr\u00f8de, rene essens af en kystbrise og blander havsaltnoter med jordagtig mos. Den hj\u00e6lper med at rense hovedbunden og efterlader h\u00e5ret revitaliseret, struktureret og fuld af liv. Et [&hellip;]<\/p>\n","protected":false},"featured_media":273182,"comment_status":"closed","ping_status":"open","template":"","meta":{"_angie_page":false},"product_brand":[27084],"product_cat":[6994,7274],"product_tag":[],"class_list":{"0":"post-200945","1":"product","2":"type-product","3":"status-publish","4":"has-post-thumbnail","6":"product_brand-agnes-and-cat","7":"product_cat-bad-og-bruser","8":"product_cat-harpleje","9":"pa_collection-solid-shampoo-bars-da","10":"pa_made-in-storbritannien","12":"first","13":"instock","14":"purchasable","15":"product-type-simple"},"supplier_id":null,"supplier_sku":"ACSS-04DS","barcode":null,"atum_controlled":true,"out_stock_date":null,"out_stock_threshold":null,"inheritable":false,"inbound_stock":null,"stock_on_hold":0,"sold_today":0,"sales_last_days":0,"reserved_stock":null,"customer_returns":null,"warehouse_damage":null,"lost_in_post":null,"other_logs":null,"out_stock_days":0,"lost_sales":0,"has_location":null,"update_date":"2026-04-27T06:49:36","atum_locations":[],"atum_stock_status":"instock","restock_status":false,"low_stock_amount":"","sales_update_date":"2026-01-30T01:26:33","calc_backorders":null,"_links":{"self":[{"href":"https:\/\/aromasentia.com\/da\/wp-json\/wp\/v2\/product\/200945","targetHints":{"allow":["GET"]}}],"collection":[{"href":"https:\/\/aromasentia.com\/da\/wp-json\/wp\/v2\/product"}],"about":[{"href":"https:\/\/aromasentia.com\/da\/wp-json\/wp\/v2\/types\/product"}],"replies":[{"embeddable":true,"href":"https:\/\/aromasentia.com\/da\/wp-json\/wp\/v2\/comments?post=200945"}],"version-history":[{"count":0,"href":"https:\/\/aromasentia.com\/da\/wp-json\/wp\/v2\/product\/200945\/revisions"}],"wp:featuredmedia":[{"embeddable":true,"href":"https:\/\/aromasentia.com\/da\/wp-json\/wp\/v2\/media\/273182"}],"wp:attachment":[{"href":"https:\/\/aromasentia.com\/da\/wp-json\/wp\/v2\/media?parent=200945"}],"wp:term":[{"taxonomy":"product_brand","embeddable":true,"href":"https:\/\/aromasentia.com\/da\/wp-json\/wp\/v2\/product_brand?post=200945"},{"taxonomy":"product_cat","embeddable":true,"href":"https:\/\/aromasentia.com\/da\/wp-json\/wp\/v2\/product_cat?post=200945"},{"taxonomy":"product_tag","embeddable":true,"href":"https:\/\/aromasentia.com\/da\/wp-json\/wp\/v2\/product_tag?post=200945"}],"curies":[{"name":"wp","href":"https:\/\/api.w.org\/{rel}","templated":true}]}}