{"id":200942,"date":"2025-03-20T16:18:52","date_gmt":"2025-03-20T16:18:52","guid":{"rendered":"https:\/\/aromasentia.com\/product\/japanese-bloom-solid-shampoo\/"},"modified":"2025-06-22T03:33:01","modified_gmt":"2025-06-22T03:33:01","slug":"japanese-bloom-shampoo-bar","status":"publish","type":"product","link":"https:\/\/aromasentia.com\/da\/japanese-bloom-shampoo-bar\/","title":{"rendered":"Japanese Bloom Shampoo Bar"},"content":{"rendered":"<p>Oplev fredfyldt h\u00e5rpleje med vores Japanese Bloom Solid Shampoo. Denne blide, milj\u00f8bevidste shampoobar renser dit h\u00e5r, mens den indhyller dig i en delikat og beroligende blomsterduft, der minder om japanske haver. Den n\u00e6rende formel efterlader h\u00e5ret bl\u00f8dt, sundt og subtilt parfumeret med noter af kirseb\u00e6rblomster eller andre fredfyldte blomster. Det er et bevidst valg for smukt h\u00e5r og en renere planet, og det fremmer roen ved hver vask og reducerer plastaffald.<\/p>\n","protected":false},"excerpt":{"rendered":"<p>Oplev fredfyldt h\u00e5rpleje med vores Japanese Bloom Solid Shampoo. Denne blide, milj\u00f8bevidste shampoobar renser dit h\u00e5r, mens den indhyller dig i en delikat og beroligende blomsterduft, der minder om japanske haver. Den n\u00e6rende formel efterlader h\u00e5ret bl\u00f8dt, sundt og subtilt parfumeret med noter af kirseb\u00e6rblomster eller andre fredfyldte blomster. Det er et bevidst valg for [&hellip;]<\/p>\n","protected":false},"featured_media":273155,"comment_status":"closed","ping_status":"open","template":"","meta":{"_angie_page":false},"product_brand":[27084],"product_cat":[6994,7274],"product_tag":[],"class_list":{"0":"post-200942","1":"product","2":"type-product","3":"status-publish","4":"has-post-thumbnail","6":"product_brand-agnes-and-cat","7":"product_cat-bad-og-bruser","8":"product_cat-harpleje","9":"pa_collection-solid-shampoo-bars-da","10":"pa_made-in-storbritannien","12":"first","13":"instock","14":"purchasable","15":"product-type-simple"},"supplier_id":null,"supplier_sku":"ACSS-07DS","barcode":null,"atum_controlled":true,"out_stock_date":null,"out_stock_threshold":null,"inheritable":false,"inbound_stock":null,"stock_on_hold":0,"sold_today":0,"sales_last_days":0,"reserved_stock":null,"customer_returns":null,"warehouse_damage":null,"lost_in_post":null,"other_logs":null,"out_stock_days":0,"lost_sales":0,"has_location":null,"update_date":"2026-04-27T06:49:36","atum_locations":[],"atum_stock_status":"instock","restock_status":false,"low_stock_amount":"","sales_update_date":"2026-01-20T05:14:18","calc_backorders":null,"_links":{"self":[{"href":"https:\/\/aromasentia.com\/da\/wp-json\/wp\/v2\/product\/200942","targetHints":{"allow":["GET"]}}],"collection":[{"href":"https:\/\/aromasentia.com\/da\/wp-json\/wp\/v2\/product"}],"about":[{"href":"https:\/\/aromasentia.com\/da\/wp-json\/wp\/v2\/types\/product"}],"replies":[{"embeddable":true,"href":"https:\/\/aromasentia.com\/da\/wp-json\/wp\/v2\/comments?post=200942"}],"version-history":[{"count":0,"href":"https:\/\/aromasentia.com\/da\/wp-json\/wp\/v2\/product\/200942\/revisions"}],"wp:featuredmedia":[{"embeddable":true,"href":"https:\/\/aromasentia.com\/da\/wp-json\/wp\/v2\/media\/273155"}],"wp:attachment":[{"href":"https:\/\/aromasentia.com\/da\/wp-json\/wp\/v2\/media?parent=200942"}],"wp:term":[{"taxonomy":"product_brand","embeddable":true,"href":"https:\/\/aromasentia.com\/da\/wp-json\/wp\/v2\/product_brand?post=200942"},{"taxonomy":"product_cat","embeddable":true,"href":"https:\/\/aromasentia.com\/da\/wp-json\/wp\/v2\/product_cat?post=200942"},{"taxonomy":"product_tag","embeddable":true,"href":"https:\/\/aromasentia.com\/da\/wp-json\/wp\/v2\/product_tag?post=200942"}],"curies":[{"name":"wp","href":"https:\/\/api.w.org\/{rel}","templated":true}]}}