{"id":200936,"date":"2025-03-20T16:19:41","date_gmt":"2025-03-20T16:19:41","guid":{"rendered":"https:\/\/aromasentia.com\/product\/aromatherapy-shower-steamer-80g-anti-anxiety\/"},"modified":"2025-06-22T03:32:57","modified_gmt":"2025-06-22T03:32:57","slug":"aromaterapi-shower-steamer-80g-mod-angst","status":"publish","type":"product","link":"https:\/\/aromasentia.com\/da\/aromaterapi-shower-steamer-80g-mod-angst\/","title":{"rendered":"Aromaterapi Shower Steamer 80g &#8211; Mod Angst"},"content":{"rendered":"<h2 style=\"text-align: justify;\"><span style=\"color: rgb(40, 50, 78);\">Wholesale Aromaterapi bruser damper mod angst<\/span><\/h2>\n<p style=\"text-align: justify;\"><span style=\"color: rgb(40, 50, 78);\">Anti-angst bruser damper med \u00e6teriske olier: Bergamot, Clary Sage, Lavender og Safflower Petals&nbsp;<\/span><\/p>\n<p style=\"text-align: justify;\"><span style=\"color: rgb(40, 50, 78);\"><a href=\"https:\/\/aromasentia.com\/aross\" rel=\"noopener noreferrer\" target=\"_blank\">Wholesale Aromatherapy Shower Steamers<\/a> er lavet med en blanding af <strong>essentielle olier<\/strong>, <strong>herunder lavendel<\/strong>, <strong>kamille<\/strong> og <strong>ylang-ylang<\/strong>, som arbejder sammen for at fremme en f\u00f8lelse af ro og afslapning. Du skal blot placere damperen p\u00e5 gulvet i brusebadet og lade dampen aktivere de \u00e6teriske olier og fylde rummet med en beroligende og behagelig duft.<\/span><\/p>\n<p style=\"text-align: justify;\"><span style=\"color: rgb(40, 50, 78);\">Disse shower steamers er ogs\u00e5 en god mulighed for dem, <strong>der lider af angst eller stress<\/strong>. De beroligende virkninger af de <strong>essentielle olier<\/strong> kan hj\u00e6lpe med at reducere f\u00f8lelser af angst og fremme en f\u00f8lelse af indre fred og ro.<\/span><\/p>\n<p style=\"text-align: justify;\"><span style=\"color: rgb(40, 50, 78);\">P\u00e5 <a href=\"https:\/\/aromasentia.com\/wholesale-bath-bombs-uk\" rel=\"noopener noreferrer\" target=\"_blank\">wholesale bath bombs uden minimumsbestilling<\/a> er disse shower steamers en <strong>overkommelig<\/strong> og <strong>praktisk m\u00e5de at forbedre din forretning<\/strong> og <strong>gl\u00e6de dine kunder<\/strong> p\u00e5.<\/span><\/p>\n<p style=\"text-align: justify;\"><span style=\"color: rgb(40, 50, 78);\">S\u00e5 hvis du vil give dine kunder en unik og afslappende bruseoplevelse, er vores Anti Anxiety Aromatherapy Shower Steamers det perfekte valg. Bestil nu, og se din forretning blomstre!<\/span><\/p>\n","protected":false},"excerpt":{"rendered":"<p>Wholesale Aromaterapi bruser damper mod angst Anti-angst bruser damper med \u00e6teriske olier: Bergamot, Clary Sage, Lavender og Safflower Petals&nbsp; Wholesale Aromatherapy Shower Steamers er lavet med en blanding af essentielle olier, herunder lavendel, kamille og ylang-ylang, som arbejder sammen for at fremme en f\u00f8lelse af ro og afslapning. Du skal blot placere damperen p\u00e5 gulvet [&hellip;]<\/p>\n","protected":false},"featured_media":273393,"comment_status":"closed","ping_status":"open","template":"","meta":{"_angie_page":false},"product_brand":[],"product_cat":[6994,7029],"product_tag":[],"class_list":{"0":"post-200936","1":"product","2":"type-product","3":"status-publish","4":"has-post-thumbnail","6":"product_cat-bad-og-bruser","7":"product_cat-badebomber","8":"pa_collection-aromatherapy-shower-steamers-da","9":"pa_made-in-storbritannien","10":"pa_size-80g","12":"first","13":"instock","14":"purchasable","15":"product-type-simple"},"supplier_id":null,"supplier_sku":"AROSS-08a","barcode":null,"atum_controlled":true,"out_stock_date":null,"out_stock_threshold":null,"inheritable":false,"inbound_stock":null,"stock_on_hold":0,"sold_today":0,"sales_last_days":0,"reserved_stock":null,"customer_returns":null,"warehouse_damage":null,"lost_in_post":null,"other_logs":null,"out_stock_days":0,"lost_sales":0,"has_location":null,"update_date":"2026-05-11T01:55:49","atum_locations":[],"atum_stock_status":"instock","restock_status":false,"low_stock_amount":"","sales_update_date":"2025-10-09T03:23:31","calc_backorders":null,"_links":{"self":[{"href":"https:\/\/aromasentia.com\/da\/wp-json\/wp\/v2\/product\/200936","targetHints":{"allow":["GET"]}}],"collection":[{"href":"https:\/\/aromasentia.com\/da\/wp-json\/wp\/v2\/product"}],"about":[{"href":"https:\/\/aromasentia.com\/da\/wp-json\/wp\/v2\/types\/product"}],"replies":[{"embeddable":true,"href":"https:\/\/aromasentia.com\/da\/wp-json\/wp\/v2\/comments?post=200936"}],"version-history":[{"count":0,"href":"https:\/\/aromasentia.com\/da\/wp-json\/wp\/v2\/product\/200936\/revisions"}],"wp:featuredmedia":[{"embeddable":true,"href":"https:\/\/aromasentia.com\/da\/wp-json\/wp\/v2\/media\/273393"}],"wp:attachment":[{"href":"https:\/\/aromasentia.com\/da\/wp-json\/wp\/v2\/media?parent=200936"}],"wp:term":[{"taxonomy":"product_brand","embeddable":true,"href":"https:\/\/aromasentia.com\/da\/wp-json\/wp\/v2\/product_brand?post=200936"},{"taxonomy":"product_cat","embeddable":true,"href":"https:\/\/aromasentia.com\/da\/wp-json\/wp\/v2\/product_cat?post=200936"},{"taxonomy":"product_tag","embeddable":true,"href":"https:\/\/aromasentia.com\/da\/wp-json\/wp\/v2\/product_tag?post=200936"}],"curies":[{"name":"wp","href":"https:\/\/api.w.org\/{rel}","templated":true}]}}