{"id":200932,"date":"2025-03-20T16:19:41","date_gmt":"2025-03-20T16:19:41","guid":{"rendered":"https:\/\/aromasentia.com\/product\/aromatherapy-shower-steamer-gift-set-80g\/"},"modified":"2025-06-22T03:32:55","modified_gmt":"2025-06-22T03:32:55","slug":"aromaterapi-shower-steamer-set-80g","status":"publish","type":"product","link":"https:\/\/aromasentia.com\/da\/aromaterapi-shower-steamer-set-80g\/","title":{"rendered":"Aromaterapi Shower Steamer Set &#8211; 80g"},"content":{"rendered":"<p><span style=\"color: rgb(75, 80, 88);\">Aroma Sentia **Aromaterapi Brusedamper Gaves\u00e6t &#8211; 80g.** Brusedamperen er **designet som en badebombe til bruseren&#8230;** Placeres blot i bunden af din bruser for at opn\u00e5 en spa-lignende aromatisk atmosf\u00e6re. Udforsk seks ekstraordin\u00e6re dufte med <strong>\u00e6teriske olier<\/strong><\/span><\/p>\n<ol>\n<li>\u00c6teriske olier:<strong>pebermynte, eukalyptus + urter<\/strong><\/li>\n<li>\u00c6teriske olier<strong>:<\/strong> <strong>grapefrugt, lime + kosher salt<\/strong><\/li>\n<li>\u00c6teriske olier: <strong>gr\u00f8n mynte, citron, eukalyptus + morgenfrueblomster<\/strong><\/li>\n<li>\n<p>\u00c6teriske olier: <strong>appelsin, bergamot, kan \u00e6ndres + kosher salt<\/strong><\/p>\n<\/li>\n<li>\n<p>\u00c6teriske olier: <strong>patchouli, jasmin, ylang ylang + rosenblade<\/strong><\/p>\n<\/li>\n<li>\n<p>\u00c6teriske olier:<strong>lavendel, mandarin + lavendelfr\u00f8 <br \/><\/strong><\/p>\n<\/li>\n<\/ol>\n<p><span style=\"color: rgb(141, 186, 216);\"><strong>Brusedampere leveres pakket i en um\u00e6rket gave\u00e6ske.<\/strong><\/span><span style=\"color: rgb(75, 80, 88);\"><strong>&nbsp;<\/strong><\/span><\/p>\n","protected":false},"excerpt":{"rendered":"<p>Aroma Sentia **Aromaterapi Brusedamper Gaves\u00e6t &#8211; 80g.** Brusedamperen er **designet som en badebombe til bruseren&#8230;** Placeres blot i bunden af din bruser for at opn\u00e5 en spa-lignende aromatisk atmosf\u00e6re. Udforsk seks ekstraordin\u00e6re dufte med \u00e6teriske olier \u00c6teriske olier:pebermynte, eukalyptus + urter \u00c6teriske olier: grapefrugt, lime + kosher salt \u00c6teriske olier: gr\u00f8n mynte, citron, eukalyptus + [&hellip;]<\/p>\n","protected":false},"featured_media":273317,"comment_status":"closed","ping_status":"open","template":"","meta":{"_angie_page":false},"product_brand":[],"product_cat":[6994,7029],"product_tag":[],"class_list":{"0":"post-200932","1":"product","2":"type-product","3":"status-publish","4":"has-post-thumbnail","6":"product_cat-bad-og-bruser","7":"product_cat-badebomber","8":"pa_collection-aromatherapy-shower-steamers-da","9":"pa_made-in-storbritannien","10":"pa_size-80g","12":"first","13":"instock","14":"purchasable","15":"product-type-simple"},"supplier_id":null,"supplier_sku":"AROSS-MX1","barcode":null,"atum_controlled":true,"out_stock_date":null,"out_stock_threshold":null,"inheritable":false,"inbound_stock":null,"stock_on_hold":0,"sold_today":0,"sales_last_days":0,"reserved_stock":null,"customer_returns":null,"warehouse_damage":null,"lost_in_post":null,"other_logs":null,"out_stock_days":0,"lost_sales":0,"has_location":null,"update_date":"2026-05-11T01:55:49","atum_locations":[],"atum_stock_status":"instock","restock_status":false,"low_stock_amount":"","sales_update_date":"2025-10-09T03:23:31","calc_backorders":null,"_links":{"self":[{"href":"https:\/\/aromasentia.com\/da\/wp-json\/wp\/v2\/product\/200932","targetHints":{"allow":["GET"]}}],"collection":[{"href":"https:\/\/aromasentia.com\/da\/wp-json\/wp\/v2\/product"}],"about":[{"href":"https:\/\/aromasentia.com\/da\/wp-json\/wp\/v2\/types\/product"}],"replies":[{"embeddable":true,"href":"https:\/\/aromasentia.com\/da\/wp-json\/wp\/v2\/comments?post=200932"}],"version-history":[{"count":0,"href":"https:\/\/aromasentia.com\/da\/wp-json\/wp\/v2\/product\/200932\/revisions"}],"wp:featuredmedia":[{"embeddable":true,"href":"https:\/\/aromasentia.com\/da\/wp-json\/wp\/v2\/media\/273317"}],"wp:attachment":[{"href":"https:\/\/aromasentia.com\/da\/wp-json\/wp\/v2\/media?parent=200932"}],"wp:term":[{"taxonomy":"product_brand","embeddable":true,"href":"https:\/\/aromasentia.com\/da\/wp-json\/wp\/v2\/product_brand?post=200932"},{"taxonomy":"product_cat","embeddable":true,"href":"https:\/\/aromasentia.com\/da\/wp-json\/wp\/v2\/product_cat?post=200932"},{"taxonomy":"product_tag","embeddable":true,"href":"https:\/\/aromasentia.com\/da\/wp-json\/wp\/v2\/product_tag?post=200932"}],"curies":[{"name":"wp","href":"https:\/\/api.w.org\/{rel}","templated":true}]}}