{"id":200931,"date":"2025-03-20T16:19:41","date_gmt":"2025-03-20T16:19:41","guid":{"rendered":"https:\/\/aromasentia.com\/product\/juniper-lime-spearmint-hand-body-wash-250ml\/"},"modified":"2025-06-22T03:32:55","modified_gmt":"2025-06-22T03:32:55","slug":"juniper-lime-spearmint-hand-body-wash-250ml","status":"publish","type":"product","link":"https:\/\/aromasentia.com\/da\/juniper-lime-spearmint-hand-body-wash-250ml\/","title":{"rendered":"Juniper, Lime &#038; Spearmint Hand &#038; Body Wash 250ml"},"content":{"rendered":"<p>Juniper, Lime &amp; Spearmint Aromatherapy Hand &amp; Body Wash er et luksuri\u00f8st og forfriskende produkt, der er designet til at rense og n\u00e6re huden, samtidig med at det giver en forfriskende og opkvikkende oplevelse. Denne kosmetik er lavet med en blanding af \u00e6teriske olier, der arbejder sammen om at skabe en unik og stimulerende duft.<\/p>\n<p>Eneb\u00e6r er kendt for sine rensende egenskaber og sin evne til at fremme sund hud. Den bruges ofte i hudplejeprodukter p\u00e5 grund af sine sammentr\u00e6kkende egenskaber, som kan hj\u00e6lpe med at opstramme og tone huden. Lime er p\u00e5 den anden side en naturlig antioxidant, som hj\u00e6lper med at beskytte huden mod skader for\u00e5rsaget af frie radikaler. Den har ogs\u00e5 en lys, citrusagtig duft, som virker opl\u00f8ftende og energigivende. Spearmint giver en k\u00f8lig og forfriskende fornemmelse, som er med til at styrke sanserne. Den er ogs\u00e5 kendt for sine antibakterielle og svampedr\u00e6bende egenskaber, som kan hj\u00e6lpe med at holde huden sund og fri for infektioner.<\/p>\n<p>Denne h\u00e5nd- og kropsvask skummer let op og skylles ren, s\u00e5 huden f\u00f8les bl\u00f8d, glat og forfrisket.<\/p>\n","protected":false},"excerpt":{"rendered":"<p>Juniper, Lime &amp; Spearmint Aromatherapy Hand &amp; Body Wash er et luksuri\u00f8st og forfriskende produkt, der er designet til at rense og n\u00e6re huden, samtidig med at det giver en forfriskende og opkvikkende oplevelse. Denne kosmetik er lavet med en blanding af \u00e6teriske olier, der arbejder sammen om at skabe en unik og stimulerende duft. [&hellip;]<\/p>\n","protected":false},"featured_media":273308,"comment_status":"closed","ping_status":"open","template":"","meta":[],"product_brand":[],"product_cat":[6994,26816,25839,25991,7139,25962,26872],"product_tag":[],"class_list":{"0":"post-200931","1":"product","2":"type-product","3":"status-publish","4":"has-post-thumbnail","6":"product_cat-bad-og-bruser","7":"product_cat-citrus","8":"product_cat-dufte-aromaer","9":"product_cat-gron-mynte","10":"product_cat-kropspleje","11":"product_cat-lime","12":"product_cat-mynte","13":"pa_collection-aromatherapy-hand-body-wash-da","14":"pa_made-in-storbritannien","15":"pa_size-250ml","17":"first","18":"instock","19":"purchasable","20":"product-type-simple"},"supplier_id":null,"supplier_sku":"AHBW-01","barcode":null,"atum_controlled":true,"out_stock_date":null,"out_stock_threshold":null,"inheritable":false,"inbound_stock":null,"stock_on_hold":0,"sold_today":0,"sales_last_days":0,"reserved_stock":null,"customer_returns":null,"warehouse_damage":null,"lost_in_post":null,"other_logs":null,"out_stock_days":0,"lost_sales":0,"has_location":null,"update_date":"2026-01-30T01:24:52","atum_locations":[],"atum_stock_status":"instock","restock_status":false,"low_stock_amount":"","sales_update_date":"2026-01-30T01:24:52","calc_backorders":null,"_links":{"self":[{"href":"https:\/\/aromasentia.com\/da\/wp-json\/wp\/v2\/product\/200931","targetHints":{"allow":["GET"]}}],"collection":[{"href":"https:\/\/aromasentia.com\/da\/wp-json\/wp\/v2\/product"}],"about":[{"href":"https:\/\/aromasentia.com\/da\/wp-json\/wp\/v2\/types\/product"}],"replies":[{"embeddable":true,"href":"https:\/\/aromasentia.com\/da\/wp-json\/wp\/v2\/comments?post=200931"}],"version-history":[{"count":0,"href":"https:\/\/aromasentia.com\/da\/wp-json\/wp\/v2\/product\/200931\/revisions"}],"wp:featuredmedia":[{"embeddable":true,"href":"https:\/\/aromasentia.com\/da\/wp-json\/wp\/v2\/media\/273308"}],"wp:attachment":[{"href":"https:\/\/aromasentia.com\/da\/wp-json\/wp\/v2\/media?parent=200931"}],"wp:term":[{"taxonomy":"product_brand","embeddable":true,"href":"https:\/\/aromasentia.com\/da\/wp-json\/wp\/v2\/product_brand?post=200931"},{"taxonomy":"product_cat","embeddable":true,"href":"https:\/\/aromasentia.com\/da\/wp-json\/wp\/v2\/product_cat?post=200931"},{"taxonomy":"product_tag","embeddable":true,"href":"https:\/\/aromasentia.com\/da\/wp-json\/wp\/v2\/product_tag?post=200931"}],"curies":[{"name":"wp","href":"https:\/\/api.w.org\/{rel}","templated":true}]}}