{"id":200929,"date":"2025-03-20T16:19:41","date_gmt":"2025-03-20T16:19:41","guid":{"rendered":"https:\/\/aromasentia.com\/product\/sandalwood-rose-hand-body-wash-250ml\/"},"modified":"2025-06-22T03:32:54","modified_gmt":"2025-06-22T03:32:54","slug":"sandeltrae-rose-haand-og-kropsvask-250ml","status":"publish","type":"product","link":"https:\/\/aromasentia.com\/da\/sandeltrae-rose-haand-og-kropsvask-250ml\/","title":{"rendered":"Sandeltr\u00e6 &#038; Rose H\u00e5nd- Og Kropsvask 250ml"},"content":{"rendered":"<p>Sandalwood &amp; Rose Aromatherapy Hand &amp; Body Wash er et luksuri\u00f8st og forfriskende produkt, der er designet til at rense og n\u00e6re huden, samtidig med at det giver en forfriskende og opkvikkende oplevelse. Denne kosmetik er lavet med en blanding af \u00e6teriske olier, der arbejder sammen om at skabe en unik og stimulerende duft.<\/p>\n<p>Sandalwood er kendt for sin varme og tr\u00e6agtige duft samt sin evne til at lindre og berolige huden. Det bruges ofte i aromaterapi til at fremme afslapning og reducere stress. Rosen giver en delikat og romantisk duft, der er b\u00e5de beroligende og opl\u00f8ftende. Den bruges ofte i hudplejeprodukter for sin evne til at fugte og n\u00e6re huden.<\/p>\n<p>Denne h\u00e5nd- og kropsvask skummer let op og skylles ren, s\u00e5 huden f\u00f8les bl\u00f8d, glat og forfrisket.<\/p>\n","protected":false},"excerpt":{"rendered":"<p>Sandalwood &amp; Rose Aromatherapy Hand &amp; Body Wash er et luksuri\u00f8st og forfriskende produkt, der er designet til at rense og n\u00e6re huden, samtidig med at det giver en forfriskende og opkvikkende oplevelse. Denne kosmetik er lavet med en blanding af \u00e6teriske olier, der arbejder sammen om at skabe en unik og stimulerende duft. Sandalwood [&hellip;]<\/p>\n","protected":false},"featured_media":273290,"comment_status":"closed","ping_status":"open","template":"","meta":{"_angie_page":false},"product_brand":[],"product_cat":[6994,26830,25839,7139,25984,25990,26893],"product_tag":[],"class_list":{"0":"post-200929","1":"product","2":"type-product","3":"status-publish","4":"has-post-thumbnail","6":"product_cat-bad-og-bruser","7":"product_cat-blomster","8":"product_cat-dufte-aromaer","9":"product_cat-kropspleje","10":"product_cat-rose","11":"product_cat-sandeltrae","12":"product_cat-traeagtig","13":"pa_collection-aromatherapy-hand-body-wash-da","14":"pa_made-in-storbritannien","15":"pa_size-250ml","17":"first","18":"instock","19":"purchasable","20":"product-type-simple"},"supplier_id":null,"supplier_sku":"AHBW-03","barcode":null,"atum_controlled":true,"out_stock_date":null,"out_stock_threshold":null,"inheritable":false,"inbound_stock":null,"stock_on_hold":0,"sold_today":0,"sales_last_days":0,"reserved_stock":null,"customer_returns":null,"warehouse_damage":null,"lost_in_post":null,"other_logs":null,"out_stock_days":0,"lost_sales":0,"has_location":null,"update_date":"2026-05-08T05:02:36","atum_locations":[],"atum_stock_status":"instock","restock_status":false,"low_stock_amount":"","sales_update_date":"2026-02-06T00:02:21","calc_backorders":null,"_links":{"self":[{"href":"https:\/\/aromasentia.com\/da\/wp-json\/wp\/v2\/product\/200929","targetHints":{"allow":["GET"]}}],"collection":[{"href":"https:\/\/aromasentia.com\/da\/wp-json\/wp\/v2\/product"}],"about":[{"href":"https:\/\/aromasentia.com\/da\/wp-json\/wp\/v2\/types\/product"}],"replies":[{"embeddable":true,"href":"https:\/\/aromasentia.com\/da\/wp-json\/wp\/v2\/comments?post=200929"}],"version-history":[{"count":0,"href":"https:\/\/aromasentia.com\/da\/wp-json\/wp\/v2\/product\/200929\/revisions"}],"wp:featuredmedia":[{"embeddable":true,"href":"https:\/\/aromasentia.com\/da\/wp-json\/wp\/v2\/media\/273290"}],"wp:attachment":[{"href":"https:\/\/aromasentia.com\/da\/wp-json\/wp\/v2\/media?parent=200929"}],"wp:term":[{"taxonomy":"product_brand","embeddable":true,"href":"https:\/\/aromasentia.com\/da\/wp-json\/wp\/v2\/product_brand?post=200929"},{"taxonomy":"product_cat","embeddable":true,"href":"https:\/\/aromasentia.com\/da\/wp-json\/wp\/v2\/product_cat?post=200929"},{"taxonomy":"product_tag","embeddable":true,"href":"https:\/\/aromasentia.com\/da\/wp-json\/wp\/v2\/product_tag?post=200929"}],"curies":[{"name":"wp","href":"https:\/\/api.w.org\/{rel}","templated":true}]}}