{"id":200927,"date":"2025-03-20T16:19:41","date_gmt":"2025-03-20T16:19:41","guid":{"rendered":"https:\/\/aromasentia.com\/product\/clary-sage-lavender-hand-body-wash-250ml\/"},"modified":"2025-06-22T03:32:53","modified_gmt":"2025-06-22T03:32:53","slug":"clary-salvie-lavender-hand-body-wash-250ml","status":"publish","type":"product","link":"https:\/\/aromasentia.com\/da\/clary-salvie-lavender-hand-body-wash-250ml\/","title":{"rendered":"Clary Salvie &#038; Lavender Hand &#038; Body Wash 250ml"},"content":{"rendered":"<p>Clary Sage &amp; Lavender Aromatherapy Hand &amp; Body Wash er et luksuri\u00f8st og beroligende produkt, der er designet til at rense og pleje huden, samtidig med at det giver en beroligende og afslappende oplevelse. Denne kosmetik er lavet med en blanding af \u00e6teriske olier, der arbejder sammen om at skabe en unik og stimulerende duft.<\/p>\n<p>Klarsalvie er kendt for sine beroligende og lindrende egenskaber. Den bruges ofte i aromaterapi til at hj\u00e6lpe med at reducere stress og fremme f\u00f8lelsen af afslapning. Lavendel giver en delikat og blomsteragtig duft, der er b\u00e5de beroligende og forfriskende. Den bruges ofte i hudplejeprodukter for sin evne til at berolige og lindre huden.<\/p>\n<p>Denne h\u00e5nd- og kropsvask skummer let op og skylles ren, s\u00e5 huden f\u00f8les bl\u00f8d, glat og forfrisket. Det er et godt valg for dem, der gerne vil passe p\u00e5 deres hud og samtidig nyde de terapeutiske fordele ved \u00e6teriske olier. Den er perfekt til dem, der \u00f8nsker at f\u00f8le sig rolige og afslappede, og som \u00f8nsker at nyde en spa-lignende oplevelse i deres eget hjem.<\/p>\n","protected":false},"excerpt":{"rendered":"<p>Clary Sage &amp; Lavender Aromatherapy Hand &amp; Body Wash er et luksuri\u00f8st og beroligende produkt, der er designet til at rense og pleje huden, samtidig med at det giver en beroligende og afslappende oplevelse. Denne kosmetik er lavet med en blanding af \u00e6teriske olier, der arbejder sammen om at skabe en unik og stimulerende duft. [&hellip;]<\/p>\n","protected":false},"featured_media":273272,"comment_status":"closed","ping_status":"open","template":"","meta":{"_angie_page":false},"product_brand":[],"product_cat":[6994,26830,25839,7139,25957,25937,26858],"product_tag":[],"class_list":{"0":"post-200927","1":"product","2":"type-product","3":"status-publish","4":"has-post-thumbnail","6":"product_cat-bad-og-bruser","7":"product_cat-blomster","8":"product_cat-dufte-aromaer","9":"product_cat-kropspleje","10":"product_cat-lavendel","11":"product_cat-muskatelsalvie","12":"product_cat-urte-aromatisk","13":"pa_collection-aromatherapy-hand-body-wash-da","14":"pa_made-in-storbritannien","15":"pa_size-250ml","17":"first","18":"instock","19":"purchasable","20":"product-type-simple"},"supplier_id":null,"supplier_sku":"AHBW-06","barcode":null,"atum_controlled":true,"out_stock_date":null,"out_stock_threshold":null,"inheritable":false,"inbound_stock":0,"stock_on_hold":0,"sold_today":0,"sales_last_days":0,"reserved_stock":0,"customer_returns":0,"warehouse_damage":0,"lost_in_post":0,"other_logs":0,"out_stock_days":0,"lost_sales":0,"has_location":false,"update_date":"2026-05-08T05:02:36","atum_locations":[],"atum_stock_status":"instock","restock_status":false,"low_stock_amount":"","sales_update_date":"2026-02-06T00:01:24","calc_backorders":null,"_links":{"self":[{"href":"https:\/\/aromasentia.com\/da\/wp-json\/wp\/v2\/product\/200927","targetHints":{"allow":["GET"]}}],"collection":[{"href":"https:\/\/aromasentia.com\/da\/wp-json\/wp\/v2\/product"}],"about":[{"href":"https:\/\/aromasentia.com\/da\/wp-json\/wp\/v2\/types\/product"}],"replies":[{"embeddable":true,"href":"https:\/\/aromasentia.com\/da\/wp-json\/wp\/v2\/comments?post=200927"}],"version-history":[{"count":0,"href":"https:\/\/aromasentia.com\/da\/wp-json\/wp\/v2\/product\/200927\/revisions"}],"wp:featuredmedia":[{"embeddable":true,"href":"https:\/\/aromasentia.com\/da\/wp-json\/wp\/v2\/media\/273272"}],"wp:attachment":[{"href":"https:\/\/aromasentia.com\/da\/wp-json\/wp\/v2\/media?parent=200927"}],"wp:term":[{"taxonomy":"product_brand","embeddable":true,"href":"https:\/\/aromasentia.com\/da\/wp-json\/wp\/v2\/product_brand?post=200927"},{"taxonomy":"product_cat","embeddable":true,"href":"https:\/\/aromasentia.com\/da\/wp-json\/wp\/v2\/product_cat?post=200927"},{"taxonomy":"product_tag","embeddable":true,"href":"https:\/\/aromasentia.com\/da\/wp-json\/wp\/v2\/product_tag?post=200927"}],"curies":[{"name":"wp","href":"https:\/\/api.w.org\/{rel}","templated":true}]}}