{"id":200924,"date":"2025-03-20T16:19:41","date_gmt":"2025-03-20T16:19:41","guid":{"rendered":"https:\/\/aromasentia.com\/product\/mandarin-ginger-hand-body-lotion-250ml\/"},"modified":"2025-06-22T03:32:52","modified_gmt":"2025-06-22T03:32:52","slug":"mandarin-ingefaer-hand-body-lotion-250ml","status":"publish","type":"product","link":"https:\/\/aromasentia.com\/da\/mandarin-ingefaer-hand-body-lotion-250ml\/","title":{"rendered":"Mandarin &#038; Ingef\u00e6r Hand &#038; Body Lotion 250ml"},"content":{"rendered":"<p><span style=\"color: rgb(75, 80, 88);\"><strong>Aroma Sentia&nbsp;<\/strong><strong>Mandarin &#038; Ginger H\u00e5nd &#038; Body Lotion 250ml<\/strong> med 100% ren &#038; naturlig oliebaseret lotion uden kunstige duftstoffer.<strong>&nbsp;<\/strong><\/span><\/p>\n<p><span style=\"color: rgb(75, 80, 88);\">\u00c6teriske olier er blevet brugt i kosmetologi siden oldtiden. Ikke kun p\u00e5 grund af deres duft, men ogs\u00e5 deres hudplejeegenskaber.&nbsp;<\/span><\/p>\n<p><span style=\"color: rgb(75, 80, 88);\"><strong>Hvordan bruges den? P\u00e5f\u00f8r dagligt p\u00e5 ren hud for \u00f8jeblikkelig fugt.<\/strong><\/span><\/p>\n<p><strong><span style=\"color: rgb(75, 80, 88);\">* Fremstillet i England * Ravfarvet glasflaske * Ingen kunstige duftstoffer<\/span><\/strong><\/p>\n","protected":false},"excerpt":{"rendered":"<p>Aroma Sentia&nbsp;Mandarin &#038; Ginger H\u00e5nd &#038; Body Lotion 250ml med 100% ren &#038; naturlig oliebaseret lotion uden kunstige duftstoffer.&nbsp; \u00c6teriske olier er blevet brugt i kosmetologi siden oldtiden. Ikke kun p\u00e5 grund af deres duft, men ogs\u00e5 deres hudplejeegenskaber.&nbsp; Hvordan bruges den? P\u00e5f\u00f8r dagligt p\u00e5 ren hud for \u00f8jeblikkelig fugt. * Fremstillet i England * [&hellip;]<\/p>\n","protected":false},"featured_media":273245,"comment_status":"closed","ping_status":"open","template":"","meta":{"_angie_page":false},"product_brand":[27074],"product_cat":[6994,26816,25839,25949,7139,26886,25963],"product_tag":[],"class_list":{"0":"post-200924","1":"product","2":"type-product","3":"status-publish","4":"has-post-thumbnail","6":"product_brand-aw-cosmetics","7":"product_cat-bad-og-bruser","8":"product_cat-citrus","9":"product_cat-dufte-aromaer","10":"product_cat-ingefaer-dufte-aromaer","11":"product_cat-kropspleje","12":"product_cat-krydret","13":"product_cat-mandarin","14":"pa_collection-aromatherapy-hand-body-lotion-da","15":"pa_made-in-storbritannien","16":"pa_size-250ml","18":"first","19":"instock","20":"purchasable","21":"product-type-simple"},"supplier_id":null,"supplier_sku":"AHBL-04","barcode":null,"atum_controlled":true,"out_stock_date":null,"out_stock_threshold":null,"inheritable":false,"inbound_stock":null,"stock_on_hold":0,"sold_today":0,"sales_last_days":0,"reserved_stock":null,"customer_returns":null,"warehouse_damage":null,"lost_in_post":null,"other_logs":null,"out_stock_days":0,"lost_sales":0,"has_location":null,"update_date":"2026-04-30T17:58:42","atum_locations":[],"atum_stock_status":"instock","restock_status":false,"low_stock_amount":"","sales_update_date":"2026-01-30T01:24:35","calc_backorders":null,"_links":{"self":[{"href":"https:\/\/aromasentia.com\/da\/wp-json\/wp\/v2\/product\/200924","targetHints":{"allow":["GET"]}}],"collection":[{"href":"https:\/\/aromasentia.com\/da\/wp-json\/wp\/v2\/product"}],"about":[{"href":"https:\/\/aromasentia.com\/da\/wp-json\/wp\/v2\/types\/product"}],"replies":[{"embeddable":true,"href":"https:\/\/aromasentia.com\/da\/wp-json\/wp\/v2\/comments?post=200924"}],"version-history":[{"count":0,"href":"https:\/\/aromasentia.com\/da\/wp-json\/wp\/v2\/product\/200924\/revisions"}],"wp:featuredmedia":[{"embeddable":true,"href":"https:\/\/aromasentia.com\/da\/wp-json\/wp\/v2\/media\/273245"}],"wp:attachment":[{"href":"https:\/\/aromasentia.com\/da\/wp-json\/wp\/v2\/media?parent=200924"}],"wp:term":[{"taxonomy":"product_brand","embeddable":true,"href":"https:\/\/aromasentia.com\/da\/wp-json\/wp\/v2\/product_brand?post=200924"},{"taxonomy":"product_cat","embeddable":true,"href":"https:\/\/aromasentia.com\/da\/wp-json\/wp\/v2\/product_cat?post=200924"},{"taxonomy":"product_tag","embeddable":true,"href":"https:\/\/aromasentia.com\/da\/wp-json\/wp\/v2\/product_tag?post=200924"}],"curies":[{"name":"wp","href":"https:\/\/api.w.org\/{rel}","templated":true}]}}