{"id":200921,"date":"2025-03-20T16:19:41","date_gmt":"2025-03-20T16:19:41","guid":{"rendered":"https:\/\/aromasentia.com\/product\/juniper-lime-spearmint-hand-body-lotion-250ml\/"},"modified":"2025-06-22T03:32:48","modified_gmt":"2025-06-22T03:32:48","slug":"juniper-lime-spearmint-hand-body-lotion-250ml","status":"publish","type":"product","link":"https:\/\/aromasentia.com\/da\/juniper-lime-spearmint-hand-body-lotion-250ml\/","title":{"rendered":"Juniper, Lime &#038; Spearmint Hand &#038; Body Lotion 250ml"},"content":{"rendered":"<p><strong><span style=\"color: rgb(75, 80, 88);\">Aroma Sentia Juniper, Lime &#038; Spearmint H\u00e5nd- &#038; Bodylotion 250ml<\/span><\/strong><span style=\"color: rgb(75, 80, 88);\">med 100% ren og naturlig oliebaseret lotion uden kunstige duftstoffer.<strong>&nbsp;<\/strong><\/span><\/p>\n<p><span style=\"color: rgb(75, 80, 88);\">\u00c6teriske olier er blevet brugt i kosmetologi siden oldtiden. Ikke kun p\u00e5 grund af deres duft, men ogs\u00e5 p\u00e5 grund af deres hudplejeegenskaber.<\/span><\/p>\n<p><span style=\"color: rgb(75, 80, 88);\"><strong>Hvordan bruges den? P\u00e5f\u00f8r dagligt p\u00e5 ren hud for \u00f8jeblikkelig fugt.<\/strong><\/span><\/p>\n<p><strong><span style=\"color: rgb(75, 80, 88);\">* Fremstillet i England * Ravfarvet glasflaske * Ingen kunstige duftstoffer<\/span><\/strong><\/p>\n","protected":false},"excerpt":{"rendered":"<p>Aroma Sentia Juniper, Lime &#038; Spearmint H\u00e5nd- &#038; Bodylotion 250mlmed 100% ren og naturlig oliebaseret lotion uden kunstige duftstoffer.&nbsp; \u00c6teriske olier er blevet brugt i kosmetologi siden oldtiden. Ikke kun p\u00e5 grund af deres duft, men ogs\u00e5 p\u00e5 grund af deres hudplejeegenskaber. Hvordan bruges den? P\u00e5f\u00f8r dagligt p\u00e5 ren hud for \u00f8jeblikkelig fugt. * Fremstillet [&hellip;]<\/p>\n","protected":false},"featured_media":273218,"comment_status":"closed","ping_status":"open","template":"","meta":[],"product_brand":[27074],"product_cat":[6994,26816,25839,25991,7139,25962,26872],"product_tag":[],"class_list":{"0":"post-200921","1":"product","2":"type-product","3":"status-publish","4":"has-post-thumbnail","6":"product_brand-aw-cosmetics","7":"product_cat-bad-og-bruser","8":"product_cat-citrus","9":"product_cat-dufte-aromaer","10":"product_cat-gron-mynte","11":"product_cat-kropspleje","12":"product_cat-lime","13":"product_cat-mynte","14":"pa_collection-aromatherapy-hand-body-lotion-da","15":"pa_made-in-storbritannien","16":"pa_size-250ml","18":"first","19":"instock","20":"purchasable","21":"product-type-simple"},"supplier_id":null,"supplier_sku":"AHBL-01","barcode":null,"atum_controlled":true,"out_stock_date":null,"out_stock_threshold":null,"inheritable":false,"inbound_stock":null,"stock_on_hold":0,"sold_today":0,"sales_last_days":0,"reserved_stock":null,"customer_returns":null,"warehouse_damage":null,"lost_in_post":null,"other_logs":null,"out_stock_days":0,"lost_sales":0,"has_location":null,"update_date":"2026-02-06T00:01:30","atum_locations":[],"atum_stock_status":"instock","restock_status":false,"low_stock_amount":"","sales_update_date":"2026-02-06T00:01:30","calc_backorders":null,"_links":{"self":[{"href":"https:\/\/aromasentia.com\/da\/wp-json\/wp\/v2\/product\/200921","targetHints":{"allow":["GET"]}}],"collection":[{"href":"https:\/\/aromasentia.com\/da\/wp-json\/wp\/v2\/product"}],"about":[{"href":"https:\/\/aromasentia.com\/da\/wp-json\/wp\/v2\/types\/product"}],"replies":[{"embeddable":true,"href":"https:\/\/aromasentia.com\/da\/wp-json\/wp\/v2\/comments?post=200921"}],"version-history":[{"count":0,"href":"https:\/\/aromasentia.com\/da\/wp-json\/wp\/v2\/product\/200921\/revisions"}],"wp:featuredmedia":[{"embeddable":true,"href":"https:\/\/aromasentia.com\/da\/wp-json\/wp\/v2\/media\/273218"}],"wp:attachment":[{"href":"https:\/\/aromasentia.com\/da\/wp-json\/wp\/v2\/media?parent=200921"}],"wp:term":[{"taxonomy":"product_brand","embeddable":true,"href":"https:\/\/aromasentia.com\/da\/wp-json\/wp\/v2\/product_brand?post=200921"},{"taxonomy":"product_cat","embeddable":true,"href":"https:\/\/aromasentia.com\/da\/wp-json\/wp\/v2\/product_cat?post=200921"},{"taxonomy":"product_tag","embeddable":true,"href":"https:\/\/aromasentia.com\/da\/wp-json\/wp\/v2\/product_tag?post=200921"}],"curies":[{"name":"wp","href":"https:\/\/api.w.org\/{rel}","templated":true}]}}