{"id":200920,"date":"2025-03-20T16:20:34","date_gmt":"2025-03-20T16:20:34","guid":{"rendered":"https:\/\/aromasentia.com\/product\/cinnamon-olive-oil-soap\/"},"modified":"2025-06-22T03:32:48","modified_gmt":"2025-06-22T03:32:48","slug":"kanel-saebe-olivenolie","status":"publish","type":"product","link":"https:\/\/aromasentia.com\/da\/kanel-saebe-olivenolie\/","title":{"rendered":"Kanel &#8211; S\u00e6be Olivenolie"},"content":{"rendered":"<p>Kanel: En dejligt duftende tropisk frugt, der bl\u00f8dg\u00f8r huden og kan hj\u00e6lpe med at fjerne t\u00f8rre pletter og bek\u00e6mpe urenheder. Den er perfekt til at fugte, bl\u00f8dg\u00f8re, n\u00e6re og beskytte din hud og efterlade den bl\u00f8d og fast.<\/p>\n<p>H\u00e5ndlavede s\u00e6ber er h\u00e5ndlavede ved hj\u00e6lp af en traditionel koldprocesmetode. De er ikke bare smukke, men de er ogs\u00e5 yderst nyttige p\u00e5 mange m\u00e5der. De er lavet til at v\u00e6re gode for b\u00e5de dig og milj\u00f8et. Hver s\u00e6be har s\u00e6rlige egenskaber relateret til \u00e6teriske olier og andre naturlige ingredienser. Koldprocesss\u00e6befremstilling bevarer vitaminer, mineraler og enzymer fra de f\u00f8rsteklasses, naturlige ingredienser.<\/p>\n<p>H\u00e5ndlavede h\u00e5ndlavede s\u00e6ber er korrekt fremstillet med vegetabilske olier og tilbyder et sundere valg til badning og generel hudpleje.<\/p>\n","protected":false},"excerpt":{"rendered":"<p>Kanel: En dejligt duftende tropisk frugt, der bl\u00f8dg\u00f8r huden og kan hj\u00e6lpe med at fjerne t\u00f8rre pletter og bek\u00e6mpe urenheder. Den er perfekt til at fugte, bl\u00f8dg\u00f8re, n\u00e6re og beskytte din hud og efterlade den bl\u00f8d og fast. H\u00e5ndlavede s\u00e6ber er h\u00e5ndlavede ved hj\u00e6lp af en traditionel koldprocesmetode. De er ikke bare smukke, men de [&hellip;]<\/p>\n","protected":false},"featured_media":273961,"comment_status":"closed","ping_status":"open","template":"","meta":{"_angie_page":false},"product_brand":[],"product_cat":[6994,25839,25935,26886,7012],"product_tag":[],"class_list":{"0":"post-200920","1":"product","2":"type-product","3":"status-publish","4":"has-post-thumbnail","6":"product_cat-bad-og-bruser","7":"product_cat-dufte-aromaer","8":"product_cat-kanel","9":"product_cat-krydret","10":"product_cat-okologiske-saeber-saebebar","11":"pa_collection-artisan-olive-oil-soaps-1-25kg-and-slices-da","12":"pa_made-in-spanien","14":"first","15":"instock","16":"purchasable","17":"product-type-simple"},"supplier_id":null,"supplier_sku":"ArtS-23L","barcode":null,"atum_controlled":true,"out_stock_date":null,"out_stock_threshold":null,"inheritable":false,"inbound_stock":null,"stock_on_hold":0,"sold_today":0,"sales_last_days":0,"reserved_stock":null,"customer_returns":null,"warehouse_damage":null,"lost_in_post":null,"other_logs":null,"out_stock_days":0,"lost_sales":0,"has_location":null,"update_date":"2026-04-27T06:51:13","atum_locations":[],"atum_stock_status":"instock","restock_status":false,"low_stock_amount":"","sales_update_date":"2025-10-09T03:23:46","calc_backorders":null,"_links":{"self":[{"href":"https:\/\/aromasentia.com\/da\/wp-json\/wp\/v2\/product\/200920","targetHints":{"allow":["GET"]}}],"collection":[{"href":"https:\/\/aromasentia.com\/da\/wp-json\/wp\/v2\/product"}],"about":[{"href":"https:\/\/aromasentia.com\/da\/wp-json\/wp\/v2\/types\/product"}],"replies":[{"embeddable":true,"href":"https:\/\/aromasentia.com\/da\/wp-json\/wp\/v2\/comments?post=200920"}],"version-history":[{"count":0,"href":"https:\/\/aromasentia.com\/da\/wp-json\/wp\/v2\/product\/200920\/revisions"}],"wp:featuredmedia":[{"embeddable":true,"href":"https:\/\/aromasentia.com\/da\/wp-json\/wp\/v2\/media\/273961"}],"wp:attachment":[{"href":"https:\/\/aromasentia.com\/da\/wp-json\/wp\/v2\/media?parent=200920"}],"wp:term":[{"taxonomy":"product_brand","embeddable":true,"href":"https:\/\/aromasentia.com\/da\/wp-json\/wp\/v2\/product_brand?post=200920"},{"taxonomy":"product_cat","embeddable":true,"href":"https:\/\/aromasentia.com\/da\/wp-json\/wp\/v2\/product_cat?post=200920"},{"taxonomy":"product_tag","embeddable":true,"href":"https:\/\/aromasentia.com\/da\/wp-json\/wp\/v2\/product_tag?post=200920"}],"curies":[{"name":"wp","href":"https:\/\/api.w.org\/{rel}","templated":true}]}}