{"id":200917,"date":"2025-03-20T16:20:34","date_gmt":"2025-03-20T16:20:34","guid":{"rendered":"https:\/\/aromasentia.com\/product\/lavender-olive-oil-soap\/"},"modified":"2025-06-22T03:32:46","modified_gmt":"2025-06-22T03:32:46","slug":"lavendel-olivenolie-saebe","status":"publish","type":"product","link":"https:\/\/aromasentia.com\/da\/lavendel-olivenolie-saebe\/","title":{"rendered":"Lavendel &#8211; Olivenolie S\u00e6be"},"content":{"rendered":"<p>Lavendel indeholder tanniner, som er antiseptiske og s\u00e5rhelende og beskytter huden. Dens \u00e6teriske olie giver den dens beroligende og afslappende egenskaber.<\/p>\n<p>H\u00e5ndlavede s\u00e6ber er h\u00e5ndlavede ved hj\u00e6lp af traditionelle koldprocesmetoder. De er ikke bare smukke, men de er ogs\u00e5 yderst nyttige p\u00e5 mange m\u00e5der. De er lavet til at v\u00e6re gode for b\u00e5de dig og milj\u00f8et. Hver s\u00e6be har s\u00e6rlige egenskaber relateret til \u00e6teriske olier og andre naturlige ingredienser. Koldprocess\u00e6befremstilling bevarer vitaminer, mineraler og enzymer fra de f\u00f8rsteklasses, naturlige ingredienser.<\/p>\n<p>H\u00e5ndlavede h\u00e5ndlavede s\u00e6ber er korrekt fremstillet med vegetabilske olier og tilbyder et sundere valg til badning og generel hudpleje.<\/p>\n","protected":false},"excerpt":{"rendered":"<p>Lavendel indeholder tanniner, som er antiseptiske og s\u00e5rhelende og beskytter huden. Dens \u00e6teriske olie giver den dens beroligende og afslappende egenskaber. H\u00e5ndlavede s\u00e6ber er h\u00e5ndlavede ved hj\u00e6lp af traditionelle koldprocesmetoder. De er ikke bare smukke, men de er ogs\u00e5 yderst nyttige p\u00e5 mange m\u00e5der. De er lavet til at v\u00e6re gode for b\u00e5de dig og [&hellip;]<\/p>\n","protected":false},"featured_media":273886,"comment_status":"closed","ping_status":"open","template":"","meta":{"_angie_page":false},"product_brand":[],"product_cat":[6994,26830,25839,25957,7012],"product_tag":[],"class_list":{"0":"post-200917","1":"product","2":"type-product","3":"status-publish","4":"has-post-thumbnail","6":"product_cat-bad-og-bruser","7":"product_cat-blomster","8":"product_cat-dufte-aromaer","9":"product_cat-lavendel","10":"product_cat-okologiske-saeber-saebebar","11":"pa_collection-artisan-olive-oil-soaps-1-25kg-and-slices-da","12":"pa_made-in-spanien","14":"first","15":"instock","16":"purchasable","17":"product-type-simple"},"supplier_id":null,"supplier_sku":"ArtS-20L","barcode":null,"atum_controlled":true,"out_stock_date":null,"out_stock_threshold":null,"inheritable":false,"inbound_stock":null,"stock_on_hold":0,"sold_today":0,"sales_last_days":0,"reserved_stock":null,"customer_returns":null,"warehouse_damage":null,"lost_in_post":null,"other_logs":null,"out_stock_days":0,"lost_sales":0,"has_location":null,"update_date":"2026-04-27T06:51:13","atum_locations":[],"atum_stock_status":"instock","restock_status":false,"low_stock_amount":"","sales_update_date":"2025-10-09T03:23:45","calc_backorders":null,"_links":{"self":[{"href":"https:\/\/aromasentia.com\/da\/wp-json\/wp\/v2\/product\/200917","targetHints":{"allow":["GET"]}}],"collection":[{"href":"https:\/\/aromasentia.com\/da\/wp-json\/wp\/v2\/product"}],"about":[{"href":"https:\/\/aromasentia.com\/da\/wp-json\/wp\/v2\/types\/product"}],"replies":[{"embeddable":true,"href":"https:\/\/aromasentia.com\/da\/wp-json\/wp\/v2\/comments?post=200917"}],"version-history":[{"count":0,"href":"https:\/\/aromasentia.com\/da\/wp-json\/wp\/v2\/product\/200917\/revisions"}],"wp:featuredmedia":[{"embeddable":true,"href":"https:\/\/aromasentia.com\/da\/wp-json\/wp\/v2\/media\/273886"}],"wp:attachment":[{"href":"https:\/\/aromasentia.com\/da\/wp-json\/wp\/v2\/media?parent=200917"}],"wp:term":[{"taxonomy":"product_brand","embeddable":true,"href":"https:\/\/aromasentia.com\/da\/wp-json\/wp\/v2\/product_brand?post=200917"},{"taxonomy":"product_cat","embeddable":true,"href":"https:\/\/aromasentia.com\/da\/wp-json\/wp\/v2\/product_cat?post=200917"},{"taxonomy":"product_tag","embeddable":true,"href":"https:\/\/aromasentia.com\/da\/wp-json\/wp\/v2\/product_tag?post=200917"}],"curies":[{"name":"wp","href":"https:\/\/api.w.org\/{rel}","templated":true}]}}