{"id":200906,"date":"2025-03-20T16:20:34","date_gmt":"2025-03-20T16:20:34","guid":{"rendered":"https:\/\/aromasentia.com\/product\/rosehip-olive-oil-soap\/"},"modified":"2025-06-22T03:32:42","modified_gmt":"2025-06-22T03:32:42","slug":"saebe-med-hyben-og-olivenolie","status":"publish","type":"product","link":"https:\/\/aromasentia.com\/da\/saebe-med-hyben-og-olivenolie\/","title":{"rendered":"S\u00e6be med Hyben Og Olivenolie"},"content":{"rendered":"<p>Frugten fra Rosa Canina er en meget rig kilde til vitaminer og mineraler, is\u00e6r vitamin A, C og E, flavanoider og andre bioaktive forbindelser. Det er ogs\u00e5 en ret god kilde til essentielle fedtsyrer, hvilket er ret us\u00e6dvanligt for en frugt. Hybenolie hj\u00e6lper med at tone og opstramme huden, den udj\u00e6vner hudtonen, og den dejlige hybenduft hj\u00e6lper med afslapning.<\/p>\n<p>H\u00e5ndlavede s\u00e6ber er h\u00e5ndlavede ved hj\u00e6lp af en traditionel koldprocesmetode. De er ikke bare smukke, men de er ogs\u00e5 yderst nyttige p\u00e5 mange m\u00e5der. De er lavet til at v\u00e6re gode for b\u00e5de dig og milj\u00f8et. Hver s\u00e6be har s\u00e6rlige egenskaber relateret til \u00e6teriske olier og andre naturlige ingredienser. Koldprocesss\u00e6befremstilling bevarer vitaminerne, mineralerne og enzymerne fra de f\u00f8rsteklasses, naturlige ingredienser.<\/p>\n<p>H\u00e5ndlavede h\u00e5ndlavede s\u00e6ber er korrekt fremstillet med vegetabilske olier og tilbyder et sundere valg til badning og generel hudpleje.<\/p>\n","protected":false},"excerpt":{"rendered":"<p>Frugten fra Rosa Canina er en meget rig kilde til vitaminer og mineraler, is\u00e6r vitamin A, C og E, flavanoider og andre bioaktive forbindelser. Det er ogs\u00e5 en ret god kilde til essentielle fedtsyrer, hvilket er ret us\u00e6dvanligt for en frugt. Hybenolie hj\u00e6lper med at tone og opstramme huden, den udj\u00e6vner hudtonen, og den dejlige [&hellip;]<\/p>\n","protected":false},"featured_media":273603,"comment_status":"closed","ping_status":"open","template":"","meta":{"_angie_page":false},"product_brand":[],"product_cat":[6994,25839,26459,26823,7012],"product_tag":[],"class_list":{"0":"post-200906","1":"product","2":"type-product","3":"status-publish","4":"has-post-thumbnail","6":"product_cat-bad-og-bruser","7":"product_cat-dufte-aromaer","8":"product_cat-hyben","9":"product_cat-jordagtig-og-gron","10":"product_cat-okologiske-saeber-saebebar","11":"pa_collection-artisan-olive-oil-soaps-1-25kg-and-slices-da","12":"pa_made-in-spanien","14":"first","15":"instock","16":"purchasable","17":"product-type-simple"},"supplier_id":null,"supplier_sku":"ArtS-05L","barcode":null,"atum_controlled":true,"out_stock_date":null,"out_stock_threshold":null,"inheritable":false,"inbound_stock":null,"stock_on_hold":0,"sold_today":0,"sales_last_days":0,"reserved_stock":null,"customer_returns":null,"warehouse_damage":null,"lost_in_post":null,"other_logs":null,"out_stock_days":0,"lost_sales":0,"has_location":null,"update_date":"2026-04-27T06:51:07","atum_locations":[],"atum_stock_status":"instock","restock_status":false,"low_stock_amount":"","sales_update_date":"2025-10-09T03:23:42","calc_backorders":null,"_links":{"self":[{"href":"https:\/\/aromasentia.com\/da\/wp-json\/wp\/v2\/product\/200906","targetHints":{"allow":["GET"]}}],"collection":[{"href":"https:\/\/aromasentia.com\/da\/wp-json\/wp\/v2\/product"}],"about":[{"href":"https:\/\/aromasentia.com\/da\/wp-json\/wp\/v2\/types\/product"}],"replies":[{"embeddable":true,"href":"https:\/\/aromasentia.com\/da\/wp-json\/wp\/v2\/comments?post=200906"}],"version-history":[{"count":0,"href":"https:\/\/aromasentia.com\/da\/wp-json\/wp\/v2\/product\/200906\/revisions"}],"wp:featuredmedia":[{"embeddable":true,"href":"https:\/\/aromasentia.com\/da\/wp-json\/wp\/v2\/media\/273603"}],"wp:attachment":[{"href":"https:\/\/aromasentia.com\/da\/wp-json\/wp\/v2\/media?parent=200906"}],"wp:term":[{"taxonomy":"product_brand","embeddable":true,"href":"https:\/\/aromasentia.com\/da\/wp-json\/wp\/v2\/product_brand?post=200906"},{"taxonomy":"product_cat","embeddable":true,"href":"https:\/\/aromasentia.com\/da\/wp-json\/wp\/v2\/product_cat?post=200906"},{"taxonomy":"product_tag","embeddable":true,"href":"https:\/\/aromasentia.com\/da\/wp-json\/wp\/v2\/product_tag?post=200906"}],"curies":[{"name":"wp","href":"https:\/\/api.w.org\/{rel}","templated":true}]}}