{"id":200903,"date":"2025-03-20T16:20:34","date_gmt":"2025-03-20T16:20:34","guid":{"rendered":"https:\/\/aromasentia.com\/product\/aromatherapy-shower-steamer-80g-kick-start\/"},"modified":"2025-06-22T03:32:41","modified_gmt":"2025-06-22T03:32:41","slug":"aromaterapi-brusedamper-80g-kick-start","status":"publish","type":"product","link":"https:\/\/aromasentia.com\/da\/aromaterapi-brusedamper-80g-kick-start\/","title":{"rendered":"Aromaterapi Brusedamper 80g &#8211; Kick Start"},"content":{"rendered":"<h2 style=\"text-align: justify;\"><span style=\"color: rgb(40, 50, 78);\">Wholesale Aromatherapy Shower Steamer Kick Start<\/span><\/h2>\n<p style=\"text-align: justify;\"><span style=\"color: rgb(40, 50, 78);\">S\u00e6t blot damperen p\u00e5 gulvet i din bruser, og lad dampen aktivere de <strong>essentielle olier<\/strong> og fylde rummet med en energigivende og forfriskende duft. Kick Start brusedampere er perfekte til alle, der \u00f8nsker at <strong>booste deres produktivitet<\/strong> og <strong>fokusere i l\u00f8bet af dagen<\/strong>.<\/span><\/p>\n<p style=\"text-align: justify;\"><span style=\"color: rgb(40, 50, 78);\">Disse shower steamers er en <strong>god tilf\u00f8jelse til enhver spa<\/strong> eller <strong>sk\u00f8nhedsvirksomhed<\/strong>, da de giver kunderne en unik og luksuri\u00f8s bruseoplevelse. De er ogs\u00e5 gode gaver, enten som en del af en <strong>gavekurv<\/strong> eller som en enkeltst\u00e5ende vare til alle, der kunne bruge lidt ekstra energi og fokus i deres dag.<\/span><\/p>\n<p style=\"text-align: justify;\"><span style=\"color: rgb(40, 50, 78);\">P\u00e5 <strong>Ancient Wisdom<\/strong> er vi forpligtet til at levere aromaterapiprodukter af h\u00f8j kvalitet og til en overkommelig pris til virksomheder i alle st\u00f8rrelser.<\/span><\/p>\n<p style=\"text-align: justify;\"><span style=\"color: rgb(40, 50, 78);\"><strong>Bestil vores Kick Start <a href=\"https:\/\/aromasentia.com\/aross\" rel=\"noopener noreferrer\" target=\"_blank\">Aromaterapi brusedampere<\/a> og tag din virksomhed til det n\u00e6ste niveau med dette sp\u00e6ndende nye produkt. G\u00e5 ikke glip af muligheden for at tilbyde dine kunder en forfriskende og energigivende bruseoplevelse. <a href=\"https:\/\/aromasentia.com\/wholesale-bath-bombs-uk\" rel=\"noopener noreferrer\" target=\"_blank\">Badebomber i engroshandel uden krav om minimumsbestilling<\/a> k\u00f8b!<\/p>\n","protected":false},"excerpt":{"rendered":"<p>Wholesale Aromatherapy Shower Steamer Kick Start S\u00e6t blot damperen p\u00e5 gulvet i din bruser, og lad dampen aktivere de essentielle olier og fylde rummet med en energigivende og forfriskende duft. Kick Start brusedampere er perfekte til alle, der \u00f8nsker at booste deres produktivitet og fokusere i l\u00f8bet af dagen. Disse shower steamers er en god [&hellip;]<\/p>\n","protected":false},"featured_media":273528,"comment_status":"closed","ping_status":"open","template":"","meta":{"_angie_page":false},"product_brand":[],"product_cat":[6994,7029],"product_tag":[],"class_list":{"0":"post-200903","1":"product","2":"type-product","3":"status-publish","4":"has-post-thumbnail","6":"product_cat-bad-og-bruser","7":"product_cat-badebomber","8":"pa_collection-aromatherapy-shower-steamers-da","9":"pa_made-in-storbritannien","10":"pa_size-80g","12":"first","13":"instock","14":"purchasable","15":"product-type-simple"},"supplier_id":null,"supplier_sku":"AROSS-01a","barcode":null,"atum_controlled":true,"out_stock_date":null,"out_stock_threshold":null,"inheritable":false,"inbound_stock":null,"stock_on_hold":0,"sold_today":0,"sales_last_days":0,"reserved_stock":null,"customer_returns":null,"warehouse_damage":null,"lost_in_post":null,"other_logs":null,"out_stock_days":0,"lost_sales":0,"has_location":null,"update_date":"2026-05-08T05:02:38","atum_locations":[],"atum_stock_status":"instock","restock_status":false,"low_stock_amount":"","sales_update_date":"2025-10-09T03:23:28","calc_backorders":null,"_links":{"self":[{"href":"https:\/\/aromasentia.com\/da\/wp-json\/wp\/v2\/product\/200903","targetHints":{"allow":["GET"]}}],"collection":[{"href":"https:\/\/aromasentia.com\/da\/wp-json\/wp\/v2\/product"}],"about":[{"href":"https:\/\/aromasentia.com\/da\/wp-json\/wp\/v2\/types\/product"}],"replies":[{"embeddable":true,"href":"https:\/\/aromasentia.com\/da\/wp-json\/wp\/v2\/comments?post=200903"}],"version-history":[{"count":0,"href":"https:\/\/aromasentia.com\/da\/wp-json\/wp\/v2\/product\/200903\/revisions"}],"wp:featuredmedia":[{"embeddable":true,"href":"https:\/\/aromasentia.com\/da\/wp-json\/wp\/v2\/media\/273528"}],"wp:attachment":[{"href":"https:\/\/aromasentia.com\/da\/wp-json\/wp\/v2\/media?parent=200903"}],"wp:term":[{"taxonomy":"product_brand","embeddable":true,"href":"https:\/\/aromasentia.com\/da\/wp-json\/wp\/v2\/product_brand?post=200903"},{"taxonomy":"product_cat","embeddable":true,"href":"https:\/\/aromasentia.com\/da\/wp-json\/wp\/v2\/product_cat?post=200903"},{"taxonomy":"product_tag","embeddable":true,"href":"https:\/\/aromasentia.com\/da\/wp-json\/wp\/v2\/product_tag?post=200903"}],"curies":[{"name":"wp","href":"https:\/\/api.w.org\/{rel}","templated":true}]}}