{"id":200902,"date":"2025-03-20T16:20:34","date_gmt":"2025-03-20T16:20:34","guid":{"rendered":"https:\/\/aromasentia.com\/product\/aromatherapy-shower-steamer-80g-post-workout\/"},"modified":"2025-06-22T03:32:40","modified_gmt":"2025-06-22T03:32:40","slug":"aromatherapy-shower-steamer-80g-efter-traening","status":"publish","type":"product","link":"https:\/\/aromasentia.com\/da\/aromatherapy-shower-steamer-80g-efter-traening\/","title":{"rendered":"Aromatherapy Shower Steamer 80g &#8211; Efter Tr\u00e6ning"},"content":{"rendered":"<h2 style=\"text-align: justify;\"><span style=\"color: rgb(40, 50, 78);\">Wholesale Aromatherapy Shower Streamer Post Workout<\/span><\/h2>\n<p style=\"text-align: justify;\"><span style=\"color: rgb(40, 50, 78);\">Som en badebombe til brusebadet giver vores brusedampere <strong>et spa-lignende aromatisk milj\u00f8 til dine kunder<\/strong>. Du skal blot placere en damper i bunden af bruseren for at nyde den luksuri\u00f8se aromaterapi i dit eget hjem. Med vores <a href=\"https:\/\/aromasentia.com\/aross\" rel=\"noopener noreferrer\" target=\"_blank\">bruserdampere i l\u00f8ssalg<\/a> kan <strong>du udvide dit tilbud til dem, der ikke har et bad, og give dem den samme sk\u00f8nne og forfriskende oplevelse<\/strong><\/span><\/p>\n<p style=\"text-align: justify;\"><span style=\"color: rgb(40, 50, 78);\">Vores shower steamers er specielt <strong>formuleret med en blanding af \u00e6teriske olier<\/strong>, herunder pebermynte og eukalyptus, for at give en forfriskende og revitaliserende bruseoplevelse. Placer blot en damper i hj\u00f8rnet af bruseren, og lad dampen aktivere de \u00e6teriske olier, s\u00e5 bruseren fyldes med en energigivende aroma.<\/span><\/p>\n<p style=\"text-align: justify;\"><span style=\"color: rgb(40, 50, 78);\">Vores 16x Aromatherapy Shower Steamer 70g &#8211; Post-Workout er perfekt til enhver spa- eller sk\u00f8nhedsvirksomhed <strong>der \u00f8nsker at tilbyde en naturlig<\/strong> og <strong>effektiv m\u00e5de for dine kunder<\/strong> at komme sig over deres tr\u00e6thed efter tr\u00e6ning. Damperne er ogs\u00e5 en <strong>god tilf\u00f8jelse til enhver wellness-rutine<\/strong>, der giver et \u00f8jebliks <strong>afslapning<\/strong> og <strong>foryngelse<\/strong>.<\/span><\/p>\n<p style=\"text-align: justify;\"><span style=\"color: rgb(40, 50, 78);\">Er du klar til at forbedre dine kunders bruseoplevelse og udvide dit produktudbud?<\/span><\/p>\n<p style=\"text-align: justify;\"><span style=\"color: rgb(40, 50, 78);\"><strong>Bestil vores aromaterapi-brusedampere<\/strong>, og bring fordelene ved aromaterapi ind i dine kunders eget hjem. Med vores <a href=\"https:\/\/aromasentia.com\/wholesale-bath-bombs-uk\" rel=\"noopener noreferrer\" target=\"_blank\">grovvaresalg af badebomber uden minimumsbestilling<\/a> kan du nemt tilf\u00f8je disse dampbade til din beholdning<\/span><\/p>\n","protected":false},"excerpt":{"rendered":"<p>Wholesale Aromatherapy Shower Streamer Post Workout Som en badebombe til brusebadet giver vores brusedampere et spa-lignende aromatisk milj\u00f8 til dine kunder. Du skal blot placere en damper i bunden af bruseren for at nyde den luksuri\u00f8se aromaterapi i dit eget hjem. Med vores bruserdampere i l\u00f8ssalg kan du udvide dit tilbud til dem, der ikke [&hellip;]<\/p>\n","protected":false},"featured_media":273503,"comment_status":"closed","ping_status":"open","template":"","meta":{"_angie_page":false},"product_brand":[],"product_cat":[6994,7029],"product_tag":[],"class_list":{"0":"post-200902","1":"product","2":"type-product","3":"status-publish","4":"has-post-thumbnail","6":"product_cat-bad-og-bruser","7":"product_cat-badebomber","8":"pa_collection-aromatherapy-shower-steamers-da","9":"pa_made-in-storbritannien","10":"pa_size-80g","12":"first","13":"instock","14":"purchasable","15":"product-type-simple"},"supplier_id":null,"supplier_sku":"AROSS-02a","barcode":null,"atum_controlled":true,"out_stock_date":null,"out_stock_threshold":null,"inheritable":false,"inbound_stock":null,"stock_on_hold":0,"sold_today":0,"sales_last_days":0,"reserved_stock":null,"customer_returns":null,"warehouse_damage":null,"lost_in_post":null,"other_logs":null,"out_stock_days":0,"lost_sales":0,"has_location":null,"update_date":"2026-05-11T01:55:49","atum_locations":[],"atum_stock_status":"instock","restock_status":false,"low_stock_amount":"","sales_update_date":"2025-10-09T03:23:29","calc_backorders":null,"_links":{"self":[{"href":"https:\/\/aromasentia.com\/da\/wp-json\/wp\/v2\/product\/200902","targetHints":{"allow":["GET"]}}],"collection":[{"href":"https:\/\/aromasentia.com\/da\/wp-json\/wp\/v2\/product"}],"about":[{"href":"https:\/\/aromasentia.com\/da\/wp-json\/wp\/v2\/types\/product"}],"replies":[{"embeddable":true,"href":"https:\/\/aromasentia.com\/da\/wp-json\/wp\/v2\/comments?post=200902"}],"version-history":[{"count":0,"href":"https:\/\/aromasentia.com\/da\/wp-json\/wp\/v2\/product\/200902\/revisions"}],"wp:featuredmedia":[{"embeddable":true,"href":"https:\/\/aromasentia.com\/da\/wp-json\/wp\/v2\/media\/273503"}],"wp:attachment":[{"href":"https:\/\/aromasentia.com\/da\/wp-json\/wp\/v2\/media?parent=200902"}],"wp:term":[{"taxonomy":"product_brand","embeddable":true,"href":"https:\/\/aromasentia.com\/da\/wp-json\/wp\/v2\/product_brand?post=200902"},{"taxonomy":"product_cat","embeddable":true,"href":"https:\/\/aromasentia.com\/da\/wp-json\/wp\/v2\/product_cat?post=200902"},{"taxonomy":"product_tag","embeddable":true,"href":"https:\/\/aromasentia.com\/da\/wp-json\/wp\/v2\/product_tag?post=200902"}],"curies":[{"name":"wp","href":"https:\/\/api.w.org\/{rel}","templated":true}]}}