{"id":200900,"date":"2025-03-20T16:21:52","date_gmt":"2025-03-20T16:21:52","guid":{"rendered":"https:\/\/aromasentia.com\/product\/argan-olive-oil-soap-slice\/"},"modified":"2025-06-22T03:32:38","modified_gmt":"2025-06-22T03:32:38","slug":"argan-olivenolie-saebe-skive","status":"publish","type":"product","link":"https:\/\/aromasentia.com\/da\/argan-olivenolie-saebe-skive\/","title":{"rendered":"Argan &#8211; Olivenolie S\u00e6be Skive"},"content":{"rendered":"<p>Arganolie i <strong>Aroma Sentia-ping Argan<\/strong><strong>&#8211; Olivenolies\u00e6beskive<\/strong>er en af de sj\u00e6ldneste olier i verden og er en robust, n\u00f8ddeagtig olie, der hovedsageligt er fremstillet i Marokko af n\u00f8dderne fra argantr\u00e6et. Den er fyldt med essentielle fedtsyrer, antioxidanter, vitaminer og mineraler, der kan bidrage til at fremme den generelle sundhed ved at fugtgive og bl\u00f8dg\u00f8re din hud.<\/p>\n<p>Olivenolies\u00e6ber var en af de f\u00f8rste vegetabilske s\u00e6ber. De er h\u00e5ndlavede ved hj\u00e6lp af en traditionel koldprocesmetode og er ogs\u00e5 <strong>SLS- og parabenfri<\/strong>. Det naturlige fedt kan bidrage til at beskytte, forbedre hudtonen, bl\u00f8dheden og ungdommeligheden af huden gennem en omstrukturerende olievirkning.<\/p>\n<p><\/p>\n<p>S\u00e6beskiver s\u00e6lges indpakket i vokspapir med en ingrediensetiket og vejer cirka 110 g.<\/p>\n<p><strong>BEM\u00c6RK VENLIGST:<\/strong> Vores s\u00e6ber er h\u00e5ndlavede, og farven eller designet kan afvige en smule fra de viste billeder.<\/p>\n","protected":false},"excerpt":{"rendered":"<p>Arganolie i Aroma Sentia-ping Argan&#8211; Olivenolies\u00e6beskiveer en af de sj\u00e6ldneste olier i verden og er en robust, n\u00f8ddeagtig olie, der hovedsageligt er fremstillet i Marokko af n\u00f8dderne fra argantr\u00e6et. Den er fyldt med essentielle fedtsyrer, antioxidanter, vitaminer og mineraler, der kan bidrage til at fremme den generelle sundhed ved at fugtgive og bl\u00f8dg\u00f8re din hud. [&hellip;]<\/p>\n","protected":false},"featured_media":274629,"comment_status":"closed","ping_status":"open","template":"","meta":{"_angie_page":false},"product_brand":[],"product_cat":[6994,7012],"product_tag":[],"class_list":{"0":"post-200900","1":"product","2":"type-product","3":"status-publish","4":"has-post-thumbnail","6":"product_cat-bad-og-bruser","7":"product_cat-okologiske-saeber-saebebar","8":"pa_collection-artisan-olive-oil-soaps-1-25kg-and-slices-da","9":"pa_made-in-spanien","11":"first","12":"instock","13":"purchasable","14":"product-type-simple"},"supplier_id":null,"supplier_sku":"ArtS-24S","barcode":null,"atum_controlled":true,"out_stock_date":null,"out_stock_threshold":null,"inheritable":false,"inbound_stock":null,"stock_on_hold":0,"sold_today":0,"sales_last_days":0,"reserved_stock":null,"customer_returns":null,"warehouse_damage":null,"lost_in_post":null,"other_logs":null,"out_stock_days":0,"lost_sales":0,"has_location":null,"update_date":"2026-04-27T06:51:13","atum_locations":[],"atum_stock_status":"instock","restock_status":false,"low_stock_amount":"","sales_update_date":"2025-10-09T03:23:45","calc_backorders":null,"_links":{"self":[{"href":"https:\/\/aromasentia.com\/da\/wp-json\/wp\/v2\/product\/200900","targetHints":{"allow":["GET"]}}],"collection":[{"href":"https:\/\/aromasentia.com\/da\/wp-json\/wp\/v2\/product"}],"about":[{"href":"https:\/\/aromasentia.com\/da\/wp-json\/wp\/v2\/types\/product"}],"replies":[{"embeddable":true,"href":"https:\/\/aromasentia.com\/da\/wp-json\/wp\/v2\/comments?post=200900"}],"version-history":[{"count":0,"href":"https:\/\/aromasentia.com\/da\/wp-json\/wp\/v2\/product\/200900\/revisions"}],"wp:featuredmedia":[{"embeddable":true,"href":"https:\/\/aromasentia.com\/da\/wp-json\/wp\/v2\/media\/274629"}],"wp:attachment":[{"href":"https:\/\/aromasentia.com\/da\/wp-json\/wp\/v2\/media?parent=200900"}],"wp:term":[{"taxonomy":"product_brand","embeddable":true,"href":"https:\/\/aromasentia.com\/da\/wp-json\/wp\/v2\/product_brand?post=200900"},{"taxonomy":"product_cat","embeddable":true,"href":"https:\/\/aromasentia.com\/da\/wp-json\/wp\/v2\/product_cat?post=200900"},{"taxonomy":"product_tag","embeddable":true,"href":"https:\/\/aromasentia.com\/da\/wp-json\/wp\/v2\/product_tag?post=200900"}],"curies":[{"name":"wp","href":"https:\/\/api.w.org\/{rel}","templated":true}]}}