{"id":200887,"date":"2025-03-20T16:21:52","date_gmt":"2025-03-20T16:21:52","guid":{"rendered":"https:\/\/aromasentia.com\/product\/green-tea-olive-oil-soap-slice\/"},"modified":"2025-06-22T03:32:33","modified_gmt":"2025-06-22T03:32:33","slug":"groen-te-olivenolie-saebeskive","status":"publish","type":"product","link":"https:\/\/aromasentia.com\/da\/groen-te-olivenolie-saebeskive\/","title":{"rendered":"gr\u00f8n Te &#8211; Olivenolie S\u00e6beskive"},"content":{"rendered":"<p>Gr\u00f8n te-ekstrakter i <strong>Aroma Sentia-ping Green Tea &#8211; Olive Oil Soap Slice<\/strong> er rige p\u00e5 antioxidanter og kan derfor forsinke hudens \u00e6ldning og forebygge rynker. S\u00e6ben har ogs\u00e5 nogle antibakterielle egenskaber og siges at berolige hudirritationer og hj\u00e6lpe med at forebygge akne. Tebladene i s\u00e6ben hj\u00e6lper med at eksfoliere og rense huden, og olivenolie-ekstrakterne efterlader den frisk og fugtet.<\/p>\n<p>Olivenolie-s\u00e6ber var en af de f\u00f8rste vegetabilske s\u00e6ber. De er h\u00e5ndlavede ved hj\u00e6lp af en traditionel koldproces og er ogs\u00e5 <strong>SLS- og parabenfri<\/strong>. Det naturlige fedt kan bidrage til at beskytte, forbedre hudtonen, bl\u00f8dheden og ungdommeligheden af huden gennem en omstrukturerende olievirkning.<\/p>\n<p><\/p>\n<p>S\u00e6beskiver s\u00e6lges indpakket i vokspapir med en ingrediensetiket og vejer cirka 110 g.<\/p>\n<p><strong>BEM\u00c6RK VENLIGST:<\/strong> Vores s\u00e6ber er h\u00e5ndlavede, og farven eller designet kan afvige en smule fra de viste billeder.<\/p>\n","protected":false},"excerpt":{"rendered":"<p>Gr\u00f8n te-ekstrakter i Aroma Sentia-ping Green Tea &#8211; Olive Oil Soap Slice er rige p\u00e5 antioxidanter og kan derfor forsinke hudens \u00e6ldning og forebygge rynker. S\u00e6ben har ogs\u00e5 nogle antibakterielle egenskaber og siges at berolige hudirritationer og hj\u00e6lpe med at forebygge akne. Tebladene i s\u00e6ben hj\u00e6lper med at eksfoliere og rense huden, og olivenolie-ekstrakterne efterlader [&hellip;]<\/p>\n","protected":false},"featured_media":274192,"comment_status":"closed","ping_status":"open","template":"","meta":{"_angie_page":false},"product_brand":[],"product_cat":[6994,7012],"product_tag":[],"class_list":{"0":"post-200887","1":"product","2":"type-product","3":"status-publish","4":"has-post-thumbnail","6":"product_cat-bad-og-bruser","7":"product_cat-okologiske-saeber-saebebar","8":"pa_collection-artisan-olive-oil-soaps-1-25kg-and-slices-da","9":"pa_made-in-spanien","11":"first","12":"instock","13":"purchasable","14":"product-type-simple"},"supplier_id":null,"supplier_sku":"ArtS-10S","barcode":null,"atum_controlled":true,"out_stock_date":null,"out_stock_threshold":null,"inheritable":false,"inbound_stock":0,"stock_on_hold":0,"sold_today":0,"sales_last_days":0,"reserved_stock":0,"customer_returns":0,"warehouse_damage":0,"lost_in_post":0,"other_logs":0,"out_stock_days":0,"lost_sales":0,"has_location":false,"update_date":"2026-05-04T00:02:49","atum_locations":[],"atum_stock_status":"instock","restock_status":false,"low_stock_amount":"","sales_update_date":"2025-10-09T03:23:41","calc_backorders":null,"_links":{"self":[{"href":"https:\/\/aromasentia.com\/da\/wp-json\/wp\/v2\/product\/200887","targetHints":{"allow":["GET"]}}],"collection":[{"href":"https:\/\/aromasentia.com\/da\/wp-json\/wp\/v2\/product"}],"about":[{"href":"https:\/\/aromasentia.com\/da\/wp-json\/wp\/v2\/types\/product"}],"replies":[{"embeddable":true,"href":"https:\/\/aromasentia.com\/da\/wp-json\/wp\/v2\/comments?post=200887"}],"version-history":[{"count":0,"href":"https:\/\/aromasentia.com\/da\/wp-json\/wp\/v2\/product\/200887\/revisions"}],"wp:featuredmedia":[{"embeddable":true,"href":"https:\/\/aromasentia.com\/da\/wp-json\/wp\/v2\/media\/274192"}],"wp:attachment":[{"href":"https:\/\/aromasentia.com\/da\/wp-json\/wp\/v2\/media?parent=200887"}],"wp:term":[{"taxonomy":"product_brand","embeddable":true,"href":"https:\/\/aromasentia.com\/da\/wp-json\/wp\/v2\/product_brand?post=200887"},{"taxonomy":"product_cat","embeddable":true,"href":"https:\/\/aromasentia.com\/da\/wp-json\/wp\/v2\/product_cat?post=200887"},{"taxonomy":"product_tag","embeddable":true,"href":"https:\/\/aromasentia.com\/da\/wp-json\/wp\/v2\/product_tag?post=200887"}],"curies":[{"name":"wp","href":"https:\/\/api.w.org\/{rel}","templated":true}]}}