{"id":200885,"date":"2025-03-20T16:21:52","date_gmt":"2025-03-20T16:21:52","guid":{"rendered":"https:\/\/aromasentia.com\/product\/chocolate-olive-oil-soap-slice\/"},"modified":"2025-06-22T03:32:32","modified_gmt":"2025-06-22T03:32:32","slug":"chokolade-olivenolie-saebeskive","status":"publish","type":"product","link":"https:\/\/aromasentia.com\/da\/chokolade-olivenolie-saebeskive\/","title":{"rendered":"Chokolade &#8211; Olivenolie S\u00e6beskive"},"content":{"rendered":"<p>Kakaoekstrakter i <strong>Aroma Sentia-ping Chocolate &#8211; Olivenolies\u00e6beskiver<\/strong> har v\u00e6ret brugt til b\u00e5de ceremonielle og medicinske form\u00e5l i hundredvis af \u00e5r, s\u00e5 nu, takket v\u00e6re denne l\u00e6kre (spis venligst ikke) s\u00e6be, kan alle fork\u00e6le sig selv med et guddommeligt bad. Kakaoolierne siges at hj\u00e6lpe med afslapning, og olivenoliebasen vil fugte og n\u00e6re huden.<\/p>\n<p>Olivenolies\u00e6ber var en af de f\u00f8rste vegetabilske s\u00e6ber. De er h\u00e5ndlavede ved hj\u00e6lp af en traditionel koldprocesmetode og er ogs\u00e5 <strong>SLS- og parabenfri<\/strong>. Det naturlige fedt kan bidrage til at beskytte, forbedre hudtonen, bl\u00f8dheden og hudens ungdommelighed gennem en omstrukturerende olievirkning.<\/p>\n<p><\/p>\n<p>S\u00e6beskiver s\u00e6lges indpakket i vokspapir med en ingrediensetiket og vejer cirka 100 g.<\/p>\n<p><strong>BEM\u00c6RK VENLIGST:<\/strong> Vores s\u00e6ber er h\u00e5ndlavede, og farven eller designet kan variere en smule fra de viste billeder.<\/p>\n","protected":false},"excerpt":{"rendered":"<p>Kakaoekstrakter i Aroma Sentia-ping Chocolate &#8211; Olivenolies\u00e6beskiver har v\u00e6ret brugt til b\u00e5de ceremonielle og medicinske form\u00e5l i hundredvis af \u00e5r, s\u00e5 nu, takket v\u00e6re denne l\u00e6kre (spis venligst ikke) s\u00e6be, kan alle fork\u00e6le sig selv med et guddommeligt bad. Kakaoolierne siges at hj\u00e6lpe med afslapning, og olivenoliebasen vil fugte og n\u00e6re huden. Olivenolies\u00e6ber var en [&hellip;]<\/p>\n","protected":false},"featured_media":274126,"comment_status":"closed","ping_status":"open","template":"","meta":{"_angie_page":false},"product_brand":[],"product_cat":[6994,7012],"product_tag":[],"class_list":{"0":"post-200885","1":"product","2":"type-product","3":"status-publish","4":"has-post-thumbnail","6":"product_cat-bad-og-bruser","7":"product_cat-okologiske-saeber-saebebar","8":"pa_collection-artisan-olive-oil-soaps-1-25kg-and-slices-da","9":"pa_made-in-spanien","11":"first","12":"instock","13":"purchasable","14":"product-type-simple"},"supplier_id":null,"supplier_sku":"ArtS-07S","barcode":null,"atum_controlled":true,"out_stock_date":null,"out_stock_threshold":null,"inheritable":false,"inbound_stock":null,"stock_on_hold":0,"sold_today":0,"sales_last_days":0,"reserved_stock":null,"customer_returns":null,"warehouse_damage":null,"lost_in_post":null,"other_logs":null,"out_stock_days":0,"lost_sales":0,"has_location":null,"update_date":"2026-04-27T06:51:07","atum_locations":[],"atum_stock_status":"instock","restock_status":false,"low_stock_amount":"","sales_update_date":"2025-10-09T03:23:41","calc_backorders":null,"_links":{"self":[{"href":"https:\/\/aromasentia.com\/da\/wp-json\/wp\/v2\/product\/200885","targetHints":{"allow":["GET"]}}],"collection":[{"href":"https:\/\/aromasentia.com\/da\/wp-json\/wp\/v2\/product"}],"about":[{"href":"https:\/\/aromasentia.com\/da\/wp-json\/wp\/v2\/types\/product"}],"replies":[{"embeddable":true,"href":"https:\/\/aromasentia.com\/da\/wp-json\/wp\/v2\/comments?post=200885"}],"version-history":[{"count":0,"href":"https:\/\/aromasentia.com\/da\/wp-json\/wp\/v2\/product\/200885\/revisions"}],"wp:featuredmedia":[{"embeddable":true,"href":"https:\/\/aromasentia.com\/da\/wp-json\/wp\/v2\/media\/274126"}],"wp:attachment":[{"href":"https:\/\/aromasentia.com\/da\/wp-json\/wp\/v2\/media?parent=200885"}],"wp:term":[{"taxonomy":"product_brand","embeddable":true,"href":"https:\/\/aromasentia.com\/da\/wp-json\/wp\/v2\/product_brand?post=200885"},{"taxonomy":"product_cat","embeddable":true,"href":"https:\/\/aromasentia.com\/da\/wp-json\/wp\/v2\/product_cat?post=200885"},{"taxonomy":"product_tag","embeddable":true,"href":"https:\/\/aromasentia.com\/da\/wp-json\/wp\/v2\/product_tag?post=200885"}],"curies":[{"name":"wp","href":"https:\/\/api.w.org\/{rel}","templated":true}]}}