{"id":200877,"date":"2025-03-20T16:23:13","date_gmt":"2025-03-20T16:23:13","guid":{"rendered":"https:\/\/aromasentia.com\/product\/may-chang-orange-eo-soap-loaf-1-3kg\/"},"modified":"2025-06-22T03:32:26","modified_gmt":"2025-06-22T03:32:26","slug":"may-chang-appelsin-eo-saebebar-13-kg","status":"publish","type":"product","link":"https:\/\/aromasentia.com\/da\/may-chang-appelsin-eo-saebebar-13-kg\/","title":{"rendered":"may Chang &#8211; Appelsin &#8211; Eo-S\u00e6bebar 1,3 kg"},"content":{"rendered":"<p>Begynd dig p\u00e5 en rejse af citrusagtig gl\u00e6de med vores <strong>Wholesale May Chang Essential Oil Soap Loaf<\/strong>, pr\u00e6senteret i en str\u00e5lende <strong>orange nuance<\/strong>. Dette <strong>1,3 kg<\/strong> store s\u00e6bebr\u00f8d er en eksplosion af energi, der er skabt til at l\u00f8fte dine kunders badeoplevelse til nye h\u00f8jder.<\/p>\n<p>Vores s\u00e6bebr\u00f8d indfanger de <strong>krydret og citrusagtige noter<\/strong> og skaber en dejlig og forfriskende duftoplevelse, der giver energi og genopliver. Den livlige duft af may chang g\u00f8r dette s\u00e6bebr\u00f8d til et dynamisk og eftertragtet valg. Tiltr\u00e6k kunder, der s\u00f8ger en <strong>energisk og hum\u00f8rfremmende<\/strong> badeoplevelse.<\/p>\n<p>Ud over den forfriskende duft er vores May Chang Essential Oil Soap Loaf fremstillet med f\u00f8rsteklasses ingredienser til at <strong>rense og opfriske huden<\/strong>. Den str\u00e5lende orange nuance forbedrer ikke kun den \u00e6stetiske appel i dit butikslokale, men kommunikerer ogs\u00e5 varmen og livligheden i May Chang-duften.&nbsp;<\/p>\n<p>Skab et i\u00f8jnefaldende display p\u00e5 dine butikshylder, og inviter kunderne til at fork\u00e6le sig selv med May Changs energigivende og aromatiske lyksaligheder.<\/p>\n","protected":false},"excerpt":{"rendered":"<p>Begynd dig p\u00e5 en rejse af citrusagtig gl\u00e6de med vores Wholesale May Chang Essential Oil Soap Loaf, pr\u00e6senteret i en str\u00e5lende orange nuance. Dette 1,3 kg store s\u00e6bebr\u00f8d er en eksplosion af energi, der er skabt til at l\u00f8fte dine kunders badeoplevelse til nye h\u00f8jder. Vores s\u00e6bebr\u00f8d indfanger de krydret og citrusagtige noter og skaber [&hellip;]<\/p>\n","protected":false},"featured_media":642358,"comment_status":"closed","ping_status":"open","template":"","meta":[],"product_brand":[],"product_cat":[25972,6994,26816,25839,25965,7012],"product_tag":[],"class_list":{"0":"post-200877","1":"product","2":"type-product","3":"status-publish","4":"has-post-thumbnail","6":"product_cat-appelsin","7":"product_cat-bad-og-bruser","8":"product_cat-citrus","9":"product_cat-dufte-aromaer","10":"product_cat-may-chang-litsea-cubeba","11":"product_cat-okologiske-saeber-saebebar","12":"pa_collection-aromatherapy-soap-loaves-1-3-kg-and-slices-da","13":"pa_made-in-storbritannien","15":"first","16":"instock","17":"purchasable","18":"product-type-simple"},"supplier_id":null,"supplier_sku":"ASoap-09a","barcode":null,"atum_controlled":true,"out_stock_date":null,"out_stock_threshold":null,"inheritable":false,"inbound_stock":null,"stock_on_hold":0,"sold_today":0,"sales_last_days":0,"reserved_stock":null,"customer_returns":null,"warehouse_damage":null,"lost_in_post":null,"other_logs":null,"out_stock_days":0,"lost_sales":0,"has_location":null,"update_date":"2026-01-30T01:25:01","atum_locations":[],"atum_stock_status":"instock","restock_status":false,"low_stock_amount":"","sales_update_date":"2026-01-30T01:25:01","calc_backorders":null,"_links":{"self":[{"href":"https:\/\/aromasentia.com\/da\/wp-json\/wp\/v2\/product\/200877","targetHints":{"allow":["GET"]}}],"collection":[{"href":"https:\/\/aromasentia.com\/da\/wp-json\/wp\/v2\/product"}],"about":[{"href":"https:\/\/aromasentia.com\/da\/wp-json\/wp\/v2\/types\/product"}],"replies":[{"embeddable":true,"href":"https:\/\/aromasentia.com\/da\/wp-json\/wp\/v2\/comments?post=200877"}],"version-history":[{"count":0,"href":"https:\/\/aromasentia.com\/da\/wp-json\/wp\/v2\/product\/200877\/revisions"}],"wp:featuredmedia":[{"embeddable":true,"href":"https:\/\/aromasentia.com\/da\/wp-json\/wp\/v2\/media\/642358"}],"wp:attachment":[{"href":"https:\/\/aromasentia.com\/da\/wp-json\/wp\/v2\/media?parent=200877"}],"wp:term":[{"taxonomy":"product_brand","embeddable":true,"href":"https:\/\/aromasentia.com\/da\/wp-json\/wp\/v2\/product_brand?post=200877"},{"taxonomy":"product_cat","embeddable":true,"href":"https:\/\/aromasentia.com\/da\/wp-json\/wp\/v2\/product_cat?post=200877"},{"taxonomy":"product_tag","embeddable":true,"href":"https:\/\/aromasentia.com\/da\/wp-json\/wp\/v2\/product_tag?post=200877"}],"curies":[{"name":"wp","href":"https:\/\/api.w.org\/{rel}","templated":true}]}}