{"id":200874,"date":"2025-03-20T16:23:13","date_gmt":"2025-03-20T16:23:13","guid":{"rendered":"https:\/\/aromasentia.com\/product\/may-chang-orange-eo-soap-slice-100g-approx\/"},"modified":"2025-06-22T03:32:24","modified_gmt":"2025-06-22T03:32:24","slug":"may-chang-appelsin-eo-saebe-skive-100g-ca","status":"publish","type":"product","link":"https:\/\/aromasentia.com\/da\/may-chang-appelsin-eo-saebe-skive-100g-ca\/","title":{"rendered":"may Chang &#8211; Appelsin &#8211; Eo S\u00e6be Skive 100g Ca."},"content":{"rendered":"<p>Opl\u00f8ft dine sanser med de lyse citrusnoter i vores May Chang &#8211; Orange &#8211; EO Soap Slice. Denne muntre s\u00e6be p\u00e5 ca. 100 g er tilsat \u00e6terisk olie fra May Chang (Litsea Cubeba), der er kendt for sin intense friske, citronagtige og frugtagtige duft. Den livlige orange farve afspejler dens glade karakter. Den renser blidt, mens dens opl\u00f8ftende aroma hj\u00e6lper med at bek\u00e6mpe tr\u00e6thed og fremme positivitet, s\u00e5 din hud f\u00f8les forfrisket og din \u00e5nd lysere.<\/p>\n","protected":false},"excerpt":{"rendered":"<p>Opl\u00f8ft dine sanser med de lyse citrusnoter i vores May Chang &#8211; Orange &#8211; EO Soap Slice. Denne muntre s\u00e6be p\u00e5 ca. 100 g er tilsat \u00e6terisk olie fra May Chang (Litsea Cubeba), der er kendt for sin intense friske, citronagtige og frugtagtige duft. Den livlige orange farve afspejler dens glade karakter. Den renser blidt, [&hellip;]<\/p>\n","protected":false},"featured_media":275044,"comment_status":"closed","ping_status":"open","template":"","meta":{"_angie_page":false},"product_brand":[],"product_cat":[25972,6994,26816,25839,25965,7012],"product_tag":[],"class_list":{"0":"post-200874","1":"product","2":"type-product","3":"status-publish","4":"has-post-thumbnail","6":"product_cat-appelsin","7":"product_cat-bad-og-bruser","8":"product_cat-citrus","9":"product_cat-dufte-aromaer","10":"product_cat-may-chang-litsea-cubeba","11":"product_cat-okologiske-saeber-saebebar","12":"pa_collection-aromatherapy-soap-loaves-1-3-kg-and-slices-da","13":"pa_made-in-storbritannien","14":"pa_size-100g","16":"first","17":"outofstock","18":"purchasable","19":"product-type-simple"},"supplier_id":null,"supplier_sku":"ASoap-09DS","barcode":null,"atum_controlled":true,"out_stock_date":"2026-04-25 15:23:17","out_stock_threshold":null,"inheritable":false,"inbound_stock":null,"stock_on_hold":0,"sold_today":0,"sales_last_days":0,"reserved_stock":null,"customer_returns":null,"warehouse_damage":null,"lost_in_post":null,"other_logs":null,"out_stock_days":0,"lost_sales":0,"has_location":null,"update_date":"2026-04-27T06:51:19","atum_locations":[],"atum_stock_status":"outofstock","restock_status":false,"low_stock_amount":"","sales_update_date":"2026-02-06T00:02:10","calc_backorders":null,"_links":{"self":[{"href":"https:\/\/aromasentia.com\/da\/wp-json\/wp\/v2\/product\/200874","targetHints":{"allow":["GET"]}}],"collection":[{"href":"https:\/\/aromasentia.com\/da\/wp-json\/wp\/v2\/product"}],"about":[{"href":"https:\/\/aromasentia.com\/da\/wp-json\/wp\/v2\/types\/product"}],"replies":[{"embeddable":true,"href":"https:\/\/aromasentia.com\/da\/wp-json\/wp\/v2\/comments?post=200874"}],"version-history":[{"count":0,"href":"https:\/\/aromasentia.com\/da\/wp-json\/wp\/v2\/product\/200874\/revisions"}],"wp:featuredmedia":[{"embeddable":true,"href":"https:\/\/aromasentia.com\/da\/wp-json\/wp\/v2\/media\/275044"}],"wp:attachment":[{"href":"https:\/\/aromasentia.com\/da\/wp-json\/wp\/v2\/media?parent=200874"}],"wp:term":[{"taxonomy":"product_brand","embeddable":true,"href":"https:\/\/aromasentia.com\/da\/wp-json\/wp\/v2\/product_brand?post=200874"},{"taxonomy":"product_cat","embeddable":true,"href":"https:\/\/aromasentia.com\/da\/wp-json\/wp\/v2\/product_cat?post=200874"},{"taxonomy":"product_tag","embeddable":true,"href":"https:\/\/aromasentia.com\/da\/wp-json\/wp\/v2\/product_tag?post=200874"}],"curies":[{"name":"wp","href":"https:\/\/api.w.org\/{rel}","templated":true}]}}