{"id":200873,"date":"2025-03-20T16:23:13","date_gmt":"2025-03-20T16:23:13","guid":{"rendered":"https:\/\/aromasentia.com\/product\/geranium-purple-eo-soap-slice-100g-approx\/"},"modified":"2025-06-22T03:32:24","modified_gmt":"2025-06-22T03:32:24","slug":"geranium-purple-eo-saebebar-100g-ca","status":"publish","type":"product","link":"https:\/\/aromasentia.com\/da\/geranium-purple-eo-saebebar-100g-ca\/","title":{"rendered":"geranium &#8211; Purple &#8211; Eo S\u00e6bebar 100g Ca."},"content":{"rendered":"<p>Balancer og forsk\u00f8n med vores Geranium &#8211; Purple &#8211; EO Soap Slice. Denne dejlige, ca. 100 g tunge h\u00e5ndv\u00e6rksm\u00e6ssige s\u00e6be har den s\u00f8de, rosenr\u00f8de og let urteagtige aroma af \u00e6terisk geraniumolie, suppleret med en beroligende lilla nuance. Geranium er kendt for sine hudbalancerende egenskaber, der g\u00f8r den velegnet til alle hudtyper, og for sin evne til at harmonisere f\u00f8lelser. En dejlig daglig rensning, der efterlader huden bl\u00f8d, opfrisket og gennemsyret af en yndefuld blomsterduft.<\/p>\n","protected":false},"excerpt":{"rendered":"<p>Balancer og forsk\u00f8n med vores Geranium &#8211; Purple &#8211; EO Soap Slice. Denne dejlige, ca. 100 g tunge h\u00e5ndv\u00e6rksm\u00e6ssige s\u00e6be har den s\u00f8de, rosenr\u00f8de og let urteagtige aroma af \u00e6terisk geraniumolie, suppleret med en beroligende lilla nuance. Geranium er kendt for sine hudbalancerende egenskaber, der g\u00f8r den velegnet til alle hudtyper, og for sin evne [&hellip;]<\/p>\n","protected":false},"featured_media":275019,"comment_status":"closed","ping_status":"open","template":"","meta":[],"product_brand":[],"product_cat":[6994,26830,25839,25948,7012],"product_tag":[],"class_list":{"0":"post-200873","1":"product","2":"type-product","3":"status-publish","4":"has-post-thumbnail","6":"product_cat-bad-og-bruser","7":"product_cat-blomster","8":"product_cat-dufte-aromaer","9":"product_cat-geranium","10":"product_cat-okologiske-saeber-saebebar","11":"pa_collection-aromatherapy-soap-loaves-1-3-kg-and-slices-da","12":"pa_made-in-storbritannien","13":"pa_size-100g","15":"first","16":"outofstock","17":"purchasable","18":"product-type-simple"},"supplier_id":null,"supplier_sku":"ASoap-08DS","barcode":null,"atum_controlled":true,"out_stock_date":"2026-02-10 06:34:43","out_stock_threshold":null,"inheritable":false,"inbound_stock":null,"stock_on_hold":0,"sold_today":0,"sales_last_days":0,"reserved_stock":null,"customer_returns":null,"warehouse_damage":null,"lost_in_post":null,"other_logs":null,"out_stock_days":0,"lost_sales":0,"has_location":null,"update_date":"2026-02-10T06:34:45","atum_locations":[],"atum_stock_status":"outofstock","restock_status":false,"low_stock_amount":"","sales_update_date":"2026-01-20T05:14:08","calc_backorders":null,"_links":{"self":[{"href":"https:\/\/aromasentia.com\/da\/wp-json\/wp\/v2\/product\/200873","targetHints":{"allow":["GET"]}}],"collection":[{"href":"https:\/\/aromasentia.com\/da\/wp-json\/wp\/v2\/product"}],"about":[{"href":"https:\/\/aromasentia.com\/da\/wp-json\/wp\/v2\/types\/product"}],"replies":[{"embeddable":true,"href":"https:\/\/aromasentia.com\/da\/wp-json\/wp\/v2\/comments?post=200873"}],"version-history":[{"count":0,"href":"https:\/\/aromasentia.com\/da\/wp-json\/wp\/v2\/product\/200873\/revisions"}],"wp:featuredmedia":[{"embeddable":true,"href":"https:\/\/aromasentia.com\/da\/wp-json\/wp\/v2\/media\/275019"}],"wp:attachment":[{"href":"https:\/\/aromasentia.com\/da\/wp-json\/wp\/v2\/media?parent=200873"}],"wp:term":[{"taxonomy":"product_brand","embeddable":true,"href":"https:\/\/aromasentia.com\/da\/wp-json\/wp\/v2\/product_brand?post=200873"},{"taxonomy":"product_cat","embeddable":true,"href":"https:\/\/aromasentia.com\/da\/wp-json\/wp\/v2\/product_cat?post=200873"},{"taxonomy":"product_tag","embeddable":true,"href":"https:\/\/aromasentia.com\/da\/wp-json\/wp\/v2\/product_tag?post=200873"}],"curies":[{"name":"wp","href":"https:\/\/api.w.org\/{rel}","templated":true}]}}