{"id":200871,"date":"2025-03-20T16:23:13","date_gmt":"2025-03-20T16:23:13","guid":{"rendered":"https:\/\/aromasentia.com\/product\/rosemary-pink-eo-soap-slice-115g-approx\/"},"modified":"2025-06-22T03:32:23","modified_gmt":"2025-06-22T03:32:23","slug":"rosmarin-pink-eo-saebebar-115g-ca","status":"publish","type":"product","link":"https:\/\/aromasentia.com\/da\/rosmarin-pink-eo-saebebar-115g-ca\/","title":{"rendered":"Rosmarin &#8211; Pink &#8211; Eo S\u00e6bebar 115g Ca."},"content":{"rendered":"<p>Stimuler din hud og dit sind med vores Rosemary &#8211; Pink &#8211; EO Soap Slice. Denne h\u00e5ndlavede s\u00e6be p\u00e5 ca. 115 g er tilf\u00f8rt den urteagtige, forfriskende aroma af ren \u00e6terisk rosmarinolie. Den blide lyser\u00f8de nuance tilf\u00f8jer et strejf af varme. Rosmarin er ber\u00f8mt for sin evne til at \u00f8ge blodcirkulationen, rense huden og sk\u00e6rpe det mentale fokus. En vidunderligt revitaliserende rensning, der efterlader din hud tonet og dine sanser v\u00e6kket med sin friske, kamferagtige duft.<\/p>\n","protected":false},"excerpt":{"rendered":"<p>Stimuler din hud og dit sind med vores Rosemary &#8211; Pink &#8211; EO Soap Slice. Denne h\u00e5ndlavede s\u00e6be p\u00e5 ca. 115 g er tilf\u00f8rt den urteagtige, forfriskende aroma af ren \u00e6terisk rosmarinolie. Den blide lyser\u00f8de nuance tilf\u00f8jer et strejf af varme. Rosmarin er ber\u00f8mt for sin evne til at \u00f8ge blodcirkulationen, rense huden og sk\u00e6rpe [&hellip;]<\/p>\n","protected":false},"featured_media":274969,"comment_status":"closed","ping_status":"open","template":"","meta":{"_angie_page":false},"product_brand":[],"product_cat":[6994,25839,7012,25987,26858],"product_tag":[],"class_list":{"0":"post-200871","1":"product","2":"type-product","3":"status-publish","4":"has-post-thumbnail","6":"product_cat-bad-og-bruser","7":"product_cat-dufte-aromaer","8":"product_cat-okologiske-saeber-saebebar","9":"product_cat-rosmarin","10":"product_cat-urte-aromatisk","11":"pa_collection-aromatherapy-soap-loaves-1-3-kg-and-slices-da","12":"pa_made-in-storbritannien","13":"pa_size-115g","15":"first","16":"instock","17":"purchasable","18":"product-type-simple"},"supplier_id":null,"supplier_sku":"ASoap-06DS","barcode":null,"atum_controlled":true,"out_stock_date":null,"out_stock_threshold":null,"inheritable":false,"inbound_stock":null,"stock_on_hold":0,"sold_today":0,"sales_last_days":0,"reserved_stock":null,"customer_returns":null,"warehouse_damage":null,"lost_in_post":null,"other_logs":null,"out_stock_days":0,"lost_sales":0,"has_location":null,"update_date":"2026-05-08T05:03:48","atum_locations":[],"atum_stock_status":"instock","restock_status":false,"low_stock_amount":"","sales_update_date":"2026-01-30T01:24:34","calc_backorders":null,"_links":{"self":[{"href":"https:\/\/aromasentia.com\/da\/wp-json\/wp\/v2\/product\/200871","targetHints":{"allow":["GET"]}}],"collection":[{"href":"https:\/\/aromasentia.com\/da\/wp-json\/wp\/v2\/product"}],"about":[{"href":"https:\/\/aromasentia.com\/da\/wp-json\/wp\/v2\/types\/product"}],"replies":[{"embeddable":true,"href":"https:\/\/aromasentia.com\/da\/wp-json\/wp\/v2\/comments?post=200871"}],"version-history":[{"count":0,"href":"https:\/\/aromasentia.com\/da\/wp-json\/wp\/v2\/product\/200871\/revisions"}],"wp:featuredmedia":[{"embeddable":true,"href":"https:\/\/aromasentia.com\/da\/wp-json\/wp\/v2\/media\/274969"}],"wp:attachment":[{"href":"https:\/\/aromasentia.com\/da\/wp-json\/wp\/v2\/media?parent=200871"}],"wp:term":[{"taxonomy":"product_brand","embeddable":true,"href":"https:\/\/aromasentia.com\/da\/wp-json\/wp\/v2\/product_brand?post=200871"},{"taxonomy":"product_cat","embeddable":true,"href":"https:\/\/aromasentia.com\/da\/wp-json\/wp\/v2\/product_cat?post=200871"},{"taxonomy":"product_tag","embeddable":true,"href":"https:\/\/aromasentia.com\/da\/wp-json\/wp\/v2\/product_tag?post=200871"}],"curies":[{"name":"wp","href":"https:\/\/api.w.org\/{rel}","templated":true}]}}