{"id":200865,"date":"2025-03-20T16:23:13","date_gmt":"2025-03-20T16:23:13","guid":{"rendered":"https:\/\/aromasentia.com\/product\/goat-milk-olive-oil-soap-2\/"},"modified":"2025-06-22T03:32:21","modified_gmt":"2025-06-22T03:32:21","slug":"saebe-med-gedemaelk-og-olivenolie-2","status":"publish","type":"product","link":"https:\/\/aromasentia.com\/da\/saebe-med-gedemaelk-og-olivenolie-2\/","title":{"rendered":"S\u00e6be med Gedem\u00e6lk Og Olivenolie"},"content":{"rendered":"<p>Vores <strong>Aroma Sentia &#8211; Europe Goat Milk<\/strong><strong>&#8211; Olivenolies\u00e6beskiver<\/strong>indeholder pimpsten, der fjerner indgroet snavs, opfrisker huden og kan derefter hj\u00e6lpe med absorptionen af gavnlige hudserummer og fugtighedscremer. Eksfoliering kan v\u00e6re nyttigt for dem, hvis hud viser tegn p\u00e5 for tidlig aldring p\u00e5 grund af faktorer som overdreven soleksponering. Det kan ogs\u00e5 nogle gange hj\u00e6lpe med ikke-inflammatorisk akne.<\/p>\n<p>Olivenolies\u00e6ber var en af de f\u00f8rste vegetabilske s\u00e6ber. De er h\u00e5ndlavede ved hj\u00e6lp af en traditionel koldprocesmetode og er ogs\u00e5 <strong>SLS- og parabenfri<\/strong>. Det naturlige fedt kan bidrage til at beskytte, forbedre hudtonen, bl\u00f8dheden og ungdommeligheden af huden gennem en omstrukturerende olievirkning.<\/p>\n<p><\/p>\n<p>S\u00e6beskiver s\u00e6lges indpakket i vokspapir med en ingrediensetiket og vejer cirka 110 g.<\/p>\n<p><strong>BEM\u00c6RK VENLIGST:<\/strong> Vores s\u00e6ber er h\u00e5ndlavede, og farven eller designet kan afvige en smule fra de viste billeder.<\/p>\n","protected":false},"excerpt":{"rendered":"<p>Vores Aroma Sentia &#8211; Europe Goat Milk&#8211; Olivenolies\u00e6beskiverindeholder pimpsten, der fjerner indgroet snavs, opfrisker huden og kan derefter hj\u00e6lpe med absorptionen af gavnlige hudserummer og fugtighedscremer. Eksfoliering kan v\u00e6re nyttigt for dem, hvis hud viser tegn p\u00e5 for tidlig aldring p\u00e5 grund af faktorer som overdreven soleksponering. Det kan ogs\u00e5 nogle gange hj\u00e6lpe med ikke-inflammatorisk [&hellip;]<\/p>\n","protected":false},"featured_media":274835,"comment_status":"closed","ping_status":"open","template":"","meta":{"_angie_page":false},"product_brand":[],"product_cat":[6994,7012],"product_tag":[],"class_list":{"0":"post-200865","1":"product","2":"type-product","3":"status-publish","4":"has-post-thumbnail","6":"product_cat-bad-og-bruser","7":"product_cat-okologiske-saeber-saebebar","8":"pa_collection-artisan-olive-oil-soaps-1-25kg-and-slices-da","9":"pa_made-in-spanien","11":"first","12":"instock","13":"purchasable","14":"product-type-simple"},"supplier_id":null,"supplier_sku":"ArtS-29S","barcode":null,"atum_controlled":true,"out_stock_date":null,"out_stock_threshold":null,"inheritable":false,"inbound_stock":null,"stock_on_hold":0,"sold_today":0,"sales_last_days":0,"reserved_stock":null,"customer_returns":null,"warehouse_damage":null,"lost_in_post":null,"other_logs":null,"out_stock_days":0,"lost_sales":0,"has_location":null,"update_date":"2026-05-04T00:02:49","atum_locations":[],"atum_stock_status":"instock","restock_status":false,"low_stock_amount":"","sales_update_date":"2026-01-30T01:25:22","calc_backorders":null,"_links":{"self":[{"href":"https:\/\/aromasentia.com\/da\/wp-json\/wp\/v2\/product\/200865","targetHints":{"allow":["GET"]}}],"collection":[{"href":"https:\/\/aromasentia.com\/da\/wp-json\/wp\/v2\/product"}],"about":[{"href":"https:\/\/aromasentia.com\/da\/wp-json\/wp\/v2\/types\/product"}],"replies":[{"embeddable":true,"href":"https:\/\/aromasentia.com\/da\/wp-json\/wp\/v2\/comments?post=200865"}],"version-history":[{"count":0,"href":"https:\/\/aromasentia.com\/da\/wp-json\/wp\/v2\/product\/200865\/revisions"}],"wp:featuredmedia":[{"embeddable":true,"href":"https:\/\/aromasentia.com\/da\/wp-json\/wp\/v2\/media\/274835"}],"wp:attachment":[{"href":"https:\/\/aromasentia.com\/da\/wp-json\/wp\/v2\/media?parent=200865"}],"wp:term":[{"taxonomy":"product_brand","embeddable":true,"href":"https:\/\/aromasentia.com\/da\/wp-json\/wp\/v2\/product_brand?post=200865"},{"taxonomy":"product_cat","embeddable":true,"href":"https:\/\/aromasentia.com\/da\/wp-json\/wp\/v2\/product_cat?post=200865"},{"taxonomy":"product_tag","embeddable":true,"href":"https:\/\/aromasentia.com\/da\/wp-json\/wp\/v2\/product_tag?post=200865"}],"curies":[{"name":"wp","href":"https:\/\/api.w.org\/{rel}","templated":true}]}}