{"id":200864,"date":"2025-03-20T16:23:13","date_gmt":"2025-03-20T16:23:13","guid":{"rendered":"https:\/\/aromasentia.com\/product\/goat-milk-olive-oil-soap\/"},"modified":"2025-06-22T03:32:20","modified_gmt":"2025-06-22T03:32:20","slug":"saebe-med-gedemaelk-og-olivenolie","status":"publish","type":"product","link":"https:\/\/aromasentia.com\/da\/saebe-med-gedemaelk-og-olivenolie\/","title":{"rendered":"S\u00e6be med Gedem\u00e6lk Og Olivenolie"},"content":{"rendered":"<p>Giv din hud n\u00e6ring med den blide renhed i vores gedem\u00e6lk-olivenolie-s\u00e6be. Denne h\u00e5ndlavede s\u00e6be kombinerer de rige, fugtgivende egenskaber ved cremet gedem\u00e6lk med de plejende fordele ved ren olivenolie. Gedem\u00e6lk har et naturligt h\u00f8jt indhold af vitaminer og mineraler, der hj\u00e6lper med at berolige og fugte selv f\u00f8lsom hud, mens olivenolie giver blid rensning og varig bl\u00f8dhed. En vidunderlig mild og cremet bar, der er perfekt til daglig brug, og som efterlader huden rolig, smidig og smukt plejet.<\/p>\n","protected":false},"excerpt":{"rendered":"<p>Giv din hud n\u00e6ring med den blide renhed i vores gedem\u00e6lk-olivenolie-s\u00e6be. Denne h\u00e5ndlavede s\u00e6be kombinerer de rige, fugtgivende egenskaber ved cremet gedem\u00e6lk med de plejende fordele ved ren olivenolie. Gedem\u00e6lk har et naturligt h\u00f8jt indhold af vitaminer og mineraler, der hj\u00e6lper med at berolige og fugte selv f\u00f8lsom hud, mens olivenolie giver blid rensning og [&hellip;]<\/p>\n","protected":false},"featured_media":274810,"comment_status":"closed","ping_status":"open","template":"","meta":{"_angie_page":false},"product_brand":[],"product_cat":[6994,7012],"product_tag":[],"class_list":{"0":"post-200864","1":"product","2":"type-product","3":"status-publish","4":"has-post-thumbnail","6":"product_cat-bad-og-bruser","7":"product_cat-okologiske-saeber-saebebar","8":"pa_collection-artisan-olive-oil-soaps-1-25kg-and-slices-da","9":"pa_made-in-spanien","11":"first","12":"instock","13":"purchasable","14":"product-type-simple"},"supplier_id":null,"supplier_sku":"ArtS-29L","barcode":null,"atum_controlled":true,"out_stock_date":null,"out_stock_threshold":null,"inheritable":false,"inbound_stock":null,"stock_on_hold":0,"sold_today":0,"sales_last_days":0,"reserved_stock":null,"customer_returns":null,"warehouse_damage":null,"lost_in_post":null,"other_logs":null,"out_stock_days":0,"lost_sales":0,"has_location":null,"update_date":"2026-05-04T00:02:49","atum_locations":[],"atum_stock_status":"instock","restock_status":false,"low_stock_amount":"","sales_update_date":"2025-10-09T03:23:47","calc_backorders":null,"_links":{"self":[{"href":"https:\/\/aromasentia.com\/da\/wp-json\/wp\/v2\/product\/200864","targetHints":{"allow":["GET"]}}],"collection":[{"href":"https:\/\/aromasentia.com\/da\/wp-json\/wp\/v2\/product"}],"about":[{"href":"https:\/\/aromasentia.com\/da\/wp-json\/wp\/v2\/types\/product"}],"replies":[{"embeddable":true,"href":"https:\/\/aromasentia.com\/da\/wp-json\/wp\/v2\/comments?post=200864"}],"version-history":[{"count":0,"href":"https:\/\/aromasentia.com\/da\/wp-json\/wp\/v2\/product\/200864\/revisions"}],"wp:featuredmedia":[{"embeddable":true,"href":"https:\/\/aromasentia.com\/da\/wp-json\/wp\/v2\/media\/274810"}],"wp:attachment":[{"href":"https:\/\/aromasentia.com\/da\/wp-json\/wp\/v2\/media?parent=200864"}],"wp:term":[{"taxonomy":"product_brand","embeddable":true,"href":"https:\/\/aromasentia.com\/da\/wp-json\/wp\/v2\/product_brand?post=200864"},{"taxonomy":"product_cat","embeddable":true,"href":"https:\/\/aromasentia.com\/da\/wp-json\/wp\/v2\/product_cat?post=200864"},{"taxonomy":"product_tag","embeddable":true,"href":"https:\/\/aromasentia.com\/da\/wp-json\/wp\/v2\/product_tag?post=200864"}],"curies":[{"name":"wp","href":"https:\/\/api.w.org\/{rel}","templated":true}]}}