{"id":200853,"date":"2025-03-20T16:24:19","date_gmt":"2025-03-20T16:24:19","guid":{"rendered":"https:\/\/aromasentia.com\/product\/1-3kg-box-of-chill-pills-fresh-oranges\/"},"modified":"2025-06-22T03:32:14","modified_gmt":"2025-06-22T03:32:14","slug":"chill-pills-badebomber-friske-appelsiner-13kg","status":"publish","type":"product","link":"https:\/\/aromasentia.com\/da\/chill-pills-badebomber-friske-appelsiner-13kg\/","title":{"rendered":"Chill Pills Badebomber &#8211; Friske Appelsiner 1,3Kg"},"content":{"rendered":"<p>K\u00f8b alle typer for at lave et i\u00f8jnefaldende display i din e-shop, som dine kunder ikke vil kunne modst\u00e5.<br style=\"color: rgb(114, 114, 114); font-family: Ubuntu, sans-serif; font-size: 16px; font-style: normal; font-variant-ligatures: normal; font-variant-caps: normal; font-weight: 400; letter-spacing: normal; orphans: 2; text-align: start; text-indent: 0px; text-transform: none; white-space: normal; widows: 2; word-spacing: 0px; -webkit-text-stroke-width: 0px; background-color: rgb(255, 255, 255); text-decoration-thickness: initial; text-decoration-style: initial; text-decoration-color: initial;\">Perfekt til bryllupsgaver (du kan s\u00e6lge organza (ogs\u00e5 poser). B\u00f8rn elsker dem &#8211; kom en eller to i badekarret for lidt sjov og bobler. Voksne kan ogs\u00e5 slappe af med en badepille eller tre.<br style=\"color: rgb(114, 114, 114); font-family: Ubuntu, sans-serif; font-size: 16px; font-style: normal; font-variant-ligatures: normal; font-variant-caps: normal; font-weight: 400; letter-spacing: normal; orphans: 2; text-align: start; text-indent: 0px; text-transform: none; white-space: normal; widows: 2; word-spacing: 0px; -webkit-text-stroke-width: 0px; background-color: rgb(255, 255, 255); text-decoration-thickness: initial; text-decoration-style: initial; text-decoration-color: initial;\">Ideel til et fodspa &#8211; send en med for et ekstra strejf af luksus.<\/p>\n","protected":false},"excerpt":{"rendered":"<p>K\u00f8b alle typer for at lave et i\u00f8jnefaldende display i din e-shop, som dine kunder ikke vil kunne modst\u00e5.Perfekt til bryllupsgaver (du kan s\u00e6lge organza (ogs\u00e5 poser). B\u00f8rn elsker dem &#8211; kom en eller to i badekarret for lidt sjov og bobler. Voksne kan ogs\u00e5 slappe af med en badepille eller tre.Ideel til et fodspa [&hellip;]<\/p>\n","protected":false},"featured_media":276266,"comment_status":"closed","ping_status":"open","template":"","meta":[],"product_brand":[],"product_cat":[25972,6994,7029,26816,25839],"product_tag":[],"class_list":{"0":"post-200853","1":"product","2":"type-product","3":"status-publish","4":"has-post-thumbnail","6":"product_cat-appelsin","7":"product_cat-bad-og-bruser","8":"product_cat-badebomber","9":"product_cat-citrus","10":"product_cat-dufte-aromaer","11":"pa_collection-aw-chill-pills-1-3kg-display-box-da","12":"pa_made-in-storbritannien","14":"first","15":"instock","16":"purchasable","17":"product-type-simple"},"supplier_id":null,"supplier_sku":"AWChill-08","barcode":null,"atum_controlled":true,"out_stock_date":null,"out_stock_threshold":null,"inheritable":false,"inbound_stock":null,"stock_on_hold":0,"sold_today":0,"sales_last_days":0,"reserved_stock":null,"customer_returns":null,"warehouse_damage":null,"lost_in_post":null,"other_logs":null,"out_stock_days":0,"lost_sales":0,"has_location":null,"update_date":"2026-02-08T11:15:15","atum_locations":[],"atum_stock_status":"instock","restock_status":false,"low_stock_amount":"","sales_update_date":"2025-10-09T03:24:09","calc_backorders":null,"_links":{"self":[{"href":"https:\/\/aromasentia.com\/da\/wp-json\/wp\/v2\/product\/200853","targetHints":{"allow":["GET"]}}],"collection":[{"href":"https:\/\/aromasentia.com\/da\/wp-json\/wp\/v2\/product"}],"about":[{"href":"https:\/\/aromasentia.com\/da\/wp-json\/wp\/v2\/types\/product"}],"replies":[{"embeddable":true,"href":"https:\/\/aromasentia.com\/da\/wp-json\/wp\/v2\/comments?post=200853"}],"version-history":[{"count":0,"href":"https:\/\/aromasentia.com\/da\/wp-json\/wp\/v2\/product\/200853\/revisions"}],"wp:featuredmedia":[{"embeddable":true,"href":"https:\/\/aromasentia.com\/da\/wp-json\/wp\/v2\/media\/276266"}],"wp:attachment":[{"href":"https:\/\/aromasentia.com\/da\/wp-json\/wp\/v2\/media?parent=200853"}],"wp:term":[{"taxonomy":"product_brand","embeddable":true,"href":"https:\/\/aromasentia.com\/da\/wp-json\/wp\/v2\/product_brand?post=200853"},{"taxonomy":"product_cat","embeddable":true,"href":"https:\/\/aromasentia.com\/da\/wp-json\/wp\/v2\/product_cat?post=200853"},{"taxonomy":"product_tag","embeddable":true,"href":"https:\/\/aromasentia.com\/da\/wp-json\/wp\/v2\/product_tag?post=200853"}],"curies":[{"name":"wp","href":"https:\/\/api.w.org\/{rel}","templated":true}]}}