{"id":200843,"date":"2025-03-20T16:24:19","date_gmt":"2025-03-20T16:24:19","guid":{"rendered":"https:\/\/aromasentia.com\/product\/lemon-yellow-eo-soap-loaf-1-3kg\/"},"modified":"2025-06-22T03:32:10","modified_gmt":"2025-06-22T03:32:10","slug":"citron-gul-eo-saebe-13-kg","status":"publish","type":"product","link":"https:\/\/aromasentia.com\/da\/citron-gul-eo-saebe-13-kg\/","title":{"rendered":"Citron &#8211; Gul &#8211; Eo-S\u00e6be 1,3 kg"},"content":{"rendered":"<p>Dyk ned i den forfriskende essens af citrus med vores <strong>Wholesale Lemon Essential Oil Soap Loaf<\/strong>. Dette gener\u00f8se <strong>1,3 kg <\/strong>s\u00e6bebr\u00f8d, der er prydet med en str\u00e5lende <strong>gul nuance<\/strong>, er et frisk pust til dine kunders baderitual.<\/p>\n<p>Vores s\u00e6bebr\u00f8d indfanger den <strong>skarpe og revitaliserende duft af friske citroner<\/strong> og giver en sanseflugt, der giver energi og forynger. Den levende gule farve p\u00e5 vores s\u00e6bebr\u00f8d minder om en solbeskinnet citruslund. Tilf\u00f8j et strejf af solskin til dine butikshylder, og skab et i\u00f8jnefaldende display, der lokker kunderne til at opleve de lyse og forfriskende fordele ved citron.&nbsp;<\/p>\n<p>Ud over den forfriskende duft er vores Wholesale Lemon Essential Oil Soap Loaf udformet med f\u00f8rsteklasses ingredienser til at <strong>rense og fork\u00e6le huden<\/strong>. Nyd den forfriskende fornemmelse af citron, mens du plejer huden ved hver brug.<\/p>\n<p>H\u00e6ng vores s\u00e6bebr\u00f8d op p\u00e5 en fremtr\u00e6dende plads for at tiltr\u00e6kke kunder, der \u00f8nsker et skud energi og en dejlig badeoplevelse.<\/p>\n<p>H\u00e6ng vores s\u00e6bebr\u00f8d op p\u00e5 en fremtr\u00e6dende plads for at tiltr\u00e6kke kunder, der \u00f8nsker et skud energi og en dejlig badeoplevelse.<\/p>\n","protected":false},"excerpt":{"rendered":"<p>Dyk ned i den forfriskende essens af citrus med vores Wholesale Lemon Essential Oil Soap Loaf. Dette gener\u00f8se 1,3 kg s\u00e6bebr\u00f8d, der er prydet med en str\u00e5lende gul nuance, er et frisk pust til dine kunders baderitual. Vores s\u00e6bebr\u00f8d indfanger den skarpe og revitaliserende duft af friske citroner og giver en sanseflugt, der giver energi [&hellip;]<\/p>\n","protected":false},"featured_media":642398,"comment_status":"closed","ping_status":"open","template":"","meta":[],"product_brand":[],"product_cat":[6994,25958,26816,25839,7012],"product_tag":[],"class_list":{"0":"post-200843","1":"product","2":"type-product","3":"status-publish","4":"has-post-thumbnail","6":"product_cat-bad-og-bruser","7":"product_cat-citron","8":"product_cat-citrus","9":"product_cat-dufte-aromaer","10":"product_cat-okologiske-saeber-saebebar","11":"pa_collection-aromatherapy-soap-loaves-1-3-kg-and-slices-da","12":"pa_made-in-storbritannien","14":"first","15":"outofstock","16":"purchasable","17":"product-type-simple"},"supplier_id":null,"supplier_sku":"ASoap-04a","barcode":null,"atum_controlled":true,"out_stock_date":"2025-12-12 03:29:10","out_stock_threshold":null,"inheritable":false,"inbound_stock":null,"stock_on_hold":0,"sold_today":0,"sales_last_days":0,"reserved_stock":null,"customer_returns":null,"warehouse_damage":null,"lost_in_post":null,"other_logs":null,"out_stock_days":55,"lost_sales":0,"has_location":null,"update_date":"2026-02-06T00:01:10","atum_locations":[],"atum_stock_status":"outofstock","restock_status":false,"low_stock_amount":"","sales_update_date":"2026-02-06T00:01:10","calc_backorders":null,"_links":{"self":[{"href":"https:\/\/aromasentia.com\/da\/wp-json\/wp\/v2\/product\/200843","targetHints":{"allow":["GET"]}}],"collection":[{"href":"https:\/\/aromasentia.com\/da\/wp-json\/wp\/v2\/product"}],"about":[{"href":"https:\/\/aromasentia.com\/da\/wp-json\/wp\/v2\/types\/product"}],"replies":[{"embeddable":true,"href":"https:\/\/aromasentia.com\/da\/wp-json\/wp\/v2\/comments?post=200843"}],"version-history":[{"count":0,"href":"https:\/\/aromasentia.com\/da\/wp-json\/wp\/v2\/product\/200843\/revisions"}],"wp:featuredmedia":[{"embeddable":true,"href":"https:\/\/aromasentia.com\/da\/wp-json\/wp\/v2\/media\/642398"}],"wp:attachment":[{"href":"https:\/\/aromasentia.com\/da\/wp-json\/wp\/v2\/media?parent=200843"}],"wp:term":[{"taxonomy":"product_brand","embeddable":true,"href":"https:\/\/aromasentia.com\/da\/wp-json\/wp\/v2\/product_brand?post=200843"},{"taxonomy":"product_cat","embeddable":true,"href":"https:\/\/aromasentia.com\/da\/wp-json\/wp\/v2\/product_cat?post=200843"},{"taxonomy":"product_tag","embeddable":true,"href":"https:\/\/aromasentia.com\/da\/wp-json\/wp\/v2\/product_tag?post=200843"}],"curies":[{"name":"wp","href":"https:\/\/api.w.org\/{rel}","templated":true}]}}