{"id":200842,"date":"2025-03-20T16:24:19","date_gmt":"2025-03-20T16:24:19","guid":{"rendered":"https:\/\/aromasentia.com\/product\/peppermint-tint-green-eo-soap-loaf-1-3kg\/"},"modified":"2025-06-22T03:32:09","modified_gmt":"2025-06-22T03:32:09","slug":"pebermynte-tint-green-eo-saebebar-13-kg","status":"publish","type":"product","link":"https:\/\/aromasentia.com\/da\/pebermynte-tint-green-eo-saebebar-13-kg\/","title":{"rendered":"Pebermynte &#8211; Tint Green &#8211; Eo-S\u00e6bebar 1,3 kg"},"content":{"rendered":"<p>Tr\u00e6d ind i en verden af foryngelse og friskhed med vores <strong>Grossists\u00e6be med \u00e6terisk olie af pebermynte.<\/strong> Indhyllet i en <strong>gr\u00f8n nuance<\/strong> er dette store <strong>1 kg&nbsp;<\/strong>s\u00e6bebr\u00f8d en forfriskende tilf\u00f8jelse til dit baderitual.3 kg&nbsp;<\/strong>s\u00e6bebr\u00f8d er en forfriskende tilf\u00f8jelse til dit baderitual.<\/p>\n<p>Den forfriskende og tidl\u00f8se duft af pebermynte g\u00f8r dette s\u00e6bebr\u00f8d til en favorit \u00e5ret rundt. Appeller til kunder, der \u00f8nsker et frisk pust uanset \u00e5rstid. Den k\u00f8lige gr\u00f8nne farve forbedrer ikke kun den \u00e6stetiske appel i dit butikslokale, men kommunikerer ogs\u00e5 de naturlige og forfriskende kvaliteter ved pebermynteduften.&nbsp;<\/p>\n<p>Ud over den oplivende duft er vores Wholesale Peppermint Essential Oil Soap Loaf udformet med f\u00f8rsteklasses ingredienser til at <strong>rense og opfriske huden<\/strong>.&nbsp;<\/p>\n<p>Skab en fristende udstilling p\u00e5 dine butikshylder og inviter kunderne til at nyde godt af pebermyntens forfriskende og foryngende egenskaber. &nbsp;<\/p>\n","protected":false},"excerpt":{"rendered":"<p>Tr\u00e6d ind i en verden af foryngelse og friskhed med vores Grossists\u00e6be med \u00e6terisk olie af pebermynte. Indhyllet i en gr\u00f8n nuance er dette store 1 kg&nbsp;s\u00e6bebr\u00f8d en forfriskende tilf\u00f8jelse til dit baderitual.3 kg&nbsp;s\u00e6bebr\u00f8d er en forfriskende tilf\u00f8jelse til dit baderitual. Den forfriskende og tidl\u00f8se duft af pebermynte g\u00f8r dette s\u00e6bebr\u00f8d til en favorit \u00e5ret [&hellip;]<\/p>\n","protected":false},"featured_media":642390,"comment_status":"closed","ping_status":"open","template":"","meta":[],"product_brand":[],"product_cat":[6994,25839,26872,7012,25978],"product_tag":[],"class_list":{"0":"post-200842","1":"product","2":"type-product","3":"status-publish","4":"has-post-thumbnail","6":"product_cat-bad-og-bruser","7":"product_cat-dufte-aromaer","8":"product_cat-mynte","9":"product_cat-okologiske-saeber-saebebar","10":"product_cat-pebermynte","11":"pa_collection-aromatherapy-soap-loaves-1-3-kg-and-slices-da","12":"pa_made-in-storbritannien","14":"first","15":"instock","16":"purchasable","17":"product-type-simple"},"supplier_id":null,"supplier_sku":"ASoap-05a","barcode":null,"atum_controlled":true,"out_stock_date":null,"out_stock_threshold":null,"inheritable":false,"inbound_stock":null,"stock_on_hold":0,"sold_today":0,"sales_last_days":0,"reserved_stock":null,"customer_returns":null,"warehouse_damage":null,"lost_in_post":null,"other_logs":null,"out_stock_days":0,"lost_sales":0,"has_location":null,"update_date":"2026-01-30T01:24:42","atum_locations":[],"atum_stock_status":"instock","restock_status":false,"low_stock_amount":"","sales_update_date":"2026-01-30T01:24:42","calc_backorders":null,"_links":{"self":[{"href":"https:\/\/aromasentia.com\/da\/wp-json\/wp\/v2\/product\/200842","targetHints":{"allow":["GET"]}}],"collection":[{"href":"https:\/\/aromasentia.com\/da\/wp-json\/wp\/v2\/product"}],"about":[{"href":"https:\/\/aromasentia.com\/da\/wp-json\/wp\/v2\/types\/product"}],"replies":[{"embeddable":true,"href":"https:\/\/aromasentia.com\/da\/wp-json\/wp\/v2\/comments?post=200842"}],"version-history":[{"count":0,"href":"https:\/\/aromasentia.com\/da\/wp-json\/wp\/v2\/product\/200842\/revisions"}],"wp:featuredmedia":[{"embeddable":true,"href":"https:\/\/aromasentia.com\/da\/wp-json\/wp\/v2\/media\/642390"}],"wp:attachment":[{"href":"https:\/\/aromasentia.com\/da\/wp-json\/wp\/v2\/media?parent=200842"}],"wp:term":[{"taxonomy":"product_brand","embeddable":true,"href":"https:\/\/aromasentia.com\/da\/wp-json\/wp\/v2\/product_brand?post=200842"},{"taxonomy":"product_cat","embeddable":true,"href":"https:\/\/aromasentia.com\/da\/wp-json\/wp\/v2\/product_cat?post=200842"},{"taxonomy":"product_tag","embeddable":true,"href":"https:\/\/aromasentia.com\/da\/wp-json\/wp\/v2\/product_tag?post=200842"}],"curies":[{"name":"wp","href":"https:\/\/api.w.org\/{rel}","templated":true}]}}