{"id":200840,"date":"2025-03-20T16:25:36","date_gmt":"2025-03-20T16:25:36","guid":{"rendered":"https:\/\/aromasentia.com\/product\/lemon-meringue-pie-bath-dust-200g\/"},"modified":"2025-06-22T03:32:07","modified_gmt":"2025-06-22T03:32:07","slug":"lemon-meringue-pie-bath-dust-200g","status":"publish","type":"product","link":"https:\/\/aromasentia.com\/da\/lemon-meringue-pie-bath-dust-200g\/","title":{"rendered":"Lemon meringue Pie Bath Dust 200g"},"content":{"rendered":"<p>Forvandl dit bad til en s\u00f8d forn\u00f8jelse med Lemon Meringue Pie Bath Dust. Denne 200 g-pose med l\u00e6kkerier bruser og skummer og frigiver den uimodst\u00e5elige duft af syrlig lemon curd toppet med s\u00f8d, luftig marengs. Den bl\u00f8dg\u00f8r vandet og fork\u00e6ler din hud, s\u00e5 du f\u00e5r et sjovt, velduftende og sk\u00f8nt bad. Drys det i varmt vand, og lad den behagelige, bagerifriske duft omslutte dig og forvandle et almindeligt bad til en l\u00e6kker, legende og afslappende flugt, der dufter s\u00e5 godt, at man kan spise den.<\/p>\n","protected":false},"excerpt":{"rendered":"<p>Forvandl dit bad til en s\u00f8d forn\u00f8jelse med Lemon Meringue Pie Bath Dust. Denne 200 g-pose med l\u00e6kkerier bruser og skummer og frigiver den uimodst\u00e5elige duft af syrlig lemon curd toppet med s\u00f8d, luftig marengs. Den bl\u00f8dg\u00f8r vandet og fork\u00e6ler din hud, s\u00e5 du f\u00e5r et sjovt, velduftende og sk\u00f8nt bad. Drys det i varmt [&hellip;]<\/p>\n","protected":false},"featured_media":277427,"comment_status":"closed","ping_status":"open","template":"","meta":{"_angie_page":false},"product_brand":[],"product_cat":[6994,7131,25958,26816,25839],"product_tag":[],"class_list":{"0":"post-200840","1":"product","2":"type-product","3":"status-publish","4":"has-post-thumbnail","6":"product_cat-bad-og-bruser","7":"product_cat-badesalt","8":"product_cat-citron","9":"product_cat-citrus","10":"product_cat-dufte-aromaer","11":"pa_collection-bath-dust-190g-da","12":"pa_made-in-storbritannien","13":"pa_size-200g","15":"first","16":"instock","17":"purchasable","18":"product-type-simple"},"supplier_id":null,"supplier_sku":"BAS-35","barcode":null,"atum_controlled":true,"out_stock_date":null,"out_stock_threshold":null,"inheritable":false,"inbound_stock":null,"stock_on_hold":0,"sold_today":0,"sales_last_days":0,"reserved_stock":null,"customer_returns":null,"warehouse_damage":null,"lost_in_post":null,"other_logs":null,"out_stock_days":0,"lost_sales":0,"has_location":null,"update_date":"2026-04-27T06:53:55","atum_locations":[],"atum_stock_status":"instock","restock_status":false,"low_stock_amount":"","sales_update_date":"2025-10-09T03:25:41","calc_backorders":null,"_links":{"self":[{"href":"https:\/\/aromasentia.com\/da\/wp-json\/wp\/v2\/product\/200840","targetHints":{"allow":["GET"]}}],"collection":[{"href":"https:\/\/aromasentia.com\/da\/wp-json\/wp\/v2\/product"}],"about":[{"href":"https:\/\/aromasentia.com\/da\/wp-json\/wp\/v2\/types\/product"}],"replies":[{"embeddable":true,"href":"https:\/\/aromasentia.com\/da\/wp-json\/wp\/v2\/comments?post=200840"}],"version-history":[{"count":0,"href":"https:\/\/aromasentia.com\/da\/wp-json\/wp\/v2\/product\/200840\/revisions"}],"wp:featuredmedia":[{"embeddable":true,"href":"https:\/\/aromasentia.com\/da\/wp-json\/wp\/v2\/media\/277427"}],"wp:attachment":[{"href":"https:\/\/aromasentia.com\/da\/wp-json\/wp\/v2\/media?parent=200840"}],"wp:term":[{"taxonomy":"product_brand","embeddable":true,"href":"https:\/\/aromasentia.com\/da\/wp-json\/wp\/v2\/product_brand?post=200840"},{"taxonomy":"product_cat","embeddable":true,"href":"https:\/\/aromasentia.com\/da\/wp-json\/wp\/v2\/product_cat?post=200840"},{"taxonomy":"product_tag","embeddable":true,"href":"https:\/\/aromasentia.com\/da\/wp-json\/wp\/v2\/product_tag?post=200840"}],"curies":[{"name":"wp","href":"https:\/\/api.w.org\/{rel}","templated":true}]}}