{"id":200838,"date":"2025-03-20T16:25:36","date_gmt":"2025-03-20T16:25:36","guid":{"rendered":"https:\/\/aromasentia.com\/product\/grey-cloud-guest-soap-sea-moss\/"},"modified":"2025-06-22T03:32:06","modified_gmt":"2025-06-22T03:32:06","slug":"grey-cloud-gaestesaebe-havmos","status":"publish","type":"product","link":"https:\/\/aromasentia.com\/da\/grey-cloud-gaestesaebe-havmos\/","title":{"rendered":"grey Cloud G\u00e6stes\u00e6be &#8211; Havmos"},"content":{"rendered":"<p>Vores egenproducerede sm\u00e5 <strong>Aroma Sentia-spisende &nbsp;havmos-skyformede g\u00e6stes\u00e6ber<\/strong> er en smuk udstilling i din e-shop. De er farverige og dufter dejligt &#8211; <strong>friske og piftende<\/strong> &#8211; Fantastisk til B&#038;B&#8217;er eller g\u00e6stehuse eller kunder, der elsker deres badev\u00e6relsestilbeh\u00f8r friskt og stilfuldt.<\/p>\n","protected":false},"excerpt":{"rendered":"<p>Vores egenproducerede sm\u00e5 Aroma Sentia-spisende &nbsp;havmos-skyformede g\u00e6stes\u00e6ber er en smuk udstilling i din e-shop. De er farverige og dufter dejligt &#8211; friske og piftende &#8211; Fantastisk til B&#038;B&#8217;er eller g\u00e6stehuse eller kunder, der elsker deres badev\u00e6relsestilbeh\u00f8r friskt og stilfuldt.<\/p>\n","protected":false},"featured_media":277361,"comment_status":"closed","ping_status":"open","template":"","meta":[],"product_brand":[],"product_cat":[6994,7012],"product_tag":[],"class_list":{"0":"post-200838","1":"product","2":"type-product","3":"status-publish","4":"has-post-thumbnail","6":"product_cat-bad-og-bruser","7":"product_cat-okologiske-saeber-saebebar","8":"pa_collection-shaped-guest-soaps-da","9":"pa_made-in-storbritannien","11":"first","12":"outofstock","13":"purchasable","14":"product-type-simple"},"supplier_id":null,"supplier_sku":"AWGSoap-16","barcode":null,"atum_controlled":true,"out_stock_date":"2026-01-30 17:55:51","out_stock_threshold":null,"inheritable":false,"inbound_stock":null,"stock_on_hold":0,"sold_today":0,"sales_last_days":0,"reserved_stock":null,"customer_returns":null,"warehouse_damage":null,"lost_in_post":null,"other_logs":null,"out_stock_days":0,"lost_sales":0,"has_location":null,"update_date":"2026-01-30T17:55:53","atum_locations":[],"atum_stock_status":"outofstock","restock_status":false,"low_stock_amount":"","sales_update_date":"2026-01-30T01:26:25","calc_backorders":null,"_links":{"self":[{"href":"https:\/\/aromasentia.com\/da\/wp-json\/wp\/v2\/product\/200838","targetHints":{"allow":["GET"]}}],"collection":[{"href":"https:\/\/aromasentia.com\/da\/wp-json\/wp\/v2\/product"}],"about":[{"href":"https:\/\/aromasentia.com\/da\/wp-json\/wp\/v2\/types\/product"}],"replies":[{"embeddable":true,"href":"https:\/\/aromasentia.com\/da\/wp-json\/wp\/v2\/comments?post=200838"}],"version-history":[{"count":0,"href":"https:\/\/aromasentia.com\/da\/wp-json\/wp\/v2\/product\/200838\/revisions"}],"wp:featuredmedia":[{"embeddable":true,"href":"https:\/\/aromasentia.com\/da\/wp-json\/wp\/v2\/media\/277361"}],"wp:attachment":[{"href":"https:\/\/aromasentia.com\/da\/wp-json\/wp\/v2\/media?parent=200838"}],"wp:term":[{"taxonomy":"product_brand","embeddable":true,"href":"https:\/\/aromasentia.com\/da\/wp-json\/wp\/v2\/product_brand?post=200838"},{"taxonomy":"product_cat","embeddable":true,"href":"https:\/\/aromasentia.com\/da\/wp-json\/wp\/v2\/product_cat?post=200838"},{"taxonomy":"product_tag","embeddable":true,"href":"https:\/\/aromasentia.com\/da\/wp-json\/wp\/v2\/product_tag?post=200838"}],"curies":[{"name":"wp","href":"https:\/\/api.w.org\/{rel}","templated":true}]}}