{"id":200836,"date":"2025-03-20T16:25:36","date_gmt":"2025-03-20T16:25:36","guid":{"rendered":"https:\/\/aromasentia.com\/product\/purple-duck-guest-soap-pomegranate\/"},"modified":"2025-06-22T03:32:05","modified_gmt":"2025-06-22T03:32:05","slug":"purple-duck-gaestesaebe-granataeble","status":"publish","type":"product","link":"https:\/\/aromasentia.com\/da\/purple-duck-gaestesaebe-granataeble\/","title":{"rendered":"Purple Duck G\u00e6stes\u00e6be &#8211; Granat\u00e6ble"},"content":{"rendered":"<p>Vores egenproducerede sm\u00e5 <strong>Aroma Sentia-spisende &nbsp;Lilla Andformede G\u00e6stes\u00e6ber<\/strong> er en flot udstilling i dit webshop-tilbud. De er farverige og dufter dejligt &#8211; <strong>friske og piftende<\/strong> &#8211; Fantastisk til B&#038;B&#8217;er eller g\u00e6stehuse eller kunder, der elsker deres badev\u00e6relsestilbeh\u00f8r friskt og stilfuldt.<\/p>\n","protected":false},"excerpt":{"rendered":"<p>Vores egenproducerede sm\u00e5 Aroma Sentia-spisende &nbsp;Lilla Andformede G\u00e6stes\u00e6ber er en flot udstilling i dit webshop-tilbud. De er farverige og dufter dejligt &#8211; friske og piftende &#8211; Fantastisk til B&#038;B&#8217;er eller g\u00e6stehuse eller kunder, der elsker deres badev\u00e6relsestilbeh\u00f8r friskt og stilfuldt.<\/p>\n","protected":false},"featured_media":277303,"comment_status":"closed","ping_status":"open","template":"","meta":[],"product_brand":[],"product_cat":[6994,25839,26844,26458,7012],"product_tag":[],"class_list":{"0":"post-200836","1":"product","2":"type-product","3":"status-publish","4":"has-post-thumbnail","6":"product_cat-bad-og-bruser","7":"product_cat-dufte-aromaer","8":"product_cat-frugtagtig","9":"product_cat-granataeble","10":"product_cat-okologiske-saeber-saebebar","11":"pa_collection-shaped-guest-soaps-da","12":"pa_made-in-storbritannien","14":"first","15":"instock","16":"purchasable","17":"product-type-simple"},"supplier_id":null,"supplier_sku":"AWGSoap-13","barcode":null,"atum_controlled":true,"out_stock_date":null,"out_stock_threshold":null,"inheritable":false,"inbound_stock":null,"stock_on_hold":0,"sold_today":0,"sales_last_days":0,"reserved_stock":null,"customer_returns":null,"warehouse_damage":null,"lost_in_post":null,"other_logs":null,"out_stock_days":0,"lost_sales":0,"has_location":null,"update_date":"2026-02-12T05:51:48","atum_locations":[],"atum_stock_status":"instock","restock_status":false,"low_stock_amount":"","sales_update_date":"2025-10-09T03:24:33","calc_backorders":null,"_links":{"self":[{"href":"https:\/\/aromasentia.com\/da\/wp-json\/wp\/v2\/product\/200836","targetHints":{"allow":["GET"]}}],"collection":[{"href":"https:\/\/aromasentia.com\/da\/wp-json\/wp\/v2\/product"}],"about":[{"href":"https:\/\/aromasentia.com\/da\/wp-json\/wp\/v2\/types\/product"}],"replies":[{"embeddable":true,"href":"https:\/\/aromasentia.com\/da\/wp-json\/wp\/v2\/comments?post=200836"}],"version-history":[{"count":0,"href":"https:\/\/aromasentia.com\/da\/wp-json\/wp\/v2\/product\/200836\/revisions"}],"wp:featuredmedia":[{"embeddable":true,"href":"https:\/\/aromasentia.com\/da\/wp-json\/wp\/v2\/media\/277303"}],"wp:attachment":[{"href":"https:\/\/aromasentia.com\/da\/wp-json\/wp\/v2\/media?parent=200836"}],"wp:term":[{"taxonomy":"product_brand","embeddable":true,"href":"https:\/\/aromasentia.com\/da\/wp-json\/wp\/v2\/product_brand?post=200836"},{"taxonomy":"product_cat","embeddable":true,"href":"https:\/\/aromasentia.com\/da\/wp-json\/wp\/v2\/product_cat?post=200836"},{"taxonomy":"product_tag","embeddable":true,"href":"https:\/\/aromasentia.com\/da\/wp-json\/wp\/v2\/product_tag?post=200836"}],"curies":[{"name":"wp","href":"https:\/\/api.w.org\/{rel}","templated":true}]}}