{"id":200828,"date":"2025-03-20T16:25:36","date_gmt":"2025-03-20T16:25:36","guid":{"rendered":"https:\/\/aromasentia.com\/product\/heart-guest-soaps-wild-rose\/"},"modified":"2025-06-22T03:32:02","modified_gmt":"2025-06-22T03:32:02","slug":"hjerte-gaestesaeber-vild-rose","status":"publish","type":"product","link":"https:\/\/aromasentia.com\/da\/hjerte-gaestesaeber-vild-rose\/","title":{"rendered":"Hjerte G\u00e6stes\u00e6ber &#8211; Vild Rose"},"content":{"rendered":"<p>Vores egenproducerede sm\u00e5 hjerteformede g\u00e6stes\u00e6ber er et smukt udstillingsvindue. De er farverige og dufter dejligt &#8211; friske og piftende &#8211; perfekte til B&#038;B&#8217;er eller g\u00e6stehuse.<\/p>\n<p><\/p>\n<p>G\u00e6stes\u00e6ber vejer ca. 20 gram hver og m\u00e5ler ca. 45&#215;40 mm.<\/p>\n<p>Vores g\u00e6stes\u00e6ber er ogs\u00e5 SLS- og parabenfri.<\/p>\n","protected":false},"excerpt":{"rendered":"<p>Vores egenproducerede sm\u00e5 hjerteformede g\u00e6stes\u00e6ber er et smukt udstillingsvindue. De er farverige og dufter dejligt &#8211; friske og piftende &#8211; perfekte til B&#038;B&#8217;er eller g\u00e6stehuse. G\u00e6stes\u00e6ber vejer ca. 20 gram hver og m\u00e5ler ca. 45&#215;40 mm. Vores g\u00e6stes\u00e6ber er ogs\u00e5 SLS- og parabenfri.<\/p>\n","protected":false},"featured_media":276790,"comment_status":"closed","ping_status":"open","template":"","meta":{"_angie_page":false},"product_brand":[],"product_cat":[6994,26830,25839,7012,25984],"product_tag":[],"class_list":{"0":"post-200828","1":"product","2":"type-product","3":"status-publish","4":"has-post-thumbnail","6":"product_cat-bad-og-bruser","7":"product_cat-blomster","8":"product_cat-dufte-aromaer","9":"product_cat-okologiske-saeber-saebebar","10":"product_cat-rose","11":"pa_collection-shaped-guest-soaps-da","12":"pa_made-in-storbritannien","14":"first","15":"instock","16":"purchasable","17":"product-type-simple"},"supplier_id":null,"supplier_sku":"AWGSoap-02","barcode":null,"atum_controlled":true,"out_stock_date":null,"out_stock_threshold":null,"inheritable":false,"inbound_stock":null,"stock_on_hold":0,"sold_today":0,"sales_last_days":0,"reserved_stock":null,"customer_returns":null,"warehouse_damage":null,"lost_in_post":null,"other_logs":null,"out_stock_days":0,"lost_sales":0,"has_location":null,"update_date":"2026-04-27T06:52:22","atum_locations":[],"atum_stock_status":"instock","restock_status":false,"low_stock_amount":"","sales_update_date":"2026-02-06T00:01:52","calc_backorders":null,"_links":{"self":[{"href":"https:\/\/aromasentia.com\/da\/wp-json\/wp\/v2\/product\/200828","targetHints":{"allow":["GET"]}}],"collection":[{"href":"https:\/\/aromasentia.com\/da\/wp-json\/wp\/v2\/product"}],"about":[{"href":"https:\/\/aromasentia.com\/da\/wp-json\/wp\/v2\/types\/product"}],"replies":[{"embeddable":true,"href":"https:\/\/aromasentia.com\/da\/wp-json\/wp\/v2\/comments?post=200828"}],"version-history":[{"count":0,"href":"https:\/\/aromasentia.com\/da\/wp-json\/wp\/v2\/product\/200828\/revisions"}],"wp:featuredmedia":[{"embeddable":true,"href":"https:\/\/aromasentia.com\/da\/wp-json\/wp\/v2\/media\/276790"}],"wp:attachment":[{"href":"https:\/\/aromasentia.com\/da\/wp-json\/wp\/v2\/media?parent=200828"}],"wp:term":[{"taxonomy":"product_brand","embeddable":true,"href":"https:\/\/aromasentia.com\/da\/wp-json\/wp\/v2\/product_brand?post=200828"},{"taxonomy":"product_cat","embeddable":true,"href":"https:\/\/aromasentia.com\/da\/wp-json\/wp\/v2\/product_cat?post=200828"},{"taxonomy":"product_tag","embeddable":true,"href":"https:\/\/aromasentia.com\/da\/wp-json\/wp\/v2\/product_tag?post=200828"}],"curies":[{"name":"wp","href":"https:\/\/api.w.org\/{rel}","templated":true}]}}