{"id":200826,"date":"2025-03-20T16:25:36","date_gmt":"2025-03-20T16:25:36","guid":{"rendered":"https:\/\/aromasentia.com\/product\/oriental-musk-bath-dust-200g\/"},"modified":"2025-06-22T03:32:01","modified_gmt":"2025-06-22T03:32:01","slug":"orientalsk-moskus-badestoev-200-g","status":"publish","type":"product","link":"https:\/\/aromasentia.com\/da\/orientalsk-moskus-badestoev-200-g\/","title":{"rendered":"Orientalsk moskus-Badest\u00f8v 200 G"},"content":{"rendered":"<p>Fordyb dig i et eksotisk, sensuelt bad med Oriental Musk Bath Dust. Denne 200 g pose med velduftende pulver opl\u00f8ses for at frigive en rig, varm og mystisk moskusaroma, muligvis blandet med subtile krydderier eller ravnoter. Det skaber en dybt afslappende og overd\u00e5dig badeoplevelse, bl\u00f8dg\u00f8r vandet og efterlader din hud glat og forf\u00f8rende parfumeret. Den er perfekt til at slappe af og fork\u00e6le dine sanser, og den forvandler dit bad til en luksuri\u00f8s flugt til fjerne, mystiske lande.<\/p>\n","protected":false},"excerpt":{"rendered":"<p>Fordyb dig i et eksotisk, sensuelt bad med Oriental Musk Bath Dust. Denne 200 g pose med velduftende pulver opl\u00f8ses for at frigive en rig, varm og mystisk moskusaroma, muligvis blandet med subtile krydderier eller ravnoter. Det skaber en dybt afslappende og overd\u00e5dig badeoplevelse, bl\u00f8dg\u00f8r vandet og efterlader din hud glat og forf\u00f8rende parfumeret. Den [&hellip;]<\/p>\n","protected":false},"featured_media":277625,"comment_status":"closed","ping_status":"open","template":"","meta":{"_angie_page":false},"product_brand":[],"product_cat":[6994,7131],"product_tag":[],"class_list":{"0":"post-200826","1":"product","2":"type-product","3":"status-publish","4":"has-post-thumbnail","6":"product_cat-bad-og-bruser","7":"product_cat-badesalt","8":"pa_collection-bath-dust-190g-da","9":"pa_made-in-storbritannien","10":"pa_size-200g","12":"first","13":"instock","14":"purchasable","15":"product-type-simple"},"supplier_id":null,"supplier_sku":"BAS-29","barcode":null,"atum_controlled":true,"out_stock_date":null,"out_stock_threshold":null,"inheritable":false,"inbound_stock":null,"stock_on_hold":0,"sold_today":0,"sales_last_days":0,"reserved_stock":null,"customer_returns":null,"warehouse_damage":null,"lost_in_post":null,"other_logs":null,"out_stock_days":33,"lost_sales":0,"has_location":null,"update_date":"2026-04-27T06:53:55","atum_locations":[],"atum_stock_status":"instock","restock_status":false,"low_stock_amount":"","sales_update_date":"2026-01-20T05:14:46","calc_backorders":null,"_links":{"self":[{"href":"https:\/\/aromasentia.com\/da\/wp-json\/wp\/v2\/product\/200826","targetHints":{"allow":["GET"]}}],"collection":[{"href":"https:\/\/aromasentia.com\/da\/wp-json\/wp\/v2\/product"}],"about":[{"href":"https:\/\/aromasentia.com\/da\/wp-json\/wp\/v2\/types\/product"}],"replies":[{"embeddable":true,"href":"https:\/\/aromasentia.com\/da\/wp-json\/wp\/v2\/comments?post=200826"}],"version-history":[{"count":0,"href":"https:\/\/aromasentia.com\/da\/wp-json\/wp\/v2\/product\/200826\/revisions"}],"wp:featuredmedia":[{"embeddable":true,"href":"https:\/\/aromasentia.com\/da\/wp-json\/wp\/v2\/media\/277625"}],"wp:attachment":[{"href":"https:\/\/aromasentia.com\/da\/wp-json\/wp\/v2\/media?parent=200826"}],"wp:term":[{"taxonomy":"product_brand","embeddable":true,"href":"https:\/\/aromasentia.com\/da\/wp-json\/wp\/v2\/product_brand?post=200826"},{"taxonomy":"product_cat","embeddable":true,"href":"https:\/\/aromasentia.com\/da\/wp-json\/wp\/v2\/product_cat?post=200826"},{"taxonomy":"product_tag","embeddable":true,"href":"https:\/\/aromasentia.com\/da\/wp-json\/wp\/v2\/product_tag?post=200826"}],"curies":[{"name":"wp","href":"https:\/\/api.w.org\/{rel}","templated":true}]}}