{"id":200825,"date":"2025-03-20T16:25:36","date_gmt":"2025-03-20T16:25:36","guid":{"rendered":"https:\/\/aromasentia.com\/product\/raspberry-black-pepper-bath-dust-200g\/"},"modified":"2025-06-22T03:32:00","modified_gmt":"2025-06-22T03:32:00","slug":"raspberry-black-pepper-bath-dust-200g","status":"publish","type":"product","link":"https:\/\/aromasentia.com\/da\/raspberry-black-pepper-bath-dust-200g\/","title":{"rendered":"Raspberry &#038; Black Pepper Bath Dust 200g"},"content":{"rendered":"<h6><strong>Wholesale Raspberry &amp; Black Pepper Bath Dust 190g:&nbsp;<\/strong><\/h6>\n<p>Transformer almindelige bade til ekstraordin\u00e6re oplevelser med<strong>&nbsp;Ancient Wisdom Bath Dust.&nbsp;<\/strong>Infunderet med de lokkende dufte af modne<strong><span style=\"color: rgb(209, 72, 65);\">&nbsp;hindb\u00e6r<\/span><\/strong> og forfriskende<strong><span style=\"color: rgb(0, 0, 0);\">&nbsp;sort peber,<\/span><\/strong> tager denne luksuri\u00f8se blanding badet til et helt nyt niveau.<\/p>\n<p>Men det, der adskiller disse Bath Dust fra andre, er tils\u00e6tningen af <strong>Shea Butter<\/strong>, et naturligt vidunder for huden. N\u00e5r dine kunder dypper sig i det velduftende vand, ud\u00f8ver sheasm\u00f8rret sin magi og efterlader huden bl\u00f8d, fugtet og n\u00e6ret.<\/p>\n<p>Perfekt til butikker og spa-forhandlere, der \u00f8nsker at betage deres kunder med en helt unik og revitaliserende badefornemmelse. G\u00f8r dine kunders badetid til et \u00f8jeblik af ren lyksalighed.&nbsp;<\/p>\n<p><strong>Bestil i dag for at f\u00e5 dette must-have produkt p\u00e5 hylderne.<\/strong><\/p>\n","protected":false},"excerpt":{"rendered":"<p>Wholesale Raspberry &amp; Black Pepper Bath Dust 190g:&nbsp; Transformer almindelige bade til ekstraordin\u00e6re oplevelser med&nbsp;Ancient Wisdom Bath Dust.&nbsp;Infunderet med de lokkende dufte af modne&nbsp;hindb\u00e6r og forfriskende&nbsp;sort peber, tager denne luksuri\u00f8se blanding badet til et helt nyt niveau. Men det, der adskiller disse Bath Dust fra andre, er tils\u00e6tningen af Shea Butter, et naturligt vidunder for [&hellip;]<\/p>\n","protected":false},"featured_media":277592,"comment_status":"closed","ping_status":"open","template":"","meta":{"_angie_page":false},"product_brand":[],"product_cat":[6994,7131],"product_tag":[],"class_list":{"0":"post-200825","1":"product","2":"type-product","3":"status-publish","4":"has-post-thumbnail","6":"product_cat-bad-og-bruser","7":"product_cat-badesalt","8":"pa_collection-bath-dust-190g-da","9":"pa_made-in-storbritannien","10":"pa_size-200g","12":"first","13":"instock","14":"purchasable","15":"product-type-simple"},"supplier_id":null,"supplier_sku":"BAS-30","barcode":null,"atum_controlled":true,"out_stock_date":null,"out_stock_threshold":null,"inheritable":false,"inbound_stock":null,"stock_on_hold":0,"sold_today":0,"sales_last_days":0,"reserved_stock":null,"customer_returns":null,"warehouse_damage":null,"lost_in_post":null,"other_logs":null,"out_stock_days":0,"lost_sales":0,"has_location":null,"update_date":"2026-04-29T06:53:35","atum_locations":[],"atum_stock_status":"instock","restock_status":false,"low_stock_amount":"","sales_update_date":"2026-01-20T05:14:00","calc_backorders":null,"_links":{"self":[{"href":"https:\/\/aromasentia.com\/da\/wp-json\/wp\/v2\/product\/200825","targetHints":{"allow":["GET"]}}],"collection":[{"href":"https:\/\/aromasentia.com\/da\/wp-json\/wp\/v2\/product"}],"about":[{"href":"https:\/\/aromasentia.com\/da\/wp-json\/wp\/v2\/types\/product"}],"replies":[{"embeddable":true,"href":"https:\/\/aromasentia.com\/da\/wp-json\/wp\/v2\/comments?post=200825"}],"version-history":[{"count":0,"href":"https:\/\/aromasentia.com\/da\/wp-json\/wp\/v2\/product\/200825\/revisions"}],"wp:featuredmedia":[{"embeddable":true,"href":"https:\/\/aromasentia.com\/da\/wp-json\/wp\/v2\/media\/277592"}],"wp:attachment":[{"href":"https:\/\/aromasentia.com\/da\/wp-json\/wp\/v2\/media?parent=200825"}],"wp:term":[{"taxonomy":"product_brand","embeddable":true,"href":"https:\/\/aromasentia.com\/da\/wp-json\/wp\/v2\/product_brand?post=200825"},{"taxonomy":"product_cat","embeddable":true,"href":"https:\/\/aromasentia.com\/da\/wp-json\/wp\/v2\/product_cat?post=200825"},{"taxonomy":"product_tag","embeddable":true,"href":"https:\/\/aromasentia.com\/da\/wp-json\/wp\/v2\/product_tag?post=200825"}],"curies":[{"name":"wp","href":"https:\/\/api.w.org\/{rel}","templated":true}]}}