{"id":200822,"date":"2025-03-20T16:25:36","date_gmt":"2025-03-20T16:25:36","guid":{"rendered":"https:\/\/aromasentia.com\/product\/tutti-fruiti-bath-dust-200g\/"},"modified":"2025-06-22T03:31:59","modified_gmt":"2025-06-22T03:31:59","slug":"tutti-fruiti-badestoev-200g","status":"publish","type":"product","link":"https:\/\/aromasentia.com\/da\/tutti-fruiti-badestoev-200g\/","title":{"rendered":"Tutti Fruiti Badest\u00f8v 200g"},"content":{"rendered":"<p>Skab et livligt, frugtagtigt bad med Tutti Fruiti Bath Dust. Denne legesyge 200 g-pose bryder ud i et kalejdoskop af s\u00f8de, saftige frugtdufte, n\u00e5r den drysses i varmt vand. Forestil dig en l\u00e6kker blanding af dine yndlingsfrugter, som skaber en sjov, energigivende og opl\u00f8ftende badeoplevelse. Det bl\u00f8dg\u00f8r vandet og tilf\u00f8rer et udbrud af munter farve og aroma, s\u00e5 din hud f\u00f8les bl\u00f8d og dufter vidunderligt frugtagtigt. En perfekt m\u00e5de at tilf\u00f8je lidt legende overb\u00e6renhed til din selvplejerutine.<\/p>\n","protected":false},"excerpt":{"rendered":"<p>Skab et livligt, frugtagtigt bad med Tutti Fruiti Bath Dust. Denne legesyge 200 g-pose bryder ud i et kalejdoskop af s\u00f8de, saftige frugtdufte, n\u00e5r den drysses i varmt vand. Forestil dig en l\u00e6kker blanding af dine yndlingsfrugter, som skaber en sjov, energigivende og opl\u00f8ftende badeoplevelse. Det bl\u00f8dg\u00f8r vandet og tilf\u00f8rer et udbrud af munter farve [&hellip;]<\/p>\n","protected":false},"featured_media":277493,"comment_status":"closed","ping_status":"open","template":"","meta":{"_angie_page":false},"product_brand":[],"product_cat":[6994,7131],"product_tag":[],"class_list":{"0":"post-200822","1":"product","2":"type-product","3":"status-publish","4":"has-post-thumbnail","6":"product_cat-bad-og-bruser","7":"product_cat-badesalt","8":"pa_collection-bath-dust-190g-da","9":"pa_made-in-storbritannien","10":"pa_size-200g","12":"first","13":"instock","14":"purchasable","15":"product-type-simple"},"supplier_id":null,"supplier_sku":"BAS-33","barcode":null,"atum_controlled":true,"out_stock_date":null,"out_stock_threshold":null,"inheritable":false,"inbound_stock":null,"stock_on_hold":0,"sold_today":0,"sales_last_days":0,"reserved_stock":null,"customer_returns":null,"warehouse_damage":null,"lost_in_post":null,"other_logs":null,"out_stock_days":0,"lost_sales":0,"has_location":null,"update_date":"2026-04-27T06:53:55","atum_locations":[],"atum_stock_status":"instock","restock_status":false,"low_stock_amount":"","sales_update_date":"2025-10-09T03:25:40","calc_backorders":null,"_links":{"self":[{"href":"https:\/\/aromasentia.com\/da\/wp-json\/wp\/v2\/product\/200822","targetHints":{"allow":["GET"]}}],"collection":[{"href":"https:\/\/aromasentia.com\/da\/wp-json\/wp\/v2\/product"}],"about":[{"href":"https:\/\/aromasentia.com\/da\/wp-json\/wp\/v2\/types\/product"}],"replies":[{"embeddable":true,"href":"https:\/\/aromasentia.com\/da\/wp-json\/wp\/v2\/comments?post=200822"}],"version-history":[{"count":0,"href":"https:\/\/aromasentia.com\/da\/wp-json\/wp\/v2\/product\/200822\/revisions"}],"wp:featuredmedia":[{"embeddable":true,"href":"https:\/\/aromasentia.com\/da\/wp-json\/wp\/v2\/media\/277493"}],"wp:attachment":[{"href":"https:\/\/aromasentia.com\/da\/wp-json\/wp\/v2\/media?parent=200822"}],"wp:term":[{"taxonomy":"product_brand","embeddable":true,"href":"https:\/\/aromasentia.com\/da\/wp-json\/wp\/v2\/product_brand?post=200822"},{"taxonomy":"product_cat","embeddable":true,"href":"https:\/\/aromasentia.com\/da\/wp-json\/wp\/v2\/product_cat?post=200822"},{"taxonomy":"product_tag","embeddable":true,"href":"https:\/\/aromasentia.com\/da\/wp-json\/wp\/v2\/product_tag?post=200822"}],"curies":[{"name":"wp","href":"https:\/\/api.w.org\/{rel}","templated":true}]}}