{"id":200819,"date":"2025-03-20T16:27:39","date_gmt":"2025-03-20T16:27:39","guid":{"rendered":"https:\/\/aromasentia.com\/product\/very-berry-bath-dust-200g\/"},"modified":"2025-06-22T03:31:56","modified_gmt":"2025-06-22T03:31:56","slug":"very-berry-bath-dust-200g","status":"publish","type":"product","link":"https:\/\/aromasentia.com\/da\/very-berry-bath-dust-200g\/","title":{"rendered":"Very Berry Bath Dust 200g"},"content":{"rendered":"<p>Fordyb dig i en saftig eksplosion af frugtagtighed med Very Berry Bath Dust. Denne 200 g pose med velduftende brus frigiver en herlig blanding af s\u00f8de og syrlige b\u00e6raromaer, n\u00e5r den opl\u00f8ses i dit bad &#8211; t\u00e6nk p\u00e5 jordb\u00e6r, hindb\u00e6r, bl\u00e5b\u00e6r og meget mere. Det bl\u00f8dg\u00f8r vandet og skaber en livlig, munter badeoplevelse, s\u00e5 din hud f\u00f8les bl\u00f8d og dufter uimodst\u00e5eligt af sommerens b\u00e6rmarker. En perfekt gave til alle, der elsker b\u00e6r.<\/p>\n","protected":false},"excerpt":{"rendered":"<p>Fordyb dig i en saftig eksplosion af frugtagtighed med Very Berry Bath Dust. Denne 200 g pose med velduftende brus frigiver en herlig blanding af s\u00f8de og syrlige b\u00e6raromaer, n\u00e5r den opl\u00f8ses i dit bad &#8211; t\u00e6nk p\u00e5 jordb\u00e6r, hindb\u00e6r, bl\u00e5b\u00e6r og meget mere. Det bl\u00f8dg\u00f8r vandet og skaber en livlig, munter badeoplevelse, s\u00e5 din [&hellip;]<\/p>\n","protected":false},"featured_media":278244,"comment_status":"closed","ping_status":"open","template":"","meta":{"_angie_page":false},"product_brand":[],"product_cat":[6994,7131],"product_tag":[],"class_list":{"0":"post-200819","1":"product","2":"type-product","3":"status-publish","4":"has-post-thumbnail","6":"product_cat-bad-og-bruser","7":"product_cat-badesalt","8":"pa_collection-bath-dust-190g-da","9":"pa_made-in-storbritannien","10":"pa_size-200g","12":"first","13":"instock","14":"purchasable","15":"product-type-simple"},"supplier_id":null,"supplier_sku":"BAS-08","barcode":null,"atum_controlled":true,"out_stock_date":null,"out_stock_threshold":null,"inheritable":false,"inbound_stock":null,"stock_on_hold":0,"sold_today":0,"sales_last_days":0,"reserved_stock":null,"customer_returns":null,"warehouse_damage":null,"lost_in_post":null,"other_logs":null,"out_stock_days":17,"lost_sales":0,"has_location":null,"update_date":"2026-05-08T05:04:57","atum_locations":[],"atum_stock_status":"instock","restock_status":false,"low_stock_amount":"","sales_update_date":"2026-01-20T05:14:47","calc_backorders":null,"_links":{"self":[{"href":"https:\/\/aromasentia.com\/da\/wp-json\/wp\/v2\/product\/200819","targetHints":{"allow":["GET"]}}],"collection":[{"href":"https:\/\/aromasentia.com\/da\/wp-json\/wp\/v2\/product"}],"about":[{"href":"https:\/\/aromasentia.com\/da\/wp-json\/wp\/v2\/types\/product"}],"replies":[{"embeddable":true,"href":"https:\/\/aromasentia.com\/da\/wp-json\/wp\/v2\/comments?post=200819"}],"version-history":[{"count":0,"href":"https:\/\/aromasentia.com\/da\/wp-json\/wp\/v2\/product\/200819\/revisions"}],"wp:featuredmedia":[{"embeddable":true,"href":"https:\/\/aromasentia.com\/da\/wp-json\/wp\/v2\/media\/278244"}],"wp:attachment":[{"href":"https:\/\/aromasentia.com\/da\/wp-json\/wp\/v2\/media?parent=200819"}],"wp:term":[{"taxonomy":"product_brand","embeddable":true,"href":"https:\/\/aromasentia.com\/da\/wp-json\/wp\/v2\/product_brand?post=200819"},{"taxonomy":"product_cat","embeddable":true,"href":"https:\/\/aromasentia.com\/da\/wp-json\/wp\/v2\/product_cat?post=200819"},{"taxonomy":"product_tag","embeddable":true,"href":"https:\/\/aromasentia.com\/da\/wp-json\/wp\/v2\/product_tag?post=200819"}],"curies":[{"name":"wp","href":"https:\/\/api.w.org\/{rel}","templated":true}]}}