{"id":200813,"date":"2025-03-20T16:27:39","date_gmt":"2025-03-20T16:27:39","guid":{"rendered":"https:\/\/aromasentia.com\/product\/apple-pie-custard-bath-dust-200g\/"},"modified":"2025-06-22T03:31:54","modified_gmt":"2025-06-22T03:31:54","slug":"apple-pie-custard-bath-dust-200g","status":"publish","type":"product","link":"https:\/\/aromasentia.com\/da\/apple-pie-custard-bath-dust-200g\/","title":{"rendered":"Apple Pie &#038; Custard Bath Dust 200g"},"content":{"rendered":"<p>Fork\u00e6l dig selv med et behageligt, bageri-inspireret bad med Apple Pie &#038; Custard Bath Dust. Denne 200 g-pose opl\u00f8ses for at frigive den l\u00e6kre aroma af varme, bagte \u00e6bler, s\u00f8de kanelkrydderier og cremet vaniljecreme. Det forvandler dit bad til en hyggelig, nostalgisk oase, bl\u00f8dg\u00f8r vandet og efterlader din hud fork\u00e6let og duftende vidunderligt s\u00f8dt. En perfekt fork\u00e6lelse til en afslappende aften, der fremkalder den tr\u00f8stende essens af en hjemmelavet yndlingsdessert.<\/p>\n","protected":false},"excerpt":{"rendered":"<p>Fork\u00e6l dig selv med et behageligt, bageri-inspireret bad med Apple Pie &#038; Custard Bath Dust. Denne 200 g-pose opl\u00f8ses for at frigive den l\u00e6kre aroma af varme, bagte \u00e6bler, s\u00f8de kanelkrydderier og cremet vaniljecreme. Det forvandler dit bad til en hyggelig, nostalgisk oase, bl\u00f8dg\u00f8r vandet og efterlader din hud fork\u00e6let og duftende vidunderligt s\u00f8dt. En [&hellip;]<\/p>\n","protected":false},"featured_media":278046,"comment_status":"closed","ping_status":"open","template":"","meta":{"_angie_page":false},"product_brand":[],"product_cat":[26516,6994,7131,25839,26855],"product_tag":[],"class_list":{"0":"post-200813","1":"product","2":"type-product","3":"status-publish","4":"has-post-thumbnail","6":"product_cat-aebletaerte","7":"product_cat-bad-og-bruser","8":"product_cat-badesalt","9":"product_cat-dufte-aromaer","10":"product_cat-gourmand","11":"pa_collection-bath-dust-190g-da","12":"pa_made-in-storbritannien","13":"pa_size-200g","15":"first","16":"instock","17":"purchasable","18":"product-type-simple"},"supplier_id":null,"supplier_sku":"BAS-14","barcode":null,"atum_controlled":true,"out_stock_date":null,"out_stock_threshold":null,"inheritable":false,"inbound_stock":null,"stock_on_hold":0,"sold_today":0,"sales_last_days":0,"reserved_stock":null,"customer_returns":null,"warehouse_damage":null,"lost_in_post":null,"other_logs":null,"out_stock_days":0,"lost_sales":0,"has_location":null,"update_date":"2026-04-27T06:53:52","atum_locations":[],"atum_stock_status":"instock","restock_status":false,"low_stock_amount":"","sales_update_date":"2026-02-06T00:00:46","calc_backorders":null,"_links":{"self":[{"href":"https:\/\/aromasentia.com\/da\/wp-json\/wp\/v2\/product\/200813","targetHints":{"allow":["GET"]}}],"collection":[{"href":"https:\/\/aromasentia.com\/da\/wp-json\/wp\/v2\/product"}],"about":[{"href":"https:\/\/aromasentia.com\/da\/wp-json\/wp\/v2\/types\/product"}],"replies":[{"embeddable":true,"href":"https:\/\/aromasentia.com\/da\/wp-json\/wp\/v2\/comments?post=200813"}],"version-history":[{"count":0,"href":"https:\/\/aromasentia.com\/da\/wp-json\/wp\/v2\/product\/200813\/revisions"}],"wp:featuredmedia":[{"embeddable":true,"href":"https:\/\/aromasentia.com\/da\/wp-json\/wp\/v2\/media\/278046"}],"wp:attachment":[{"href":"https:\/\/aromasentia.com\/da\/wp-json\/wp\/v2\/media?parent=200813"}],"wp:term":[{"taxonomy":"product_brand","embeddable":true,"href":"https:\/\/aromasentia.com\/da\/wp-json\/wp\/v2\/product_brand?post=200813"},{"taxonomy":"product_cat","embeddable":true,"href":"https:\/\/aromasentia.com\/da\/wp-json\/wp\/v2\/product_cat?post=200813"},{"taxonomy":"product_tag","embeddable":true,"href":"https:\/\/aromasentia.com\/da\/wp-json\/wp\/v2\/product_tag?post=200813"}],"curies":[{"name":"wp","href":"https:\/\/api.w.org\/{rel}","templated":true}]}}