{"id":200811,"date":"2025-03-20T16:27:39","date_gmt":"2025-03-20T16:27:39","guid":{"rendered":"https:\/\/aromasentia.com\/product\/sweet-fennel-jojoba-bath-dust-200g\/"},"modified":"2025-06-22T03:31:53","modified_gmt":"2025-06-22T03:31:53","slug":"sweet-fennel-jojoba-bath-dust-200g","status":"publish","type":"product","link":"https:\/\/aromasentia.com\/da\/sweet-fennel-jojoba-bath-dust-200g\/","title":{"rendered":"Sweet Fennel &#038; Jojoba Bath Dust 200g"},"content":{"rendered":"<p>Oplev en unik aromatisk blanding med Sweet Fennel &#038; Jojoba Bath Dust. Denne 200 g-pose kombinerer den karakteristiske s\u00f8de, anislignende aroma af fennikel med de subtile, n\u00f8ddeagtige noter, der tyder p\u00e5 jojobas n\u00e6rende kvaliteter. N\u00e5r det opl\u00f8ses, skaber det en beroligende og sp\u00e6ndende badeoplevelse, bl\u00f8dg\u00f8r vandet og efterlader din hud med en f\u00f8lelse af fork\u00e6lelse. Den unikke duft afviger fra typiske badedufte og giver et beroligende og let urteagtigt, jordagtigt bad.<\/p>\n","protected":false},"excerpt":{"rendered":"<p>Oplev en unik aromatisk blanding med Sweet Fennel &#038; Jojoba Bath Dust. Denne 200 g-pose kombinerer den karakteristiske s\u00f8de, anislignende aroma af fennikel med de subtile, n\u00f8ddeagtige noter, der tyder p\u00e5 jojobas n\u00e6rende kvaliteter. N\u00e5r det opl\u00f8ses, skaber det en beroligende og sp\u00e6ndende badeoplevelse, bl\u00f8dg\u00f8r vandet og efterlader din hud med en f\u00f8lelse af fork\u00e6lelse. [&hellip;]<\/p>\n","protected":false},"featured_media":277980,"comment_status":"closed","ping_status":"open","template":"","meta":{"_angie_page":false},"product_brand":[],"product_cat":[6994,7131,25839,25946,26858],"product_tag":[],"class_list":{"0":"post-200811","1":"product","2":"type-product","3":"status-publish","4":"has-post-thumbnail","6":"product_cat-bad-og-bruser","7":"product_cat-badesalt","8":"product_cat-dufte-aromaer","9":"product_cat-fennikel","10":"product_cat-urte-aromatisk","11":"pa_collection-bath-dust-190g-da","12":"pa_made-in-storbritannien","13":"pa_size-200g","15":"first","16":"instock","17":"purchasable","18":"product-type-simple"},"supplier_id":null,"supplier_sku":"BAS-16","barcode":null,"atum_controlled":true,"out_stock_date":null,"out_stock_threshold":null,"inheritable":false,"inbound_stock":null,"stock_on_hold":0,"sold_today":0,"sales_last_days":0,"reserved_stock":null,"customer_returns":null,"warehouse_damage":null,"lost_in_post":null,"other_logs":null,"out_stock_days":0,"lost_sales":0,"has_location":null,"update_date":"2026-05-08T05:04:57","atum_locations":[],"atum_stock_status":"instock","restock_status":false,"low_stock_amount":"","sales_update_date":"2026-02-06T00:02:18","calc_backorders":null,"_links":{"self":[{"href":"https:\/\/aromasentia.com\/da\/wp-json\/wp\/v2\/product\/200811","targetHints":{"allow":["GET"]}}],"collection":[{"href":"https:\/\/aromasentia.com\/da\/wp-json\/wp\/v2\/product"}],"about":[{"href":"https:\/\/aromasentia.com\/da\/wp-json\/wp\/v2\/types\/product"}],"replies":[{"embeddable":true,"href":"https:\/\/aromasentia.com\/da\/wp-json\/wp\/v2\/comments?post=200811"}],"version-history":[{"count":0,"href":"https:\/\/aromasentia.com\/da\/wp-json\/wp\/v2\/product\/200811\/revisions"}],"wp:featuredmedia":[{"embeddable":true,"href":"https:\/\/aromasentia.com\/da\/wp-json\/wp\/v2\/media\/277980"}],"wp:attachment":[{"href":"https:\/\/aromasentia.com\/da\/wp-json\/wp\/v2\/media?parent=200811"}],"wp:term":[{"taxonomy":"product_brand","embeddable":true,"href":"https:\/\/aromasentia.com\/da\/wp-json\/wp\/v2\/product_brand?post=200811"},{"taxonomy":"product_cat","embeddable":true,"href":"https:\/\/aromasentia.com\/da\/wp-json\/wp\/v2\/product_cat?post=200811"},{"taxonomy":"product_tag","embeddable":true,"href":"https:\/\/aromasentia.com\/da\/wp-json\/wp\/v2\/product_tag?post=200811"}],"curies":[{"name":"wp","href":"https:\/\/api.w.org\/{rel}","templated":true}]}}