{"id":200810,"date":"2025-03-20T16:27:39","date_gmt":"2025-03-20T16:27:39","guid":{"rendered":"https:\/\/aromasentia.com\/product\/melon-bath-dust-200g\/"},"modified":"2025-06-22T03:31:52","modified_gmt":"2025-06-22T03:31:52","slug":"melon-bath-dust-200g","status":"publish","type":"product","link":"https:\/\/aromasentia.com\/da\/melon-bath-dust-200g\/","title":{"rendered":"melon Bath Dust 200g"},"content":{"rendered":"<p>Nyd et s\u00f8dt, sommerligt bad med Melon Bath Dust. Denne dejlige 200 g-pose frigiver den saftige, friske og subtilt s\u00f8de aroma af moden, saftig melon, n\u00e5r den bruser i dit bad. Det skaber en let, forfriskende og vidunderligt fugtgivende badeoplevelse, bl\u00f8dg\u00f8r vandet og efterlader din hud bl\u00f8d og delikat duftende. Perfekt som afk\u00f8lende behandling p\u00e5 en varm dag, eller n\u00e5r du har lyst til et strejf af let, frugtagtig s\u00f8dme i din selvplejerutine.<\/p>\n","protected":false},"excerpt":{"rendered":"<p>Nyd et s\u00f8dt, sommerligt bad med Melon Bath Dust. Denne dejlige 200 g-pose frigiver den saftige, friske og subtilt s\u00f8de aroma af moden, saftig melon, n\u00e5r den bruser i dit bad. Det skaber en let, forfriskende og vidunderligt fugtgivende badeoplevelse, bl\u00f8dg\u00f8r vandet og efterlader din hud bl\u00f8d og delikat duftende. Perfekt som afk\u00f8lende behandling p\u00e5 [&hellip;]<\/p>\n","protected":false},"featured_media":277947,"comment_status":"closed","ping_status":"open","template":"","meta":{"_angie_page":false},"product_brand":[],"product_cat":[6994,7131,25839,26844,26456],"product_tag":[],"class_list":{"0":"post-200810","1":"product","2":"type-product","3":"status-publish","4":"has-post-thumbnail","6":"product_cat-bad-og-bruser","7":"product_cat-badesalt","8":"product_cat-dufte-aromaer","9":"product_cat-frugtagtig","10":"product_cat-melon","11":"pa_collection-bath-dust-190g-da","12":"pa_made-in-storbritannien","13":"pa_size-200g","15":"first","16":"instock","17":"purchasable","18":"product-type-simple"},"supplier_id":null,"supplier_sku":"BAS-17","barcode":null,"atum_controlled":true,"out_stock_date":null,"out_stock_threshold":null,"inheritable":false,"inbound_stock":null,"stock_on_hold":0,"sold_today":0,"sales_last_days":0,"reserved_stock":null,"customer_returns":null,"warehouse_damage":null,"lost_in_post":null,"other_logs":null,"out_stock_days":0,"lost_sales":0,"has_location":null,"update_date":"2026-05-08T05:04:57","atum_locations":[],"atum_stock_status":"instock","restock_status":false,"low_stock_amount":"","sales_update_date":"2025-10-09T03:25:35","calc_backorders":null,"_links":{"self":[{"href":"https:\/\/aromasentia.com\/da\/wp-json\/wp\/v2\/product\/200810","targetHints":{"allow":["GET"]}}],"collection":[{"href":"https:\/\/aromasentia.com\/da\/wp-json\/wp\/v2\/product"}],"about":[{"href":"https:\/\/aromasentia.com\/da\/wp-json\/wp\/v2\/types\/product"}],"replies":[{"embeddable":true,"href":"https:\/\/aromasentia.com\/da\/wp-json\/wp\/v2\/comments?post=200810"}],"version-history":[{"count":0,"href":"https:\/\/aromasentia.com\/da\/wp-json\/wp\/v2\/product\/200810\/revisions"}],"wp:featuredmedia":[{"embeddable":true,"href":"https:\/\/aromasentia.com\/da\/wp-json\/wp\/v2\/media\/277947"}],"wp:attachment":[{"href":"https:\/\/aromasentia.com\/da\/wp-json\/wp\/v2\/media?parent=200810"}],"wp:term":[{"taxonomy":"product_brand","embeddable":true,"href":"https:\/\/aromasentia.com\/da\/wp-json\/wp\/v2\/product_brand?post=200810"},{"taxonomy":"product_cat","embeddable":true,"href":"https:\/\/aromasentia.com\/da\/wp-json\/wp\/v2\/product_cat?post=200810"},{"taxonomy":"product_tag","embeddable":true,"href":"https:\/\/aromasentia.com\/da\/wp-json\/wp\/v2\/product_tag?post=200810"}],"curies":[{"name":"wp","href":"https:\/\/api.w.org\/{rel}","templated":true}]}}