{"id":200809,"date":"2025-03-20T16:27:39","date_gmt":"2025-03-20T16:27:39","guid":{"rendered":"https:\/\/aromasentia.com\/product\/lemon-eucalyptus-bath-dust-200g\/"},"modified":"2025-06-22T03:31:52","modified_gmt":"2025-06-22T03:31:52","slug":"citron-eukalyptus-badestoev-200-g","status":"publish","type":"product","link":"https:\/\/aromasentia.com\/da\/citron-eukalyptus-badestoev-200-g\/","title":{"rendered":"Citron-Eukalyptus-Badest\u00f8v 200 G"},"content":{"rendered":"<p>Opfrisk og rens dine sanser med Lemon Eucalyptus Bath Dust. Denne forfriskende 200 g-pose kombinerer den lyse citronskal med de st\u00e6rke, kamferagtige noter fra eukalyptus, hvilket skaber en kraftigt rensende og opl\u00f8ftende aroma. N\u00e5r den opl\u00f8ses, hj\u00e6lper den med at rense n\u00e6sepassagerne og give nyt liv til et tr\u00e6t sind. Den bl\u00f8dg\u00f8r vandet, mens dens kraftige duft giver en terapeutisk og forfriskende badeoplevelse, perfekt n\u00e5r du har brug for et naturligt boost eller lindring af luftvejene.<\/p>\n","protected":false},"excerpt":{"rendered":"<p>Opfrisk og rens dine sanser med Lemon Eucalyptus Bath Dust. Denne forfriskende 200 g-pose kombinerer den lyse citronskal med de st\u00e6rke, kamferagtige noter fra eukalyptus, hvilket skaber en kraftigt rensende og opl\u00f8ftende aroma. N\u00e5r den opl\u00f8ses, hj\u00e6lper den med at rense n\u00e6sepassagerne og give nyt liv til et tr\u00e6t sind. Den bl\u00f8dg\u00f8r vandet, mens dens [&hellip;]<\/p>\n","protected":false},"featured_media":277914,"comment_status":"closed","ping_status":"open","template":"","meta":{"_angie_page":false},"product_brand":[],"product_cat":[6994,7131,25958,26816,25839,25945,26865],"product_tag":[],"class_list":{"0":"post-200809","1":"product","2":"type-product","3":"status-publish","4":"has-post-thumbnail","6":"product_cat-bad-og-bruser","7":"product_cat-badesalt","8":"product_cat-citron","9":"product_cat-citrus","10":"product_cat-dufte-aromaer","11":"product_cat-eukalyptus","12":"product_cat-medicinsk-kamferagtig","13":"pa_collection-bath-dust-190g-da","14":"pa_made-in-storbritannien","15":"pa_size-200g","17":"first","18":"instock","19":"purchasable","20":"product-type-simple"},"supplier_id":null,"supplier_sku":"BAS-18","barcode":null,"atum_controlled":true,"out_stock_date":null,"out_stock_threshold":null,"inheritable":false,"inbound_stock":null,"stock_on_hold":0,"sold_today":0,"sales_last_days":0,"reserved_stock":null,"customer_returns":null,"warehouse_damage":null,"lost_in_post":null,"other_logs":null,"out_stock_days":0,"lost_sales":0,"has_location":null,"update_date":"2026-05-08T05:04:57","atum_locations":[],"atum_stock_status":"instock","restock_status":false,"low_stock_amount":"","sales_update_date":"2026-02-06T00:00:46","calc_backorders":null,"_links":{"self":[{"href":"https:\/\/aromasentia.com\/da\/wp-json\/wp\/v2\/product\/200809","targetHints":{"allow":["GET"]}}],"collection":[{"href":"https:\/\/aromasentia.com\/da\/wp-json\/wp\/v2\/product"}],"about":[{"href":"https:\/\/aromasentia.com\/da\/wp-json\/wp\/v2\/types\/product"}],"replies":[{"embeddable":true,"href":"https:\/\/aromasentia.com\/da\/wp-json\/wp\/v2\/comments?post=200809"}],"version-history":[{"count":0,"href":"https:\/\/aromasentia.com\/da\/wp-json\/wp\/v2\/product\/200809\/revisions"}],"wp:featuredmedia":[{"embeddable":true,"href":"https:\/\/aromasentia.com\/da\/wp-json\/wp\/v2\/media\/277914"}],"wp:attachment":[{"href":"https:\/\/aromasentia.com\/da\/wp-json\/wp\/v2\/media?parent=200809"}],"wp:term":[{"taxonomy":"product_brand","embeddable":true,"href":"https:\/\/aromasentia.com\/da\/wp-json\/wp\/v2\/product_brand?post=200809"},{"taxonomy":"product_cat","embeddable":true,"href":"https:\/\/aromasentia.com\/da\/wp-json\/wp\/v2\/product_cat?post=200809"},{"taxonomy":"product_tag","embeddable":true,"href":"https:\/\/aromasentia.com\/da\/wp-json\/wp\/v2\/product_tag?post=200809"}],"curies":[{"name":"wp","href":"https:\/\/api.w.org\/{rel}","templated":true}]}}