{"id":200808,"date":"2025-03-20T16:27:39","date_gmt":"2025-03-20T16:27:39","guid":{"rendered":"https:\/\/aromasentia.com\/product\/hawaiian-mango-bath-dust-200g\/"},"modified":"2025-06-22T03:31:51","modified_gmt":"2025-06-22T03:31:51","slug":"hawaiian-mango-bath-dust-200g","status":"publish","type":"product","link":"https:\/\/aromasentia.com\/da\/hawaiian-mango-bath-dust-200g\/","title":{"rendered":"Hawaiian Mango Bath Dust 200g"},"content":{"rendered":"<p>Tag til et tropisk paradis med Hawaiian Mango Bath Dust. Denne livlige pose p\u00e5 200 g sprudler i dit bad og frigiver den eksotiske, saftige og utroligt s\u00f8de aroma af modne hawaiianske mangoer. Det forvandler dit badekar til en velduftende \u00f8-ferie, bl\u00f8dg\u00f8r vandet og efterlader din hud forfrisket og l\u00e6kkert duftende. Fordyb dig i denne l\u00e6kre, frugtagtige duft for at f\u00e5 en opl\u00f8ftende og overb\u00e6rende badeoplevelse, der sender dine sanser til solrige kyster.<\/p>\n","protected":false},"excerpt":{"rendered":"<p>Tag til et tropisk paradis med Hawaiian Mango Bath Dust. Denne livlige pose p\u00e5 200 g sprudler i dit bad og frigiver den eksotiske, saftige og utroligt s\u00f8de aroma af modne hawaiianske mangoer. Det forvandler dit badekar til en velduftende \u00f8-ferie, bl\u00f8dg\u00f8r vandet og efterlader din hud forfrisket og l\u00e6kkert duftende. Fordyb dig i denne [&hellip;]<\/p>\n","protected":false},"featured_media":277881,"comment_status":"closed","ping_status":"open","template":"","meta":{"_angie_page":false},"product_brand":[],"product_cat":[6994,7131],"product_tag":[],"class_list":{"0":"post-200808","1":"product","2":"type-product","3":"status-publish","4":"has-post-thumbnail","6":"product_cat-bad-og-bruser","7":"product_cat-badesalt","8":"pa_collection-bath-dust-190g-da","9":"pa_made-in-storbritannien","10":"pa_size-200g","12":"first","13":"instock","14":"purchasable","15":"product-type-simple"},"supplier_id":null,"supplier_sku":"BAS-19","barcode":null,"atum_controlled":true,"out_stock_date":null,"out_stock_threshold":null,"inheritable":false,"inbound_stock":null,"stock_on_hold":0,"sold_today":0,"sales_last_days":0,"reserved_stock":null,"customer_returns":null,"warehouse_damage":null,"lost_in_post":null,"other_logs":null,"out_stock_days":0,"lost_sales":0,"has_location":null,"update_date":"2026-05-08T05:04:57","atum_locations":[],"atum_stock_status":"instock","restock_status":false,"low_stock_amount":"","sales_update_date":"2026-01-30T01:24:59","calc_backorders":null,"_links":{"self":[{"href":"https:\/\/aromasentia.com\/da\/wp-json\/wp\/v2\/product\/200808","targetHints":{"allow":["GET"]}}],"collection":[{"href":"https:\/\/aromasentia.com\/da\/wp-json\/wp\/v2\/product"}],"about":[{"href":"https:\/\/aromasentia.com\/da\/wp-json\/wp\/v2\/types\/product"}],"replies":[{"embeddable":true,"href":"https:\/\/aromasentia.com\/da\/wp-json\/wp\/v2\/comments?post=200808"}],"version-history":[{"count":0,"href":"https:\/\/aromasentia.com\/da\/wp-json\/wp\/v2\/product\/200808\/revisions"}],"wp:featuredmedia":[{"embeddable":true,"href":"https:\/\/aromasentia.com\/da\/wp-json\/wp\/v2\/media\/277881"}],"wp:attachment":[{"href":"https:\/\/aromasentia.com\/da\/wp-json\/wp\/v2\/media?parent=200808"}],"wp:term":[{"taxonomy":"product_brand","embeddable":true,"href":"https:\/\/aromasentia.com\/da\/wp-json\/wp\/v2\/product_brand?post=200808"},{"taxonomy":"product_cat","embeddable":true,"href":"https:\/\/aromasentia.com\/da\/wp-json\/wp\/v2\/product_cat?post=200808"},{"taxonomy":"product_tag","embeddable":true,"href":"https:\/\/aromasentia.com\/da\/wp-json\/wp\/v2\/product_tag?post=200808"}],"curies":[{"name":"wp","href":"https:\/\/api.w.org\/{rel}","templated":true}]}}