{"id":200805,"date":"2025-03-20T16:27:39","date_gmt":"2025-03-20T16:27:39","guid":{"rendered":"https:\/\/aromasentia.com\/product\/cranberry-bath-dust-200g\/"},"modified":"2025-06-22T03:31:50","modified_gmt":"2025-06-22T03:31:50","slug":"tranebaer-badestoev-200-g","status":"publish","type":"product","link":"https:\/\/aromasentia.com\/da\/tranebaer-badestoev-200-g\/","title":{"rendered":"Traneb\u00e6r-Badest\u00f8v 200 G"},"content":{"rendered":"<p>Oplev et festligt, frugtagtigt bad med Cranberry Bath Dust. Denne 200 g-pose frigiver den syrlige, saftige og let s\u00f8de aroma af modne traneb\u00e6r, n\u00e5r den bruser i dit badevand. Det skaber en forfriskende og opkvikkende badeoplevelse, der er perfekt til at v\u00e6kke sanserne eller nyde et strejf af \u00e5rstidens gl\u00e6de. St\u00f8vet bl\u00f8dg\u00f8r vandet, s\u00e5 din hud f\u00f8les glat og subtilt parfumeret med den lyse, rene duft af traneb\u00e6r, hvilket g\u00f8r dit bad til en livlig forn\u00f8jelse.<\/p>\n","protected":false},"excerpt":{"rendered":"<p>Oplev et festligt, frugtagtigt bad med Cranberry Bath Dust. Denne 200 g-pose frigiver den syrlige, saftige og let s\u00f8de aroma af modne traneb\u00e6r, n\u00e5r den bruser i dit badevand. Det skaber en forfriskende og opkvikkende badeoplevelse, der er perfekt til at v\u00e6kke sanserne eller nyde et strejf af \u00e5rstidens gl\u00e6de. St\u00f8vet bl\u00f8dg\u00f8r vandet, s\u00e5 din [&hellip;]<\/p>\n","protected":false},"featured_media":277782,"comment_status":"closed","ping_status":"open","template":"","meta":{"_angie_page":false},"product_brand":[],"product_cat":[6994,7131],"product_tag":[],"class_list":{"0":"post-200805","1":"product","2":"type-product","3":"status-publish","4":"has-post-thumbnail","6":"product_cat-bad-og-bruser","7":"product_cat-badesalt","8":"pa_collection-bath-dust-190g-da","9":"pa_made-in-storbritannien","10":"pa_size-200g","12":"first","13":"instock","14":"purchasable","15":"product-type-simple"},"supplier_id":null,"supplier_sku":"BAS-24","barcode":null,"atum_controlled":true,"out_stock_date":null,"out_stock_threshold":null,"inheritable":false,"inbound_stock":null,"stock_on_hold":0,"sold_today":0,"sales_last_days":0,"reserved_stock":null,"customer_returns":null,"warehouse_damage":null,"lost_in_post":null,"other_logs":null,"out_stock_days":81,"lost_sales":0,"has_location":null,"update_date":"2026-05-08T05:04:57","atum_locations":[],"atum_stock_status":"instock","restock_status":false,"low_stock_amount":"","sales_update_date":"2026-01-20T05:14:47","calc_backorders":null,"_links":{"self":[{"href":"https:\/\/aromasentia.com\/da\/wp-json\/wp\/v2\/product\/200805","targetHints":{"allow":["GET"]}}],"collection":[{"href":"https:\/\/aromasentia.com\/da\/wp-json\/wp\/v2\/product"}],"about":[{"href":"https:\/\/aromasentia.com\/da\/wp-json\/wp\/v2\/types\/product"}],"replies":[{"embeddable":true,"href":"https:\/\/aromasentia.com\/da\/wp-json\/wp\/v2\/comments?post=200805"}],"version-history":[{"count":0,"href":"https:\/\/aromasentia.com\/da\/wp-json\/wp\/v2\/product\/200805\/revisions"}],"wp:featuredmedia":[{"embeddable":true,"href":"https:\/\/aromasentia.com\/da\/wp-json\/wp\/v2\/media\/277782"}],"wp:attachment":[{"href":"https:\/\/aromasentia.com\/da\/wp-json\/wp\/v2\/media?parent=200805"}],"wp:term":[{"taxonomy":"product_brand","embeddable":true,"href":"https:\/\/aromasentia.com\/da\/wp-json\/wp\/v2\/product_brand?post=200805"},{"taxonomy":"product_cat","embeddable":true,"href":"https:\/\/aromasentia.com\/da\/wp-json\/wp\/v2\/product_cat?post=200805"},{"taxonomy":"product_tag","embeddable":true,"href":"https:\/\/aromasentia.com\/da\/wp-json\/wp\/v2\/product_tag?post=200805"}],"curies":[{"name":"wp","href":"https:\/\/api.w.org\/{rel}","templated":true}]}}