{"id":200804,"date":"2025-03-20T16:27:39","date_gmt":"2025-03-20T16:27:39","guid":{"rendered":"https:\/\/aromasentia.com\/product\/bubblegum-bath-dust-200g\/"},"modified":"2025-06-22T03:31:50","modified_gmt":"2025-06-22T03:31:50","slug":"bubblegum-bath-dust-200g","status":"publish","type":"product","link":"https:\/\/aromasentia.com\/da\/bubblegum-bath-dust-200g\/","title":{"rendered":"Bubblegum Bath Dust 200g"},"content":{"rendered":"<p>Tag en sjov, nostalgisk dukkert med Bubblegum Bath Dust. Denne livlige 200 g-pose bringer barndomsminder tilbage med sin umiskendelige s\u00f8de, frugtagtige og legende tyggegummi-duft. N\u00e5r det bruser og opl\u00f8ses, forvandler det dit bad til en farverig, velduftende flugt, bl\u00f8dg\u00f8r vandet og efterlader din hud med en l\u00e6kker, s\u00f8d duft. Perfekt til en sjov og opl\u00f8ftende badeoplevelse, der helt sikkert vil bringe et smil p\u00e5 l\u00e6ben og et strejf af lunefuldhed ind i din dag.<\/p>\n","protected":false},"excerpt":{"rendered":"<p>Tag en sjov, nostalgisk dukkert med Bubblegum Bath Dust. Denne livlige 200 g-pose bringer barndomsminder tilbage med sin umiskendelige s\u00f8de, frugtagtige og legende tyggegummi-duft. N\u00e5r det bruser og opl\u00f8ses, forvandler det dit bad til en farverig, velduftende flugt, bl\u00f8dg\u00f8r vandet og efterlader din hud med en l\u00e6kker, s\u00f8d duft. Perfekt til en sjov og opl\u00f8ftende [&hellip;]<\/p>\n","protected":false},"featured_media":277749,"comment_status":"closed","ping_status":"open","template":"","meta":{"_angie_page":false},"product_brand":[],"product_cat":[6994,7131],"product_tag":[],"class_list":{"0":"post-200804","1":"product","2":"type-product","3":"status-publish","4":"has-post-thumbnail","6":"product_cat-bad-og-bruser","7":"product_cat-badesalt","8":"pa_collection-bath-dust-190g-da","9":"pa_made-in-storbritannien","10":"pa_size-200g","12":"first","13":"instock","14":"purchasable","15":"product-type-simple"},"supplier_id":null,"supplier_sku":"BAS-25","barcode":null,"atum_controlled":true,"out_stock_date":null,"out_stock_threshold":null,"inheritable":false,"inbound_stock":null,"stock_on_hold":0,"sold_today":0,"sales_last_days":0,"reserved_stock":null,"customer_returns":null,"warehouse_damage":null,"lost_in_post":null,"other_logs":null,"out_stock_days":51,"lost_sales":0,"has_location":null,"update_date":"2026-05-08T05:04:57","atum_locations":[],"atum_stock_status":"instock","restock_status":false,"low_stock_amount":"","sales_update_date":"2026-02-06T00:01:02","calc_backorders":null,"_links":{"self":[{"href":"https:\/\/aromasentia.com\/da\/wp-json\/wp\/v2\/product\/200804","targetHints":{"allow":["GET"]}}],"collection":[{"href":"https:\/\/aromasentia.com\/da\/wp-json\/wp\/v2\/product"}],"about":[{"href":"https:\/\/aromasentia.com\/da\/wp-json\/wp\/v2\/types\/product"}],"replies":[{"embeddable":true,"href":"https:\/\/aromasentia.com\/da\/wp-json\/wp\/v2\/comments?post=200804"}],"version-history":[{"count":0,"href":"https:\/\/aromasentia.com\/da\/wp-json\/wp\/v2\/product\/200804\/revisions"}],"wp:featuredmedia":[{"embeddable":true,"href":"https:\/\/aromasentia.com\/da\/wp-json\/wp\/v2\/media\/277749"}],"wp:attachment":[{"href":"https:\/\/aromasentia.com\/da\/wp-json\/wp\/v2\/media?parent=200804"}],"wp:term":[{"taxonomy":"product_brand","embeddable":true,"href":"https:\/\/aromasentia.com\/da\/wp-json\/wp\/v2\/product_brand?post=200804"},{"taxonomy":"product_cat","embeddable":true,"href":"https:\/\/aromasentia.com\/da\/wp-json\/wp\/v2\/product_cat?post=200804"},{"taxonomy":"product_tag","embeddable":true,"href":"https:\/\/aromasentia.com\/da\/wp-json\/wp\/v2\/product_tag?post=200804"}],"curies":[{"name":"wp","href":"https:\/\/api.w.org\/{rel}","templated":true}]}}