{"id":200803,"date":"2025-03-20T16:27:39","date_gmt":"2025-03-20T16:27:39","guid":{"rendered":"https:\/\/aromasentia.com\/product\/cherry-bath-dust-200g\/"},"modified":"2025-06-22T03:31:49","modified_gmt":"2025-06-22T03:31:49","slug":"kirsebaer-badestoev-200-g","status":"publish","type":"product","link":"https:\/\/aromasentia.com\/da\/kirsebaer-badestoev-200-g\/","title":{"rendered":"Kirseb\u00e6r-Badest\u00f8v 200 G"},"content":{"rendered":"<p>Nyd en eksplosion af frugtagtig gl\u00e6de med Cherry Bath Dust. Denne legesyge pose p\u00e5 200 g sprudler og opl\u00f8ses i dit bad og frigiver den s\u00f8de, saftige og let syrlige aroma af modne kirseb\u00e6r. Det bl\u00f8dg\u00f8r vandet og giver din baderutine et sjovt og livligt strejf, s\u00e5 din hud f\u00f8les bl\u00f8d og dufter uimodst\u00e5eligt frugtagtigt. En perfekt fork\u00e6lelse for dem, der elsker en klassisk, munter frugtduft, og som forvandler et almindeligt bad til en l\u00e6kkert duftende flugt.<\/p>\n","protected":false},"excerpt":{"rendered":"<p>Nyd en eksplosion af frugtagtig gl\u00e6de med Cherry Bath Dust. Denne legesyge pose p\u00e5 200 g sprudler og opl\u00f8ses i dit bad og frigiver den s\u00f8de, saftige og let syrlige aroma af modne kirseb\u00e6r. Det bl\u00f8dg\u00f8r vandet og giver din baderutine et sjovt og livligt strejf, s\u00e5 din hud f\u00f8les bl\u00f8d og dufter uimodst\u00e5eligt frugtagtigt. [&hellip;]<\/p>\n","protected":false},"featured_media":277716,"comment_status":"closed","ping_status":"open","template":"","meta":{"_angie_page":false},"product_brand":[],"product_cat":[6994,7131],"product_tag":[],"class_list":{"0":"post-200803","1":"product","2":"type-product","3":"status-publish","4":"has-post-thumbnail","6":"product_cat-bad-og-bruser","7":"product_cat-badesalt","8":"pa_collection-bath-dust-190g-da","9":"pa_made-in-storbritannien","10":"pa_size-200g","12":"first","13":"instock","14":"purchasable","15":"product-type-simple"},"supplier_id":null,"supplier_sku":"BAS-26","barcode":null,"atum_controlled":true,"out_stock_date":null,"out_stock_threshold":null,"inheritable":false,"inbound_stock":null,"stock_on_hold":0,"sold_today":0,"sales_last_days":0,"reserved_stock":null,"customer_returns":null,"warehouse_damage":null,"lost_in_post":null,"other_logs":null,"out_stock_days":0,"lost_sales":0,"has_location":null,"update_date":"2026-05-08T05:04:58","atum_locations":[],"atum_stock_status":"instock","restock_status":false,"low_stock_amount":"","sales_update_date":"2025-10-09T03:25:40","calc_backorders":null,"_links":{"self":[{"href":"https:\/\/aromasentia.com\/da\/wp-json\/wp\/v2\/product\/200803","targetHints":{"allow":["GET"]}}],"collection":[{"href":"https:\/\/aromasentia.com\/da\/wp-json\/wp\/v2\/product"}],"about":[{"href":"https:\/\/aromasentia.com\/da\/wp-json\/wp\/v2\/types\/product"}],"replies":[{"embeddable":true,"href":"https:\/\/aromasentia.com\/da\/wp-json\/wp\/v2\/comments?post=200803"}],"version-history":[{"count":0,"href":"https:\/\/aromasentia.com\/da\/wp-json\/wp\/v2\/product\/200803\/revisions"}],"wp:featuredmedia":[{"embeddable":true,"href":"https:\/\/aromasentia.com\/da\/wp-json\/wp\/v2\/media\/277716"}],"wp:attachment":[{"href":"https:\/\/aromasentia.com\/da\/wp-json\/wp\/v2\/media?parent=200803"}],"wp:term":[{"taxonomy":"product_brand","embeddable":true,"href":"https:\/\/aromasentia.com\/da\/wp-json\/wp\/v2\/product_brand?post=200803"},{"taxonomy":"product_cat","embeddable":true,"href":"https:\/\/aromasentia.com\/da\/wp-json\/wp\/v2\/product_cat?post=200803"},{"taxonomy":"product_tag","embeddable":true,"href":"https:\/\/aromasentia.com\/da\/wp-json\/wp\/v2\/product_tag?post=200803"}],"curies":[{"name":"wp","href":"https:\/\/api.w.org\/{rel}","templated":true}]}}